{"id":19893,"date":"2025-01-30T12:58:55","date_gmt":"2025-01-30T11:58:55","guid":{"rendered":"https:\/\/www.nevadomarbella.com\/?page_id=19893"},"modified":"2025-02-10T12:54:58","modified_gmt":"2025-02-10T11:54:58","slug":"jose-naranjo-marketing-dans-nevado-realty","status":"publish","type":"page","link":"https:\/\/www.nevadomarbella.com\/fr\/jose-naranjo-marketing-dans-nevado-realty","title":{"rendered":"Jos\u00e9 Naranjo"},"content":{"rendered":"\n<div class=\"wp-block-group has-global-padding is-layout-constrained wp-block-group-is-layout-constrained\" style=\"margin-top:0\">\n<h1 class=\"wp-block-heading has-text-align-left\" style=\"font-style:normal;font-weight:700\">Jos\u00e9 Naranjo<\/h1>\n<\/div>\n\n\n\n<section class=\"wp-block-group alignfull jaleo-herobox-group wide right has-shell-background-color has-background is-layout-flow wp-block-group-is-layout-flow\" style=\"margin-top:var(--wp--preset--spacing--50);margin-bottom:var(--wp--preset--spacing--60);padding-right:var(--wp--preset--spacing--50);padding-left:var(--wp--preset--spacing--50)\">\n<div class=\"wp-block-columns alignwide are-vertically-aligned-center jaleo-herobox-columns is-layout-flex wp-container-core-columns-is-layout-2e289adc wp-block-columns-is-layout-flex\" style=\"padding-top:0;padding-right:0;padding-bottom:0;padding-left:0\">\n<div class=\"wp-block-column is-vertically-aligned-center jaleo-herobox-column is-layout-flow wp-block-column-is-layout-flow\" style=\"flex-basis:50%\">\n<figure class=\"wp-block-image size-full jaleo-herobox-image wp-duotone-unset-1\" id=\"buyers-guide\"><img decoding=\"async\" width=\"750\" height=\"1000\" src=\"https:\/\/www.nevadomarbella.com\/wp-content\/uploads\/2025\/01\/jose-copia-1.webp\" alt=\"Jos\u00e9 Naranjo, responsable de marketing\" class=\"wp-image-19686\" style=\"aspect-ratio:3\/4;object-fit:contain\"\/><\/figure>\n<\/div>\n\n\n\n<div class=\"wp-block-column is-vertically-aligned-center jaleo-herobox-content is-layout-flow wp-block-column-is-layout-flow\" style=\"padding-right:0;flex-basis:50%\">\n<div class=\"wp-block-group has-global-padding is-content-justification-right is-layout-constrained wp-container-core-group-is-layout-d74be48a wp-block-group-is-layout-constrained\" style=\"margin-top:0;margin-bottom:0;padding-top:0;padding-right:var(--wp--preset--spacing--30);padding-left:var(--wp--preset--spacing--30)\">\n<h3 class=\"wp-block-heading\" style=\"margin-bottom:var(--wp--preset--spacing--40);font-style:normal;font-weight:400;text-transform:uppercase\">\u00ab\u00a0l&rsquo;\u00e9quilibre entre La culture et la technologie nous aide \u00e0 construire un monde plus innovant et plus conscient\u00a0\u00bb<\/h3>\n\n\n\n<p>Jos\u00e9 Naranjo est un passionn\u00e9 de technologie et de marketing, toujours \u00e0 l&rsquo;aff\u00fbt des derni\u00e8res tendances pour innover et trouver de nouvelles techniques afin de contribuer \u00e0 l&rsquo;am\u00e9lioration de Nevado Realty.<\/p>\n\n\n\n<p>Son amour pour la culture, qui va de la litt\u00e9rature et du cin\u00e9ma aux s\u00e9ries et \u00e0 la musique, enrichit sa perspective cr\u00e9ative et professionnelle.<\/p>\n\n\n\n<p>Il aime profiter d&rsquo;une bonne conversation dans un restaurant en compagnie de ses amis et de sa famille, appr\u00e9ciant ces moments de connexion authentique. Sa plus grande joie depuis 2024 est sa fille, qui a transform\u00e9 sa vie et l&rsquo;inspire chaque jour \u00e0 donner le meilleur de lui-m\u00eame.<\/p>\n<\/div>\n<\/div>\n<\/div>\n<\/section>\n","protected":false},"excerpt":{"rendered":"<p>Jos\u00e9 Naranjo \u00ab\u00a0l&rsquo;\u00e9quilibre entre La culture et la technologie nous aide \u00e0 construire un monde plus innovant et plus conscient\u00a0\u00bb Jos\u00e9 Naranjo est un passionn\u00e9 de technologie et de marketing, toujours \u00e0 l&rsquo;aff\u00fbt des derni\u00e8res tendances pour innover et trouver de nouvelles techniques afin de contribuer \u00e0 l&rsquo;am\u00e9lioration de Nevado Realty. Son amour pour la [&hellip;]<\/p>\n","protected":false},"author":3,"featured_media":0,"parent":0,"menu_order":6,"comment_status":"closed","ping_status":"closed","template":"solid-header","meta":{"_acf_changed":false,"footnotes":""},"class_list":["post-19893","page","type-page","status-publish","hentry"],"acf":[],"_links":{"self":[{"href":"https:\/\/www.nevadomarbella.com\/fr\/wp-json\/wp\/v2\/pages\/19893","targetHints":{"allow":["GET"]}}],"collection":[{"href":"https:\/\/www.nevadomarbella.com\/fr\/wp-json\/wp\/v2\/pages"}],"about":[{"href":"https:\/\/www.nevadomarbella.com\/fr\/wp-json\/wp\/v2\/types\/page"}],"author":[{"embeddable":true,"href":"https:\/\/www.nevadomarbella.com\/fr\/wp-json\/wp\/v2\/users\/3"}],"replies":[{"embeddable":true,"href":"https:\/\/www.nevadomarbella.com\/fr\/wp-json\/wp\/v2\/comments?post=19893"}],"version-history":[{"count":1,"href":"https:\/\/www.nevadomarbella.com\/fr\/wp-json\/wp\/v2\/pages\/19893\/revisions"}],"predecessor-version":[{"id":19942,"href":"https:\/\/www.nevadomarbella.com\/fr\/wp-json\/wp\/v2\/pages\/19893\/revisions\/19942"}],"wp:attachment":[{"href":"https:\/\/www.nevadomarbella.com\/fr\/wp-json\/wp\/v2\/media?parent=19893"}],"curies":[{"name":"wp","href":"https:\/\/api.w.org\/{rel}","templated":true}]}}