{"id":19859,"date":"2025-01-27T17:53:03","date_gmt":"2025-01-27T16:53:03","guid":{"rendered":"https:\/\/www.nevadomarbella.com\/?page_id=19859"},"modified":"2025-01-27T17:53:03","modified_gmt":"2025-01-27T16:53:03","slug":"loreto-lerones-agent-commercial-nevado-realty","status":"publish","type":"page","link":"https:\/\/www.nevadomarbella.com\/fr\/loreto-lerones-agent-commercial-nevado-realty","title":{"rendered":"Loreto Lerones"},"content":{"rendered":"\n<div class=\"wp-block-group has-global-padding is-layout-constrained wp-block-group-is-layout-constrained\" style=\"margin-top:0\">\n<h1 class=\"wp-block-heading has-text-align-left\" style=\"font-style:normal;font-weight:700\">Loreto Lerones<\/h1>\n<\/div>\n\n\n\n<section class=\"wp-block-group alignfull jaleo-herobox-group wide right has-shell-background-color has-background is-layout-flow wp-block-group-is-layout-flow\" style=\"margin-top:var(--wp--preset--spacing--50);margin-bottom:var(--wp--preset--spacing--60);padding-right:var(--wp--preset--spacing--50);padding-left:var(--wp--preset--spacing--50)\">\n<div class=\"wp-block-columns alignwide are-vertically-aligned-center jaleo-herobox-columns is-layout-flex wp-container-core-columns-is-layout-2e289adc wp-block-columns-is-layout-flex\" style=\"padding-top:0;padding-right:0;padding-bottom:0;padding-left:0\">\n<div class=\"wp-block-column is-vertically-aligned-center jaleo-herobox-column is-layout-flow wp-block-column-is-layout-flow\" style=\"flex-basis:50%\">\n<figure class=\"wp-block-image size-full jaleo-herobox-image wp-duotone-unset-1\" id=\"buyers-guide\"><img decoding=\"async\" width=\"750\" height=\"1000\" src=\"https:\/\/www.nevadomarbella.com\/wp-content\/uploads\/2025\/01\/loreto-copia.webp\" alt=\"Loreto Lerones, agente de ventas y alquiler en Nevado Realty\" class=\"wp-image-19661\" style=\"aspect-ratio:3\/4;object-fit:contain\"\/><\/figure>\n<\/div>\n\n\n\n<div class=\"wp-block-column is-vertically-aligned-center jaleo-herobox-content is-layout-flow wp-block-column-is-layout-flow\" style=\"padding-right:0;flex-basis:50%\">\n<div class=\"wp-block-group has-global-padding is-content-justification-right is-layout-constrained wp-container-core-group-is-layout-d74be48a wp-block-group-is-layout-constrained\" style=\"margin-top:0;margin-bottom:0;padding-top:0;padding-right:var(--wp--preset--spacing--30);padding-left:var(--wp--preset--spacing--30)\">\n<h2 class=\"wp-block-heading\" style=\"margin-bottom:var(--wp--preset--spacing--40);font-style:normal;font-weight:400;text-transform:uppercase\">\u00ab\u00a0rendre les clients heureux me rend heureux\u00a0\u00bb<\/h2>\n\n\n\n<p>Dipl\u00f4m\u00e9e en publicit\u00e9 et relations publiques de l&rsquo;universit\u00e9 de Malaga, Loreto applique les techniques de marketing au secteur immobilier.<\/p>\n\n\n\n<p>Elle est la derni\u00e8re arriv\u00e9e dans l&rsquo;\u00e9quipe de Nevado Realty, mais sa capacit\u00e9 de travail et son engagement lui ont permis de devenir un \u00e9l\u00e9ment essentiel de l&rsquo;\u00e9quipe en un temps record. Son sourire permanent et sa bonne humeur \u00e9gayent le travail quotidien au bureau.<\/p>\n\n\n\n<p>\u00a0\u00bb Je pense avoir trouv\u00e9 le travail id\u00e9al, car ce que j&rsquo;aime le plus, c&rsquo;est interagir avec les autres, et dans cette profession, j&rsquo;ai l&rsquo;occasion d&rsquo;interagir quotidiennement, ce que j&rsquo;aime et ce qui me pla\u00eet. En outre, je consid\u00e8re qu&rsquo;il est essentiel d&rsquo;\u00eatre proche des gens et de traiter avec eux dans chaque interaction \u00ab\u00a0.<\/p>\n<\/div>\n<\/div>\n<\/div>\n<\/section>\n","protected":false},"excerpt":{"rendered":"<p>Loreto Lerones \u00ab\u00a0rendre les clients heureux me rend heureux\u00a0\u00bb Dipl\u00f4m\u00e9e en publicit\u00e9 et relations publiques de l&rsquo;universit\u00e9 de Malaga, Loreto applique les techniques de marketing au secteur immobilier. Elle est la derni\u00e8re arriv\u00e9e dans l&rsquo;\u00e9quipe de Nevado Realty, mais sa capacit\u00e9 de travail et son engagement lui ont permis de devenir un \u00e9l\u00e9ment essentiel de [&hellip;]<\/p>\n","protected":false},"author":3,"featured_media":0,"parent":0,"menu_order":6,"comment_status":"closed","ping_status":"closed","template":"solid-header","meta":{"_acf_changed":false,"footnotes":""},"class_list":["post-19859","page","type-page","status-publish","hentry"],"acf":[],"_links":{"self":[{"href":"https:\/\/www.nevadomarbella.com\/fr\/wp-json\/wp\/v2\/pages\/19859","targetHints":{"allow":["GET"]}}],"collection":[{"href":"https:\/\/www.nevadomarbella.com\/fr\/wp-json\/wp\/v2\/pages"}],"about":[{"href":"https:\/\/www.nevadomarbella.com\/fr\/wp-json\/wp\/v2\/types\/page"}],"author":[{"embeddable":true,"href":"https:\/\/www.nevadomarbella.com\/fr\/wp-json\/wp\/v2\/users\/3"}],"replies":[{"embeddable":true,"href":"https:\/\/www.nevadomarbella.com\/fr\/wp-json\/wp\/v2\/comments?post=19859"}],"version-history":[{"count":1,"href":"https:\/\/www.nevadomarbella.com\/fr\/wp-json\/wp\/v2\/pages\/19859\/revisions"}],"predecessor-version":[{"id":19861,"href":"https:\/\/www.nevadomarbella.com\/fr\/wp-json\/wp\/v2\/pages\/19859\/revisions\/19861"}],"wp:attachment":[{"href":"https:\/\/www.nevadomarbella.com\/fr\/wp-json\/wp\/v2\/media?parent=19859"}],"curies":[{"name":"wp","href":"https:\/\/api.w.org\/{rel}","templated":true}]}}