{"id":19851,"date":"2025-01-27T17:42:49","date_gmt":"2025-01-27T16:42:49","guid":{"rendered":"https:\/\/www.nevadomarbella.com\/?page_id=19851"},"modified":"2025-01-30T13:14:08","modified_gmt":"2025-01-30T12:14:08","slug":"maria-torres-sales-agent-commercial-realty","status":"publish","type":"page","link":"https:\/\/www.nevadomarbella.com\/fr\/maria-torres-sales-agent-commercial-realty","title":{"rendered":"Mar\u00eda Torres"},"content":{"rendered":"\n<div class=\"wp-block-group has-global-padding is-layout-constrained wp-block-group-is-layout-constrained\" style=\"margin-top:0\">\n<h1 class=\"wp-block-heading has-text-align-left\" style=\"font-style:normal;font-weight:700\">Mar\u00eda Torres<\/h1>\n<\/div>\n\n\n\n<section class=\"wp-block-group alignfull jaleo-herobox-group wide right has-shell-background-color has-background is-layout-flow wp-block-group-is-layout-flow\" style=\"margin-top:var(--wp--preset--spacing--50);margin-bottom:var(--wp--preset--spacing--60);padding-right:var(--wp--preset--spacing--50);padding-left:var(--wp--preset--spacing--50)\">\n<div class=\"wp-block-columns alignwide are-vertically-aligned-center jaleo-herobox-columns is-layout-flex wp-container-core-columns-is-layout-2e289adc wp-block-columns-is-layout-flex\" style=\"padding-top:0;padding-right:0;padding-bottom:0;padding-left:0\">\n<div class=\"wp-block-column is-vertically-aligned-center jaleo-herobox-column is-layout-flow wp-block-column-is-layout-flow\" style=\"flex-basis:50%\">\n<figure class=\"wp-block-image size-full jaleo-herobox-image wp-duotone-unset-1\" id=\"buyers-guide\"><img decoding=\"async\" width=\"1200\" height=\"1500\" src=\"https:\/\/www.nevadomarbella.com\/wp-content\/uploads\/2025\/01\/maria-torres-agente-ventas-nevado-realty-marbella-copia.webp\" alt=\"\" class=\"wp-image-19836\" style=\"aspect-ratio:3\/4;object-fit:contain\"\/><\/figure>\n<\/div>\n\n\n\n<div class=\"wp-block-column is-vertically-aligned-center jaleo-herobox-content is-layout-flow wp-block-column-is-layout-flow\" style=\"padding-right:0;flex-basis:50%\">\n<div class=\"wp-block-group has-global-padding is-content-justification-right is-layout-constrained wp-container-core-group-is-layout-d74be48a wp-block-group-is-layout-constrained\" style=\"margin-top:0;margin-bottom:0;padding-top:0;padding-right:var(--wp--preset--spacing--30);padding-left:var(--wp--preset--spacing--30)\">\n<h2 class=\"wp-block-heading\" style=\"margin-bottom:var(--wp--preset--spacing--40);font-style:normal;font-weight:400;text-transform:uppercase\">\u00ab\u00a0Je suis passionn\u00e9 par l&rsquo;immobilier\u00a0\u00bb<\/h2>\n\n\n\n<p>Maria est la plus jeune membre de l&rsquo;\u00e9quipe de Nevado Realty, enthousiaste dans toutes ses t\u00e2ches et tr\u00e8s proactive. Son emploi pr\u00e9c\u00e9dent dans un club de golf lui a permis d&rsquo;acqu\u00e9rir l&rsquo;exp\u00e9rience n\u00e9cessaire dans les relations avec les clients. Finalement, Maria a d\u00e9cid\u00e9 de faire le saut dans le secteur de l&rsquo;immobilier, o\u00f9 elle s&rsquo;est int\u00e9gr\u00e9e avec succ\u00e8s, devenant un membre tr\u00e8s important de Nevado Realty.<\/p>\n\n\n\n<p>Le professionnalisme dont elle fait preuve dans son travail lui a permis de progresser tr\u00e8s rapidement et d&rsquo;apprendre \u00e0 pas de g\u00e9ant. Maria apporte de nouvelles id\u00e9es pour que Nevado Realty continue \u00e0 se d\u00e9velopper avec la force des nouvelles g\u00e9n\u00e9rations.<\/p>\n\n\n\n<p>Avec sa grande amabilit\u00e9 et sa ma\u00eetrise des langues (en plus de l&rsquo;espagnol, elle parle couramment l&rsquo;anglais et le fran\u00e7ais), elle s&rsquo;occupe de clients de presque toutes les nationalit\u00e9s, qui finissent tous par \u00eatre ravis d&rsquo;elle !<\/p>\n<\/div>\n<\/div>\n<\/div>\n<\/section>\n","protected":false},"excerpt":{"rendered":"<p>Mar\u00eda Torres \u00ab\u00a0Je suis passionn\u00e9 par l&rsquo;immobilier\u00a0\u00bb Maria est la plus jeune membre de l&rsquo;\u00e9quipe de Nevado Realty, enthousiaste dans toutes ses t\u00e2ches et tr\u00e8s proactive. Son emploi pr\u00e9c\u00e9dent dans un club de golf lui a permis d&rsquo;acqu\u00e9rir l&rsquo;exp\u00e9rience n\u00e9cessaire dans les relations avec les clients. Finalement, Maria a d\u00e9cid\u00e9 de faire le saut dans [&hellip;]<\/p>\n","protected":false},"author":3,"featured_media":0,"parent":0,"menu_order":6,"comment_status":"closed","ping_status":"closed","template":"solid-header","meta":{"_acf_changed":false,"footnotes":""},"class_list":["post-19851","page","type-page","status-publish","hentry"],"acf":[],"_links":{"self":[{"href":"https:\/\/www.nevadomarbella.com\/fr\/wp-json\/wp\/v2\/pages\/19851","targetHints":{"allow":["GET"]}}],"collection":[{"href":"https:\/\/www.nevadomarbella.com\/fr\/wp-json\/wp\/v2\/pages"}],"about":[{"href":"https:\/\/www.nevadomarbella.com\/fr\/wp-json\/wp\/v2\/types\/page"}],"author":[{"embeddable":true,"href":"https:\/\/www.nevadomarbella.com\/fr\/wp-json\/wp\/v2\/users\/3"}],"replies":[{"embeddable":true,"href":"https:\/\/www.nevadomarbella.com\/fr\/wp-json\/wp\/v2\/comments?post=19851"}],"version-history":[{"count":1,"href":"https:\/\/www.nevadomarbella.com\/fr\/wp-json\/wp\/v2\/pages\/19851\/revisions"}],"predecessor-version":[{"id":19906,"href":"https:\/\/www.nevadomarbella.com\/fr\/wp-json\/wp\/v2\/pages\/19851\/revisions\/19906"}],"wp:attachment":[{"href":"https:\/\/www.nevadomarbella.com\/fr\/wp-json\/wp\/v2\/media?parent=19851"}],"curies":[{"name":"wp","href":"https:\/\/api.w.org\/{rel}","templated":true}]}}