{"id":19812,"date":"2025-01-24T16:45:24","date_gmt":"2025-01-24T15:45:24","guid":{"rendered":"https:\/\/www.nevadomarbella.com\/?page_id=19812"},"modified":"2025-02-10T12:44:39","modified_gmt":"2025-02-10T11:44:39","slug":"gines-garcia-morillo-pdg-nevado-realty","status":"publish","type":"page","link":"https:\/\/www.nevadomarbella.com\/fr\/gines-garcia-morillo-pdg-nevado-realty","title":{"rendered":"Gin\u00e9s Garc\u00eda"},"content":{"rendered":"\n<div class=\"wp-block-group has-global-padding is-layout-constrained wp-block-group-is-layout-constrained\" style=\"margin-top:0\">\n<h1 class=\"wp-block-heading has-text-align-left\" style=\"font-style:normal;font-weight:700\">Gin\u00e9s Garc\u00eda<\/h1>\n<\/div>\n\n\n\n<section class=\"wp-block-group alignfull jaleo-herobox-group wide right has-shell-background-color has-background is-layout-flow wp-block-group-is-layout-flow\" style=\"margin-top:var(--wp--preset--spacing--50);margin-bottom:var(--wp--preset--spacing--60);padding-right:var(--wp--preset--spacing--50);padding-left:var(--wp--preset--spacing--50)\">\n<div class=\"wp-block-columns alignwide are-vertically-aligned-center jaleo-herobox-columns is-layout-flex wp-container-core-columns-is-layout-2e289adc wp-block-columns-is-layout-flex\" style=\"padding-top:0;padding-right:0;padding-bottom:0;padding-left:0\">\n<div class=\"wp-block-column is-vertically-aligned-center jaleo-herobox-column is-layout-flow wp-block-column-is-layout-flow\" style=\"flex-basis:50%\">\n<figure class=\"wp-block-image size-full jaleo-herobox-image wp-duotone-unset-1\" id=\"buyers-guide\"><img decoding=\"async\" width=\"750\" height=\"1000\" src=\"https:\/\/www.nevadomarbella.com\/wp-content\/uploads\/2025\/01\/gines-copia.webp\" alt=\"\" class=\"wp-image-19690\" style=\"aspect-ratio:3\/4;object-fit:cover\"\/><\/figure>\n<\/div>\n\n\n\n<div class=\"wp-block-column is-vertically-aligned-center jaleo-herobox-content is-layout-flow wp-block-column-is-layout-flow\" style=\"padding-right:0;flex-basis:50%\">\n<div class=\"wp-block-group has-global-padding is-content-justification-right is-layout-constrained wp-container-core-group-is-layout-d74be48a wp-block-group-is-layout-constrained\" style=\"margin-top:0;margin-bottom:0;padding-top:0;padding-right:var(--wp--preset--spacing--30);padding-left:var(--wp--preset--spacing--30)\">\n<h2 class=\"wp-block-heading\" style=\"margin-bottom:var(--wp--preset--spacing--40);font-style:normal;font-weight:400;text-transform:uppercase\">\u00ab\u00a0Le travail, la famille, le sport et une vie active sont ma motivation\u00a0\u00bb<\/h2>\n\n\n\n<p>La vie de Gin\u00e9s Garc\u00eda est un mouvement constant. Dot\u00e9 d&rsquo;une \u00e9nergie enviable, Gin\u00e9s est un homme aux multiples facettes qui, outre trois d\u00e9cennies consacr\u00e9es au secteur immobilier, a construit sa vie autour de quatre piliers fondamentaux : le travail, la famille, le sport et la vie active.<\/p>\n\n\n\n<p>Sa passion ne se limite pas au travail. Le sport, en particulier le tennis, le ski et la voile, fait partie int\u00e9grante de sa vie quotidienne. Ces activit\u00e9s, en plus de le maintain en forme, lui permettent de profiter de la nature et de se d\u00e9tendre.<\/p>\n\n\n\n<p>Cependant, rien ne lui apporte plus de satisfaction que de passer du temps avec ses deux enfants, qui sont sa plus grande motivation et sa raison d&rsquo;\u00eatre.<\/p>\n<\/div>\n<\/div>\n<\/div>\n<\/section>\n","protected":false},"excerpt":{"rendered":"<p>Gin\u00e9s Garc\u00eda \u00ab\u00a0Le travail, la famille, le sport et une vie active sont ma motivation\u00a0\u00bb La vie de Gin\u00e9s Garc\u00eda est un mouvement constant. Dot\u00e9 d&rsquo;une \u00e9nergie enviable, Gin\u00e9s est un homme aux multiples facettes qui, outre trois d\u00e9cennies consacr\u00e9es au secteur immobilier, a construit sa vie autour de quatre piliers fondamentaux : le travail, [&hellip;]<\/p>\n","protected":false},"author":3,"featured_media":0,"parent":0,"menu_order":6,"comment_status":"closed","ping_status":"closed","template":"solid-header","meta":{"_acf_changed":false,"footnotes":""},"class_list":["post-19812","page","type-page","status-publish","hentry"],"acf":[],"_links":{"self":[{"href":"https:\/\/www.nevadomarbella.com\/fr\/wp-json\/wp\/v2\/pages\/19812","targetHints":{"allow":["GET"]}}],"collection":[{"href":"https:\/\/www.nevadomarbella.com\/fr\/wp-json\/wp\/v2\/pages"}],"about":[{"href":"https:\/\/www.nevadomarbella.com\/fr\/wp-json\/wp\/v2\/types\/page"}],"author":[{"embeddable":true,"href":"https:\/\/www.nevadomarbella.com\/fr\/wp-json\/wp\/v2\/users\/3"}],"replies":[{"embeddable":true,"href":"https:\/\/www.nevadomarbella.com\/fr\/wp-json\/wp\/v2\/comments?post=19812"}],"version-history":[{"count":1,"href":"https:\/\/www.nevadomarbella.com\/fr\/wp-json\/wp\/v2\/pages\/19812\/revisions"}],"predecessor-version":[{"id":19935,"href":"https:\/\/www.nevadomarbella.com\/fr\/wp-json\/wp\/v2\/pages\/19812\/revisions\/19935"}],"wp:attachment":[{"href":"https:\/\/www.nevadomarbella.com\/fr\/wp-json\/wp\/v2\/media?parent=19812"}],"curies":[{"name":"wp","href":"https:\/\/api.w.org\/{rel}","templated":true}]}}