{"id":16920,"date":"2024-08-20T18:22:37","date_gmt":"2024-08-20T16:22:37","guid":{"rendered":"https:\/\/www.nevadomarbella.com\/contact-nevado-realty-marbella"},"modified":"2024-11-14T12:20:56","modified_gmt":"2024-11-14T11:20:56","slug":"contactez-nevado-realty-marbella","status":"publish","type":"page","link":"https:\/\/www.nevadomarbella.com\/fr\/contactez-nevado-realty-marbella","title":{"rendered":"Contactez Nevado Realty"},"content":{"rendered":"\n<div class=\"wp-block-group has-global-padding is-layout-constrained wp-block-group-is-layout-constrained\" style=\"margin-bottom:var(--wp--preset--spacing--50)\">\n<h1 class=\"wp-block-heading has-text-align-left\">CONTACTEZ <strong>NEVADO REALTY<\/strong><\/h1>\n\n\n\n<h1 class=\"wp-block-heading has-text-align-left\">AGENCE IMMOBILI\u00c8RE \u00c0 MARBELLA<\/h1>\n\n\n\n<p style=\"padding-top:var(--wp--preset--spacing--30);padding-right:var(--wp--preset--spacing--30);padding-bottom:var(--wp--preset--spacing--30);padding-left:var(--wp--preset--spacing--30)\">Dites-nous comment nous pouvons vous aider. Nous disposons des <strong>ressources, de l&rsquo;exp\u00e9rience et des connaissances n\u00e9cessaires<\/strong> pour r\u00e9soudre tout probl\u00e8me li\u00e9 \u00e0 l&rsquo;achat, \u00e0 la vente ou \u00e0 l&rsquo;investissement dans des propri\u00e9t\u00e9s \u00e0 Marbella.<\/p>\n\n\n\n<p style=\"padding-top:0;padding-right:var(--wp--preset--spacing--30);padding-bottom:0;padding-left:var(--wp--preset--spacing--30)\">Vous pouvez nous appeler au <a href=\"tel:+34952825517\" data-type=\"tel\" data-id=\"tel:+34952825517\">+952 82 55 17<\/a>, nous envoyer un message <a href=\"https:\/\/api.whatsapp.com\/send\/?phone=34607779747&amp;text&amp;type=phone_number&amp;app_absent=0\" data-type=\"link\" data-id=\"https:\/\/api.whatsapp.com\/send\/?phone=34607779747&amp;text&amp;type=phone_number&amp;app_absent=0\" target=\"_blank\" rel=\"noopener\">Whatsapp<\/a> ou un <a href=\"mailto:info@nevadomarbella.com\" data-type=\"mailto\" data-id=\"mailto:info@nevadomarbella.com\">courriel<\/a>.<\/p>\n<\/div>\n\n\n\n<section class=\"wp-block-group alignfull jaleo-heromap has-global-padding is-layout-constrained wp-block-group-is-layout-constrained\" style=\"margin-top:0;margin-bottom:var(--wp--preset--spacing--50)\">\n<div class=\"wp-block-columns alignwide are-vertically-aligned-top is-layout-flex wp-container-core-columns-is-layout-28f84493 wp-block-columns-is-layout-flex\">\n<div class=\"wp-block-column is-vertically-aligned-top is-layout-flow wp-block-column-is-layout-flow\" style=\"flex-basis:50%\">\n<h2 class=\"wp-block-heading\" style=\"margin-top:0\">Contactez nevado realty<\/h2>\n\n\n<div id=\"wpb__style_container\" class=\"wpb__style_container wpb--container\"><form id=\"property_form\" class=\"wpb--property-form\" action=\"localhost\" method=\"POST\" data-contact=\"property_form\" data-lead-sent-ok=\"Votre message a \u00e9t\u00e9 envoy\u00e9.\" data-sitekey=\"6Lcu70ApAAAAALSclGERBvdFXlfg15po4zMqthx0\">\n\t<input type=\"hidden\" name=\"subject\" value=\"Contact \u00e0 partir de la propri\u00e9t\u00e9 \/fr\/wp-json\/wp\/v2\/pages\/16920\" \/>\n\t<input type=\"hidden\" name=\"g-recaptcha-response\" value=\"\" \/>\n\t<input type=\"hidden\" name=\"success\" value=\"\/fr\/thank-you-page\" \/> \n\t\t<input name=\"name\" type=\"text\" autocomplete=\"off\" placeholder=\"Nom complet\" required data-error=\"Nom complet Obligatoire \" \/>\n\t<input name=\"email\" type=\"email\" autocomplete=\"off\" placeholder=\"Adresse \u00e9lectronique \" required data-error=\"Courriel requis\" \/>\n\t<input name=\"intphone\" style=\"width: 100%\" type=\"tel\" autocomplete=\"off\" placeholder=\"T\u00e9l\u00e9phone\" data-error=\"Les num\u00e9ros de t\u00e9l\u00e9phone doivent comporter entre 8 et 20 chiffres.\" \/>\n\t<input name=\"source\" type=\"hidden\" value=\"https:\/\/www.nevadomarbella.com\/fr\/wp-json\/wp\/v2\/pages\/16920\"\/>\n\t\t<textarea name=\"comment\" rows=\"6\" placeholder=\"Tapez vos questions\"><\/textarea>\n\n\t<div class=\"wpb--custom-checkbox\">\n\t\t<input type=\"checkbox\" id=\"property_form-property_form-customCheck1\" name=\"privacy_policy\" required data-error=\"Champ obligatoire\" \/>\n\t\t<label for=\"property_form-property_form-customCheck1\">J'accepte la  <a href=\"https:\/\/www.nevadomarbella.com\/privacy\" target=\"_blank\">Politique de confidentialit\u00e9 <\/a><\/label>\n\t<\/div>\n\t<div class=\"wpb--custom-checkbox\">\n\t\t<input type=\"checkbox\" id=\"property_form-property_form-customCheck2\" name=\"commercial_information\" \/>\n\t\t<label for=\"property_form-property_form-customCheck2\">J'accepte de recevoir des informations par e-mail <\/label>\n\t<\/div>\n\t<button data-ids=\"property_form\" data-lang=\"\" class=\"btn wpb--formbutton g-recaptcha\" type=\"submit\"><span id=\"text-send\">Envoyer<\/span> <span id=\"spinner-send\"><\/span><\/button>\n\t<p id=\"result\" class=\"wpb--form-msg\"><\/p>\n<\/form>\n\t<script src=\"https:\/\/www.google.com\/recaptcha\/api.js?render=6Lcu70ApAAAAALSclGERBvdFXlfg15po4zMqthx0&hl=\"><\/script>\n\t<link rel=\"stylesheet\" href=\"https:\/\/cdn.jsdelivr.net\/npm\/intl-tel-input@23.0.10\/build\/css\/intlTelInput.css\">\n\t<script src=\"https:\/\/cdn.jsdelivr.net\/npm\/intl-tel-input@23.0.10\/build\/js\/intlTelInput.min.js\"><\/script>\n\t<script>\n\t\tconst input = document.querySelectorAll(\"[name=intphone]\");\n\t\tif (input.length) {\n\t\t\tlet initialCountry ;\n\t\t\tconst currentLang = document.querySelector(\"html\").getAttribute(\"lang\").split(\"-\")[0];\n\t\t\tswitch (currentLang) {\n\t\t\t\tcase \"en\" : \n\t\t\t\t\tinitialCountry = \"gb\";\n\t\t\t\t\tbreak;\n\t\t\t\tcase \"es\" : \n\t\t\t\t\tinitialCountry = \"es\";\n\t\t\t\t\tbreak;\n\t\t\t\tcase \"fr\":\n\t\t\t\t\tinitialCountry = \"fr\";\n\t\t\t\t\tbreak;\n\t\t\t\tdefault:\n\t\t\t\t\tinitialCountry = \"es\";\n\t\t\t\t\tbreak;\n\t\t\t}\n\t\t\tinput.forEach(function(item) {\n\t\t\t\twindow.intlTelInput(item, {\n\t\t\t\t\tutilsScript: \"https:\/\/cdn.jsdelivr.net\/npm\/intl-tel-input@23.0.10\/build\/js\/utils.js\",\n\t\t\t\t\tinitialCountry: initialCountry,\n\t\t\t\t\thiddenInput: () => ({ phone: \"phone\", country: \"country_code\" }),\n\t\t\t\t\tcountryOrder: [\"gb\", \"se\", \"es\", \"fr\", \"de\"],\n\t\t\t\t\tnationalMode: false,\n\t\t\t\t\tautoHideDialCode: false,\n\t\t\t\t\texcludeCountries: [\"none\"],\n\t\t\t\t\tseparateDialCode: true\n\t\t\t\t})\n\t\t\t});\n\t\t}\n\t<\/script>\n<\/div>\n<\/div>\n\n\n\n<div class=\"wp-block-column is-vertically-aligned-top is-layout-flow wp-block-column-is-layout-flow\" style=\"flex-basis:50%\">\t\t<div\n            id=\"wpmapblock_fab2f616\"\n            data-settings='{&quot;map_marker&quot;:[{&quot;id&quot;:&quot;0&quot;,&quot;lat&quot;:&quot;36.5081253&quot;,&quot;lng&quot;:&quot;-4.8993967&quot;,&quot;title&quot;:&quot;Nevado Marbella&quot;,&quot;content&quot;:&quot;&quot;,&quot;iconType&quot;:&quot;custom&quot;,&quot;customIconUrl&quot;:&quot;https:\\\/\\\/www.nevadomarbella.com\\\/wp-content\\\/uploads\\\/2024\\\/11\\\/nr-map-pin.png&quot;,&quot;customIconWidth&quot;:&quot;50&quot;,&quot;customIconHeight&quot;:&quot;50&quot;}],&quot;map_zoom&quot;:&quot;17&quot;,&quot;scroll_wheel_zoom&quot;:false,&quot;map_type&quot;:&quot;GM&quot;,&quot;center_index&quot;:0}'\n            class=\"wpmapblockrender\"\n            style=\"\n\t\t\twidth: 100%;\n\t\t\theight: 500px;\n\t\t\"\n            >\n        <\/div>\n        \n\n\n<p class=\"has-text-align-center has-ultrasmall-font-size\" style=\"margin-top:var(--wp--preset--spacing--20)\">Calle Camilo Jos\u00e9 Cela 18 | 29602 Marbella<\/p>\n<\/div>\n<\/div>\n<\/section>\n\n\n\n<div class=\"wp-block-group jaleo--container-75-center has-global-padding is-layout-constrained wp-block-group-is-layout-constrained\">\n<h3 class=\"wp-block-heading\">TROUVEZ-NOUS<\/h3>\n\n\n\n<p>Notre bureau est situ\u00e9 au niveau de la rue \u00e0 <strong>Camilo Jose Cela 18, Marbella<\/strong>, au coin d&rsquo;un b\u00e2timent symbolique (Cipreses del Mar) dans l&rsquo;une des meilleures zones du centre de Marbella. L&rsquo;acc\u00e8s est facile et un parking public se trouve juste devant l&rsquo;immeuble, au Centro Comercial Plaza del Mar. \u00c0 proximit\u00e9, vous trouverez la Tour de cuivre (\u00ab\u00a0El Pirul\u00ed\u00a0\u00bb), l&rsquo;h\u00f4tel Gran Meli\u00e1 Don Pepe et la promenade du front de mer de Marbella.<\/p>\n<\/div>\n","protected":false},"excerpt":{"rendered":"<p>CONTACTEZ NEVADO REALTY AGENCE IMMOBILI\u00c8RE \u00c0 MARBELLA Dites-nous comment nous pouvons vous aider. Nous disposons des ressources, de l&rsquo;exp\u00e9rience et des connaissances n\u00e9cessaires pour r\u00e9soudre tout probl\u00e8me li\u00e9 \u00e0 l&rsquo;achat, \u00e0 la vente ou \u00e0 l&rsquo;investissement dans des propri\u00e9t\u00e9s \u00e0 Marbella. Vous pouvez nous appeler au +952 82 55 17, nous envoyer un message Whatsapp [&hellip;]<\/p>\n","protected":false},"author":1,"featured_media":0,"parent":0,"menu_order":8,"comment_status":"closed","ping_status":"closed","template":"solid-header","meta":{"_acf_changed":false,"footnotes":""},"class_list":["post-16920","page","type-page","status-publish","hentry"],"acf":[],"_links":{"self":[{"href":"https:\/\/www.nevadomarbella.com\/fr\/wp-json\/wp\/v2\/pages\/16920","targetHints":{"allow":["GET"]}}],"collection":[{"href":"https:\/\/www.nevadomarbella.com\/fr\/wp-json\/wp\/v2\/pages"}],"about":[{"href":"https:\/\/www.nevadomarbella.com\/fr\/wp-json\/wp\/v2\/types\/page"}],"author":[{"embeddable":true,"href":"https:\/\/www.nevadomarbella.com\/fr\/wp-json\/wp\/v2\/users\/1"}],"replies":[{"embeddable":true,"href":"https:\/\/www.nevadomarbella.com\/fr\/wp-json\/wp\/v2\/comments?post=16920"}],"version-history":[{"count":1,"href":"https:\/\/www.nevadomarbella.com\/fr\/wp-json\/wp\/v2\/pages\/16920\/revisions"}],"predecessor-version":[{"id":19364,"href":"https:\/\/www.nevadomarbella.com\/fr\/wp-json\/wp\/v2\/pages\/16920\/revisions\/19364"}],"wp:attachment":[{"href":"https:\/\/www.nevadomarbella.com\/fr\/wp-json\/wp\/v2\/media?parent=16920"}],"curies":[{"name":"wp","href":"https:\/\/api.w.org\/{rel}","templated":true}]}}