{"id":16915,"date":"2024-08-27T18:44:46","date_gmt":"2024-08-27T16:44:46","guid":{"rendered":"https:\/\/www.nevadomarbella.com\/real-estate-advice-center"},"modified":"2025-01-22T15:12:41","modified_gmt":"2025-01-22T14:12:41","slug":"centre-de-conseils-immobilier","status":"publish","type":"page","link":"https:\/\/www.nevadomarbella.com\/fr\/centre-de-conseils-immobilier","title":{"rendered":"Centre de conseil immobilier"},"content":{"rendered":"\n<div class=\"wp-block-group has-global-padding is-layout-constrained wp-block-group-is-layout-constrained\" style=\"margin-top:0\">\n<h1 class=\"wp-block-heading has-text-align-left\" style=\"font-style:normal;font-weight:700\">CENTRE DE CONSEIL IMMOBILIER<\/h1>\n\n\n\n<p>Chez Nevado, nous savons que <strong>l&rsquo;achat, la vente ou la location<\/strong> d&rsquo;un bien immobilier est l&rsquo;une des <strong>d\u00e9cisions les plus importantes<\/strong> que vous puissiez prendre. C&rsquo;est la raison pour laquelle nous avons cr\u00e9\u00e9 l&rsquo;Espace Conseil Nevado &#8211; votre centre de r\u00e9f\u00e9rence pour des informations fiables et expertes sur l&rsquo;immobilier. Que vous achetiez pour la premi\u00e8re fois, que vous soyez un investisseur chevronn\u00e9 ou que vous exploriez simplement vos options, notre centre est con\u00e7u pour vous guider \u00e0 chaque \u00e9tape de votre parcours immobilier.<\/p>\n\n\n\n<p>Dans notre centre de conseils sur l&rsquo;immobilier, nous proposons des informations sur la vente, l&rsquo;achat, la location et la comparaison de biens immobiliers. Qu&rsquo;il s&rsquo;agisse de<strong> guides complets sur les zones r\u00e9sidentielles ou de conseils pratiques<\/strong> pour pr\u00e9parer votre maison \u00e0 la vente, notre objectif est de vous fournir les connaissances n\u00e9cessaires pour prendre des d\u00e9cisions intelligentes et \u00e9clair\u00e9es.<br><\/p>\n\n\n\n<div class=\"wp-block-buttons is-content-justification-left is-layout-flex wp-container-core-buttons-is-layout-f85521c7 wp-block-buttons-is-layout-flex\" style=\"margin-top:var(--wp--preset--spacing--30);margin-bottom:var(--wp--preset--spacing--30)\">\n<div class=\"wp-block-button is-style-outline is-style-outline--1\"><a class=\"wp-block-button__link wp-element-button\" href=\"\/fr\/15784-achateter-une-propriete-en-espagne.html\">GUIDE D&rsquo;ACHAT<\/a><\/div>\n\n\n\n<div class=\"wp-block-button is-style-outline is-style-outline--2\"><a class=\"wp-block-button__link wp-element-button\" href=\"\/fr\/10353-guide-de-la-vente-dune-propriete-a-marbella.html\">GUIDE DU VENDEUR<\/a><\/div>\n\n\n\n<div class=\"wp-block-button is-style-outline is-style-outline--3\"><a class=\"wp-block-button__link wp-element-button\" href=\"\/fr\/15780-gestion-inmobiliere-a-marbella-spain.html\">GUIDE DE LA GESTION LOCATIVE<\/a><\/div>\n\n\n\n<div class=\"wp-block-button is-style-outline is-style-outline--4\"><a class=\"wp-block-button__link wp-element-button\" href=\"\/fr\/cat\/guidez-de-zona\">GUIDES DE ZONE<\/a><\/div>\n\n\n\n<div class=\"wp-block-button is-style-outline is-style-outline--5\"><a class=\"wp-block-button__link wp-element-button\" href=\"\/fr\/blog-inmobilier\">Notre blog<\/a><\/div>\n<\/div>\n<\/div>\n\n\n\n<section class=\"wp-block-group alignfull jaleo-herobox-group wide right has-shell-background-color has-background is-layout-flow wp-block-group-is-layout-flow\" style=\"margin-top:var(--wp--preset--spacing--50);margin-bottom:var(--wp--preset--spacing--60);padding-right:var(--wp--preset--spacing--50);padding-left:var(--wp--preset--spacing--50)\">\n<div class=\"wp-block-columns alignwide are-vertically-aligned-center jaleo-herobox-columns is-layout-flex wp-container-core-columns-is-layout-2e289adc wp-block-columns-is-layout-flex\" style=\"padding-top:0;padding-right:0;padding-bottom:0;padding-left:0\">\n<div class=\"wp-block-column is-vertically-aligned-center jaleo-herobox-column is-layout-flow wp-block-column-is-layout-flow\" style=\"flex-basis:50%\">\n<figure class=\"wp-block-image size-full jaleo-herobox-image wp-duotone-unset-6\" id=\"buyers-guide\"><img decoding=\"async\" width=\"1080\" height=\"1080\" src=\"https:\/\/www.nevadomarbella.com\/wp-content\/uploads\/2025\/01\/pareja-que-compra-propiedad-en-espana.webp\" alt=\"couple achetant une propri\u00e9t\u00e9 en Espagne\" class=\"wp-image-19496\" style=\"aspect-ratio:1;object-fit:cover\"\/><\/figure>\n<\/div>\n\n\n\n<div class=\"wp-block-column is-vertically-aligned-center jaleo-herobox-content is-layout-flow wp-block-column-is-layout-flow\" style=\"padding-right:0;flex-basis:50%\">\n<div class=\"wp-block-group has-global-padding is-content-justification-right is-layout-constrained wp-container-core-group-is-layout-d74be48a wp-block-group-is-layout-constrained\" style=\"margin-top:0;margin-bottom:0;padding-top:0;padding-right:var(--wp--preset--spacing--30);padding-left:var(--wp--preset--spacing--30)\">\n<h2 class=\"wp-block-heading\" style=\"margin-bottom:var(--wp--preset--spacing--40);font-style:normal;font-weight:400;text-transform:uppercase\">GUIDE D&rsquo;ACHAT<\/h2>\n\n\n\n<h4 class=\"wp-block-heading\" style=\"margin-bottom:var(--wp--preset--spacing--40);font-style:normal;font-weight:400;text-transform:uppercase\">Essential Resource for Smart Property Purchases<\/h4>\n\n\n\n<p>Welcome to the Nevado buyers guide \u2013 the ultimate <strong>resource designed to help you navigate the complexities of purchasing a property with confidence and ease<\/strong>. Whether you\u2019re a first-time buyer or an experienced investor, our comprehensive guide provides the expert insights, practical tips, and detailed information you need to make informed decisions in today\u2019s competitive market.<\/p>\n\n\n\n<p>Our Buyers Guide covers every step of the process, from understanding your <strong>financial options<\/strong> and securing a mortgage to choosing the <strong>right location<\/strong> and <strong>negotiating the best deal<\/strong>. We break down complex topics into simple, actionable advice, ensuring that you feel empowered at every stage of your property journey.<\/p>\n\n\n\n<div class=\"wp-block-buttons is-layout-flex wp-block-buttons-is-layout-flex\" style=\"margin-top:var(--wp--preset--spacing--40)\">\n<div class=\"wp-block-button has-custom-font-size is-style-fill has-ultrasmall-font-size\"><a class=\"wp-block-button__link wp-element-button\" href=\"\/fr\/15784-achateter-une-propriete-en-espagne.html\">LIRE LE GUIDE<\/a><\/div>\n<\/div>\n<\/div>\n<\/div>\n<\/div>\n<\/section>\n\n\n\n<section class=\"wp-block-group alignfull jaleo-herobox-group wide right has-shell-background-color has-background is-layout-flow wp-block-group-is-layout-flow\" style=\"margin-top:var(--wp--preset--spacing--50);margin-bottom:var(--wp--preset--spacing--60);padding-right:var(--wp--preset--spacing--50);padding-left:var(--wp--preset--spacing--50)\">\n<div class=\"wp-block-columns alignwide are-vertically-aligned-center jaleo-herobox-columns is-layout-flex wp-container-core-columns-is-layout-2e289adc wp-block-columns-is-layout-flex\" style=\"padding-top:0;padding-right:0;padding-bottom:0;padding-left:0\">\n<div class=\"wp-block-column is-vertically-aligned-center jaleo-herobox-content is-layout-flow wp-block-column-is-layout-flow\" style=\"padding-right:0;flex-basis:50%\">\n<div class=\"wp-block-group has-global-padding is-content-justification-right is-layout-constrained wp-container-core-group-is-layout-d74be48a wp-block-group-is-layout-constrained\" style=\"margin-top:0;margin-bottom:0;padding-top:0;padding-right:var(--wp--preset--spacing--30);padding-left:var(--wp--preset--spacing--30)\">\n<h2 class=\"wp-block-heading\" style=\"margin-bottom:var(--wp--preset--spacing--40);font-style:normal;font-weight:400;text-transform:uppercase\">GUIDE DU VENDEUR<\/h2>\n\n\n\n<h4 class=\"wp-block-heading\">UNE RESSOURCE ESSENTIELLE POUR R\u00c9USSIR LA VENTE D&rsquo;UN BIEN IMMOBILIER<\/h4>\n\n\n\n<p>La bo\u00eete \u00e0 <strong>outils ultime pour se lancer en douceur dans le processus de vente<\/strong> d&rsquo;un bien immobilier. Notre guide vous aidera \u00e0 vendre votre bien rapidement et au meilleur prix.<\/p>\n\n\n\n<p>Notre guide du vendeur couvre tous les aspects du processus, depuis la <strong>pr\u00e9paration de votre maison pour le march\u00e9 et l&rsquo;\u00e9tablissement d&rsquo;un prix correct jusqu&rsquo;au traitement des offres et \u00e0 la conclusion de la vente<\/strong>. Nous vous fournissons les connaissances et les strat\u00e9gies dont vous avez besoin pour pr\u00e9senter votre propri\u00e9t\u00e9 sous son meilleur jour, attirer des acheteurs s\u00e9rieux et atteindre vos objectifs de vente.<\/p>\n\n\n\n<div class=\"wp-block-buttons is-layout-flex wp-block-buttons-is-layout-flex\" style=\"margin-top:var(--wp--preset--spacing--40)\">\n<div class=\"wp-block-button has-custom-font-size is-style-fill has-ultrasmall-font-size\"><a class=\"wp-block-button__link wp-element-button\" href=\"\/fr\/10353-guide-de-la-vente-dune-propriete-a-marbella.html\">LIRE LE GUIDE<\/a><\/div>\n<\/div>\n<\/div>\n<\/div>\n\n\n\n<div class=\"wp-block-column is-vertically-aligned-center jaleo-herobox-column is-layout-flow wp-block-column-is-layout-flow\" style=\"flex-basis:50%\">\n<figure class=\"wp-block-image size-full jaleo-herobox-image wp-duotone-unset-7\" id=\"sellers-guide\"><img decoding=\"async\" width=\"1124\" height=\"1124\" src=\"https:\/\/www.nevadomarbella.com\/wp-content\/uploads\/2025\/01\/atico-don-gonzalo-copia.webp\" alt=\"Penthouse en premi\u00e8re ligne de plage dans la meilleure zone de la promenade du centre de Marbella. lisez notre guide pour la vente d'une propri\u00e9t\u00e9 \u00e0 Marbella.\" class=\"wp-image-19373\" style=\"aspect-ratio:1;object-fit:cover\"\/><\/figure>\n<\/div>\n<\/div>\n<\/section>\n\n\n\n<section class=\"wp-block-group alignfull jaleo-herobox-group wide right has-shell-background-color has-background is-layout-flow wp-block-group-is-layout-flow\" style=\"margin-top:var(--wp--preset--spacing--50);margin-bottom:var(--wp--preset--spacing--60);padding-right:var(--wp--preset--spacing--50);padding-left:var(--wp--preset--spacing--50)\">\n<div class=\"wp-block-columns alignwide are-vertically-aligned-center jaleo-herobox-columns is-layout-flex wp-container-core-columns-is-layout-2e289adc wp-block-columns-is-layout-flex\" style=\"padding-top:0;padding-right:0;padding-bottom:0;padding-left:0\">\n<div class=\"wp-block-column is-vertically-aligned-center jaleo-herobox-column is-layout-flow wp-block-column-is-layout-flow\" style=\"flex-basis:50%\">\n<figure class=\"wp-block-image size-full jaleo-herobox-image wp-duotone-unset-8\" id=\"tenants-guide\"><img decoding=\"async\" width=\"1080\" height=\"1080\" src=\"https:\/\/www.nevadomarbella.com\/wp-content\/uploads\/2025\/01\/property-management-agreement-copia.webp\" alt=\"Gestion immobili\u00e8re \u00e0 Marbella\" class=\"wp-image-19380\" style=\"aspect-ratio:1;object-fit:cover\"\/><\/figure>\n<\/div>\n\n\n\n<div class=\"wp-block-column is-vertically-aligned-center jaleo-herobox-content is-layout-flow wp-block-column-is-layout-flow\" style=\"padding-right:0;flex-basis:50%\">\n<div class=\"wp-block-group has-global-padding is-content-justification-right is-layout-constrained wp-container-core-group-is-layout-d74be48a wp-block-group-is-layout-constrained\" style=\"margin-top:0;margin-bottom:0;padding-top:0;padding-right:var(--wp--preset--spacing--30);padding-left:var(--wp--preset--spacing--30)\">\n<h2 class=\"wp-block-heading\" style=\"margin-bottom:var(--wp--preset--spacing--40);font-style:normal;font-weight:400;text-transform:uppercase\">GUIDE DE LA GESTION LOCATIVE<\/h2>\n\n\n\n<h4 class=\"wp-block-heading\">UNE RESSOURCE ESSENTIELLE POUR UNE GESTION LOCATIVE TR\u00c8S RENTABLE<\/h4>\n\n\n\n<p>Vous souhaitez <strong>tirer le meilleur parti<\/strong> de la location de votre bien immobilier ? Nous sommes l\u00e0 pour vous guider \u00e0 chaque \u00e9tape. Dans cette section, nous partagerons avec vous des <strong>conseils d&rsquo;experts sur la mani\u00e8re d&rsquo;optimiser la gestion de votre bien locatif et de maximiser vos revenus<\/strong>. Qu&rsquo;il s&rsquo;agisse de fixer le bon prix de location, d&rsquo;attirer des locataires fiables, d&rsquo;entretenir efficacement votre bien ou de planifier vos finances, nos conseils vous aideront \u00e0 tirer le meilleur parti de votre investissement.<\/p>\n\n\n\n<p>Nous vous guidons \u00e0 travers des strat\u00e9gies \u00e9prouv\u00e9es pour <strong>am\u00e9liorer l&rsquo;attrait de votre propri\u00e9t\u00e9, minimiser les vacances et assurer une exp\u00e9rience de location sans heurts qui augmente vos revenus<\/strong>. Commen\u00e7ons \u00e0 exploiter tout le potentiel de votre bien locatif !<\/p>\n\n\n\n<div class=\"wp-block-buttons is-layout-flex wp-block-buttons-is-layout-flex\" style=\"margin-top:var(--wp--preset--spacing--40)\">\n<div class=\"wp-block-button has-custom-font-size is-style-fill has-ultrasmall-font-size\"><a class=\"wp-block-button__link wp-element-button\" href=\"\/fr\/15780-gestion-inmobiliere-a-marbella-spain.html\">LIRE LE GUIDE<\/a><\/div>\n<\/div>\n<\/div>\n<\/div>\n<\/div>\n<\/section>\n\n\n\n<section class=\"wp-block-group alignfull jaleo-herobox-group wide right has-shell-background-color has-background is-layout-flow wp-block-group-is-layout-flow\" style=\"margin-top:var(--wp--preset--spacing--50);margin-bottom:var(--wp--preset--spacing--60);padding-right:var(--wp--preset--spacing--50);padding-left:var(--wp--preset--spacing--50)\">\n<div class=\"wp-block-columns alignwide are-vertically-aligned-center jaleo-herobox-columns is-layout-flex wp-container-core-columns-is-layout-2e289adc wp-block-columns-is-layout-flex\" style=\"padding-top:0;padding-right:0;padding-bottom:0;padding-left:0\">\n<div class=\"wp-block-column is-vertically-aligned-center jaleo-herobox-content is-layout-flow wp-block-column-is-layout-flow\" style=\"padding-right:0;flex-basis:50%\">\n<div class=\"wp-block-group has-global-padding is-content-justification-right is-layout-constrained wp-container-core-group-is-layout-d74be48a wp-block-group-is-layout-constrained\" style=\"margin-top:0;margin-bottom:0;padding-top:0;padding-right:var(--wp--preset--spacing--30);padding-left:var(--wp--preset--spacing--30)\">\n<h2 class=\"wp-block-heading\" style=\"margin-bottom:var(--wp--preset--spacing--40);font-style:normal;font-weight:400;text-transform:uppercase\">GUIDES DE ZONE<\/h2>\n\n\n\n<h4 class=\"wp-block-heading\">RESSOURCE ESSENTIELLE POUR CONNA\u00ceTRE EN PROFONDEUR CERTAINS DES QUARTIERS R\u00c9SIDENTIELS LES PLUS RECHERCH\u00c9S DE MARBELLA.<\/h4>\n\n\n\n<p><strong>Choisir le bon quartier<\/strong> est tout aussi important que de trouver la maison id\u00e9ale, et nous sommes l\u00e0 pour vous aider \u00e0 prendre une d\u00e9cision \u00e9clair\u00e9e. Nos guides d\u00e9taill\u00e9s fournissent des<strong> informations approfondies sur les meilleurs quartiers r\u00e9sidentiels de la ville<\/strong> et couvrent tout ce que vous devez savoir pour faire un achat r\u00e9fl\u00e9chi.<\/p>\n\n\n\n<p>Explorez les avantages de chaque quartier, notamment les <strong>commodit\u00e9s locales, la proximit\u00e9 des \u00e9coles, la s\u00e9curit\u00e9, les liaisons de transport et les caract\u00e9ristiques du mode de vie<\/strong> qui comptent le plus pour vous. Que vous soyez \u00e0 la recherche d&rsquo;un quartier accueillant pour les familles, d&rsquo;une vie urbaine dynamique ou d&rsquo;une retraite paisible.<\/p>\n\n\n\n<div class=\"wp-block-buttons is-layout-flex wp-block-buttons-is-layout-flex\" style=\"margin-top:var(--wp--preset--spacing--40)\">\n<div class=\"wp-block-button has-custom-font-size is-style-fill has-ultrasmall-font-size\"><a class=\"wp-block-button__link wp-element-button\" href=\"\/fr\/cat\/guidez-de-zona\">LIRE LE GUIDE<\/a><\/div>\n<\/div>\n<\/div>\n<\/div>\n\n\n\n<div class=\"wp-block-column is-vertically-aligned-center jaleo-herobox-column is-layout-flow wp-block-column-is-layout-flow\" style=\"flex-basis:50%\">\n<figure class=\"wp-block-image size-full jaleo-herobox-image wp-duotone-unset-9\" id=\"tenants-guide\"><img decoding=\"async\" width=\"1000\" height=\"1000\" src=\"https:\/\/www.nevadomarbella.com\/wp-content\/uploads\/2025\/01\/marbella-centro-vista-desde-el-mar.webp\" alt=\"Le centre de Marbella vu de la mer\" class=\"wp-image-19402\" style=\"aspect-ratio:1;object-fit:cover\"\/><\/figure>\n<\/div>\n<\/div>\n<\/section>\n\n\n\n<section class=\"wp-block-group alignfull jaleo-herobox-group wide right has-shell-background-color has-background is-layout-flow wp-block-group-is-layout-flow\" style=\"margin-top:var(--wp--preset--spacing--50);margin-bottom:var(--wp--preset--spacing--60);padding-right:var(--wp--preset--spacing--50);padding-left:var(--wp--preset--spacing--50)\">\n<div class=\"wp-block-columns alignwide are-vertically-aligned-center jaleo-herobox-columns is-layout-flex wp-container-core-columns-is-layout-2e289adc wp-block-columns-is-layout-flex\" style=\"padding-top:0;padding-right:0;padding-bottom:0;padding-left:0\">\n<div class=\"wp-block-column is-vertically-aligned-center jaleo-herobox-column is-layout-flow wp-block-column-is-layout-flow\" style=\"flex-basis:50%\">\n<figure class=\"wp-block-image size-full jaleo-herobox-image wp-duotone-unset-10\" id=\"our-blog\"><img decoding=\"async\" width=\"1280\" height=\"1280\" src=\"https:\/\/www.nevadomarbella.com\/wp-content\/uploads\/2025\/01\/puerto-banus-copia.webp\" alt=\"Puerto Ban\u00fas et La Concha, deux ic\u00f4nes de Marbella\" class=\"wp-image-19391\" style=\"aspect-ratio:1;object-fit:cover\"\/><\/figure>\n<\/div>\n\n\n\n<div class=\"wp-block-column is-vertically-aligned-center jaleo-herobox-content is-layout-flow wp-block-column-is-layout-flow\" style=\"padding-right:0;flex-basis:50%\">\n<div class=\"wp-block-group has-global-padding is-content-justification-right is-layout-constrained wp-container-core-group-is-layout-d74be48a wp-block-group-is-layout-constrained\" style=\"margin-top:0;margin-bottom:0;padding-top:0;padding-right:var(--wp--preset--spacing--30);padding-left:var(--wp--preset--spacing--30)\">\n<h2 class=\"wp-block-heading\" style=\"margin-bottom:var(--wp--preset--spacing--40);font-style:normal;font-weight:400;text-transform:uppercase\">Notre blog<\/h2>\n\n\n\n<h4 class=\"wp-block-heading\">EN PLUS DE NOTRE CENTRE DE CONSEILS IMMOBILIERS, VOUS POUVEZ LIRE NOTRE BLOG<\/h4>\n\n\n\n<p>Plongez dans le blog Nevado &#8211; votre ressource de r\u00e9f\u00e9rence pour les <strong>derni\u00e8res tendances, des conseils d&rsquo;experts <\/strong>et des astuces pr\u00e9cieuses sur <strong>tout ce qui concerne l&rsquo;immobilier<\/strong>. Que vous achetiez, vendiez, louiez ou investissiez, notre blog est con\u00e7u pour vous informer et vous inspirer avec un contenu actualis\u00e9 adapt\u00e9 \u00e0 vos besoins immobiliers.<\/p>\n\n\n\n<p>Qu&rsquo;il s&rsquo;agisse de <strong>mises \u00e0 jour sur le march\u00e9, de conseils en mati\u00e8re d&rsquo;investissement, de home staging ou de quartiers<\/strong>, nos articles sont r\u00e9dig\u00e9s par des professionnels du secteur afin de vous aider \u00e0 prendre des d\u00e9cisions intelligentes et \u00e9clair\u00e9es. Explorez un large \u00e9ventail de sujets qui vous guideront \u00e0 chaque \u00e9tape de votre parcours immobilier et vous permettront de garder une longueur d&rsquo;avance sur un march\u00e9 en constante \u00e9volution.<\/p>\n\n\n\n<p>Restez en contact avec le Blog Nevado, o\u00f9 vous trouverez les connaissances, les id\u00e9es et l&rsquo;inspiration dont vous avez besoin pour atteindre vos objectifs immobiliers.<\/p>\n\n\n\n<div class=\"wp-block-buttons is-layout-flex wp-block-buttons-is-layout-flex\" style=\"margin-top:var(--wp--preset--spacing--40)\">\n<div class=\"wp-block-button has-custom-font-size is-style-fill has-ultrasmall-font-size\"><a class=\"wp-block-button__link wp-element-button\" href=\"\/fr\/blog-inmobilier\">LIRE LE blog<\/a><\/div>\n<\/div>\n<\/div>\n<\/div>\n<\/div>\n<\/section>\n\n\n\n<section class=\"wp-block-group alignfull jaleo-heroform is-layout-flow wp-block-group-is-layout-flow\" style=\"margin-bottom:var(--wp--preset--spacing--60);padding-right:var(--wp--preset--spacing--50);padding-left:var(--wp--preset--spacing--50)\">\n<div class=\"wp-block-columns alignwide are-vertically-aligned-center is-layout-flex wp-container-core-columns-is-layout-28f84493 wp-block-columns-is-layout-flex\">\n<div class=\"wp-block-column is-vertically-aligned-center has-global-padding is-layout-constrained wp-block-column-is-layout-constrained\" style=\"flex-basis:50%\">\n<h3 class=\"wp-block-heading has-x-large-font-size\" style=\"margin-bottom:var(--wp--preset--spacing--30)\"><strong>CONTACTEZ-NOUS<\/strong><\/h3>\n\n\n\n<p style=\"margin-bottom:var(--wp--preset--spacing--50)\">Remplissez le formulaire ci-dessous et nous vous contacterons d\u00e8s que possible. Nous nous r\u00e9jouissons d&rsquo;ores et d\u00e9j\u00e0 d&rsquo;avoir de vos nouvelles !<\/p>\n\n\n<div id=\"wpb__style_container\" class=\"wpb__style_container wpb--container\"><form id=\"property_form\" class=\"wpb--property-form\" action=\"localhost\" method=\"POST\" data-contact=\"property_form\" data-lead-sent-ok=\"Votre message a \u00e9t\u00e9 envoy\u00e9.\" data-sitekey=\"6Lcu70ApAAAAALSclGERBvdFXlfg15po4zMqthx0\">\n\t<input type=\"hidden\" name=\"subject\" value=\"Contact \u00e0 partir de la propri\u00e9t\u00e9 \/fr\/wp-json\/wp\/v2\/pages\/16915\" \/>\n\t<input type=\"hidden\" name=\"g-recaptcha-response\" value=\"\" \/>\n\t<input type=\"hidden\" name=\"success\" value=\"\/fr\/thank-you-page\" \/> \n\t\t<input name=\"name\" type=\"text\" autocomplete=\"off\" placeholder=\"Nom complet\" required data-error=\"Nom complet Obligatoire \" \/>\n\t<input name=\"email\" type=\"email\" autocomplete=\"off\" placeholder=\"Adresse \u00e9lectronique \" required data-error=\"Courriel requis\" \/>\n\t<input name=\"intphone\" style=\"width: 100%\" type=\"tel\" autocomplete=\"off\" placeholder=\"T\u00e9l\u00e9phone\" data-error=\"Les num\u00e9ros de t\u00e9l\u00e9phone doivent comporter entre 8 et 20 chiffres.\" \/>\n\t<input name=\"source\" type=\"hidden\" value=\"https:\/\/www.nevadomarbella.com\/fr\/wp-json\/wp\/v2\/pages\/16915\"\/>\n\t\t<textarea name=\"comment\" rows=\"6\" placeholder=\"Tapez vos questions\"><\/textarea>\n\n\t<div class=\"wpb--custom-checkbox\">\n\t\t<input type=\"checkbox\" id=\"property_form-property_form-customCheck1\" name=\"privacy_policy\" required data-error=\"Champ obligatoire\" \/>\n\t\t<label for=\"property_form-property_form-customCheck1\">J'accepte la  <a href=\"https:\/\/www.nevadomarbella.com\/privacy\" target=\"_blank\">Politique de confidentialit\u00e9 <\/a><\/label>\n\t<\/div>\n\t<div class=\"wpb--custom-checkbox\">\n\t\t<input type=\"checkbox\" id=\"property_form-property_form-customCheck2\" name=\"commercial_information\" \/>\n\t\t<label for=\"property_form-property_form-customCheck2\">J'accepte de recevoir des informations par e-mail <\/label>\n\t<\/div>\n\t<button data-ids=\"property_form\" data-lang=\"\" class=\"btn wpb--formbutton g-recaptcha\" type=\"submit\"><span id=\"text-send\">Envoyer<\/span> <span id=\"spinner-send\"><\/span><\/button>\n\t<p id=\"result\" class=\"wpb--form-msg\"><\/p>\n<\/form>\n\t<script src=\"https:\/\/www.google.com\/recaptcha\/api.js?render=6Lcu70ApAAAAALSclGERBvdFXlfg15po4zMqthx0&hl=\"><\/script>\n\t<link rel=\"stylesheet\" href=\"https:\/\/cdn.jsdelivr.net\/npm\/intl-tel-input@23.0.10\/build\/css\/intlTelInput.css\">\n\t<script src=\"https:\/\/cdn.jsdelivr.net\/npm\/intl-tel-input@23.0.10\/build\/js\/intlTelInput.min.js\"><\/script>\n\t<script>\n\t\tconst input = document.querySelectorAll(\"[name=intphone]\");\n\t\tif (input.length) {\n\t\t\tlet initialCountry ;\n\t\t\tconst currentLang = document.querySelector(\"html\").getAttribute(\"lang\").split(\"-\")[0];\n\t\t\tswitch (currentLang) {\n\t\t\t\tcase \"en\" : \n\t\t\t\t\tinitialCountry = \"gb\";\n\t\t\t\t\tbreak;\n\t\t\t\tcase \"es\" : \n\t\t\t\t\tinitialCountry = \"es\";\n\t\t\t\t\tbreak;\n\t\t\t\tcase \"fr\":\n\t\t\t\t\tinitialCountry = \"fr\";\n\t\t\t\t\tbreak;\n\t\t\t\tdefault:\n\t\t\t\t\tinitialCountry = \"es\";\n\t\t\t\t\tbreak;\n\t\t\t}\n\t\t\tinput.forEach(function(item) {\n\t\t\t\twindow.intlTelInput(item, {\n\t\t\t\t\tutilsScript: \"https:\/\/cdn.jsdelivr.net\/npm\/intl-tel-input@23.0.10\/build\/js\/utils.js\",\n\t\t\t\t\tinitialCountry: initialCountry,\n\t\t\t\t\thiddenInput: () => ({ phone: \"phone\", country: \"country_code\" }),\n\t\t\t\t\tcountryOrder: [\"gb\", \"se\", \"es\", \"fr\", \"de\"],\n\t\t\t\t\tnationalMode: false,\n\t\t\t\t\tautoHideDialCode: false,\n\t\t\t\t\texcludeCountries: [\"none\"],\n\t\t\t\t\tseparateDialCode: true\n\t\t\t\t})\n\t\t\t});\n\t\t}\n\t<\/script>\n<\/div>\n<\/div>\n\n\n\n<div class=\"wp-block-column is-vertically-aligned-center has-global-padding is-layout-constrained wp-block-column-is-layout-constrained\" style=\"flex-basis:50%\">\n<figure class=\"wp-block-image size-full is-style-default wp-duotone-unset-11\"><img decoding=\"async\" width=\"1920\" height=\"2560\" src=\"https:\/\/www.nevadomarbella.com\/wp-content\/uploads\/2025\/01\/329-ret-copia.webp\" alt=\"Gin\u00e9s Garc\u00eda, PDG de Nevado Realty\" class=\"wp-image-19412\" style=\"aspect-ratio:3\/4;object-fit:cover\"\/><\/figure>\n<\/div>\n<\/div>\n<\/section>\n","protected":false},"excerpt":{"rendered":"<p>CENTRE DE CONSEIL IMMOBILIER Chez Nevado, nous savons que l&rsquo;achat, la vente ou la location d&rsquo;un bien immobilier est l&rsquo;une des d\u00e9cisions les plus importantes que vous puissiez prendre. C&rsquo;est la raison pour laquelle nous avons cr\u00e9\u00e9 l&rsquo;Espace Conseil Nevado &#8211; votre centre de r\u00e9f\u00e9rence pour des informations fiables et expertes sur l&rsquo;immobilier. Que vous [&hellip;]<\/p>\n","protected":false},"author":1,"featured_media":0,"parent":0,"menu_order":6,"comment_status":"closed","ping_status":"closed","template":"solid-header","meta":{"_acf_changed":false,"footnotes":""},"class_list":["post-16915","page","type-page","status-publish","hentry"],"acf":[],"_links":{"self":[{"href":"https:\/\/www.nevadomarbella.com\/fr\/wp-json\/wp\/v2\/pages\/16915","targetHints":{"allow":["GET"]}}],"collection":[{"href":"https:\/\/www.nevadomarbella.com\/fr\/wp-json\/wp\/v2\/pages"}],"about":[{"href":"https:\/\/www.nevadomarbella.com\/fr\/wp-json\/wp\/v2\/types\/page"}],"author":[{"embeddable":true,"href":"https:\/\/www.nevadomarbella.com\/fr\/wp-json\/wp\/v2\/users\/1"}],"replies":[{"embeddable":true,"href":"https:\/\/www.nevadomarbella.com\/fr\/wp-json\/wp\/v2\/comments?post=16915"}],"version-history":[{"count":1,"href":"https:\/\/www.nevadomarbella.com\/fr\/wp-json\/wp\/v2\/pages\/16915\/revisions"}],"predecessor-version":[{"id":19500,"href":"https:\/\/www.nevadomarbella.com\/fr\/wp-json\/wp\/v2\/pages\/16915\/revisions\/19500"}],"wp:attachment":[{"href":"https:\/\/www.nevadomarbella.com\/fr\/wp-json\/wp\/v2\/media?parent=16915"}],"curies":[{"name":"wp","href":"https:\/\/api.w.org\/{rel}","templated":true}]}}