{"id":16901,"date":"2024-09-15T12:21:18","date_gmt":"2024-09-15T10:21:18","guid":{"rendered":"https:\/\/www.nevadomarbella.com\/?page_id=16901"},"modified":"2025-07-14T16:10:00","modified_gmt":"2025-07-14T14:10:00","slug":"nouveaux-developments-a-vendre-a-marbella","status":"publish","type":"page","link":"https:\/\/www.nevadomarbella.com\/fr\/nouveaux-developments-a-vendre-a-marbella","title":{"rendered":"Nouveaux developments \u00e0 vendre \u00e0 Marbella"},"content":{"rendered":"\t<div id=\"wpb__style_container\" class=\"wpb--container\">\r\n\t\t<form action=\"\" id=\"searchform\" class=\"wpb--developments-form\" data-sptext=\"[]\" data-rptext=\"[]\" data-saleprices=\"[]\" data-rentprices=\"[]\" autocomplete=\"off\">\n\t<input type=\"hidden\" name=\"f\" value=\"developments\" \/>\n\t<input type=\"hidden\" name=\"l\" value=\"fr\" \/>\n\t<input type=\"hidden\" name=\"o\" value=\"\" \/>\n\t<input type=\"hidden\" name=\"refinesearch-typeselector\" value=\"full\">\t\n\t<div class=\"wpb--form-row\">\n\t\t<div class=\"wpb--form-group wpb--custom-select\">\n\t\t\t<select name=\"c\" id=\"searchform-cities\" placeholder=\"Tous les sites\" class=\"wpb-multiple\" data-options-selected-text=\"options s\u00e9lectionn\u00e9es\" data-options-selected-text=\"option s\u00e9lectionn\u00e9e \" data-all-options-selected-text=\"Tous\">\n\t\t\t\t<option value=\"\">Tous les sites<\/option>\n\t\t\t\t<option value=\"c24\">Marbella<\/option><option value=\"c4\">Benahavis<\/option><option value=\"c11\">Estepona<\/option><option value=\"c26\">Mijas Costa<\/option><option value=\"c9\">Casares<\/option><option value=\"c21\">Malaga<\/option><option value=\"c22\">Manilva<\/option><option value=\"c28\">Ojen<\/option><option value=\"c35\">San Pedro de Alcantara<\/option><option value=\"c36\">Sotogrande<\/option><option value=\"a41\">Marbella Golden Mile<\/option><option value=\"a51\">Nueva Andalucia<\/option><option value=\"a40\">Marbella Est<\/option><option value=\"a1698\">Altos de La Quinta<\/option><option value=\"a1589\">Casares del Sol - Casares Golf<\/option><option value=\"a107\">El Chaparral<\/option><option value=\"a134924\">Estepona Est<\/option><option value=\"a134923\">Estepona Ouest<\/option><option value=\"a134922\">Estepona Ville<\/option><option value=\"a120\">Guadalmina Alta<\/option><option value=\"a164\">La Quinta<\/option><option value=\"a1\">Malaga - Centro<\/option><option value=\"a908\">Manilva Beach<\/option><option value=\"a1375\">Mirador del Paraiso<\/option><option value=\"a157\">Nueva Alcantara<\/option><option value=\"a74301\">Palo Alto<\/option><option value=\"a74278\">Real de La Quinta<\/option><option value=\"a102\">Riviera del Sol<\/option><option value=\"a282\">S. Pedro Centro<\/option><option value=\"a330\">Sabinillas<\/option><option value=\"a364\">Sotogrande Alto<\/option><option value=\"s0\">All Subareas<\/option><option value=\"s13102\">Arroyo de las Ca\u00f1as<\/option><option value=\"s13251\">Azata Golf<\/option><option value=\"s13110\">Bel Air<\/option><option value=\"s13256\">Buenas Noches<\/option><option value=\"s128\">Cabopino<\/option><option value=\"s199\">Cascada de Camojan<\/option><option value=\"s13134\">El Campanario<\/option><option value=\"s13137\">El Paraiso<\/option><option value=\"s83\">Elviria<\/option><option value=\"s1084\">Elviria Hills<\/option><option value=\"s13236\">Estepona Centre<\/option><option value=\"s14028\">Finca Cortesin<\/option><option value=\"s1760\">Golden Mile<\/option><option value=\"s13162\">La Resina Golf<\/option><option value=\"s71\">Las Chapas<\/option><option value=\"s651\">Las Lomas de Nueva Andalucia<\/option><option value=\"s624\">Las Lomas del Marbella Club<\/option><option value=\"s754\">Los Altos de los Monteros<\/option><option value=\"s52\">Rio Real<\/option><option value=\"s74\">Santa Clara<\/option><option value=\"s12992\">Valderrama Golf<\/option><option value=\"t3\">Appartement Terrasse<\/option>\t\t\t<\/select>\n\t\t<\/div>\n\t\t<div class=\"wpb--form-group wpb--type wpb--custom-select\">\n\t\t\t<select name=\"t\" id=\"searchform-types\" placeholder=\"Tous les types\">\n\t\t\t\t<option value=\"\">Tous les types<\/option>\n\t\t\t\t<option value=\"t3\" data-category>Appartement Terrasse<\/option>\t\t\t<\/select>\n\t\t<\/div>\n\t\t<div class=\"wpb--form-group wpb--pricefrom wpb--custom-select\">\n\t\t\t\t\t\t<select name=\"pt\" id=\"searchform-pricefrom\" data-defaulttext=\"A tout prix\">\n\t\t\t\t<option value=\"\">A tout prix<\/option>\n\t\t\t\t<option value=\"400000\">400.000 &euro;<\/option><option value=\"500000\">500.000 &euro;<\/option><option value=\"800000\">800.000 &euro;<\/option><option value=\"1000000\">1.000.000 &euro;<\/option><option value=\"2000000\">2.000.000 &euro;<\/option><option value=\"4000000\">4.000.000 &euro;<\/option><option value=\"6000000\">6.000.000 &euro;<\/option><option value=\"8000000\">8.000.000 &euro;<\/option><option value=\"10000000\">10.000.000 &euro;<\/option><option value=\"-10000000\">+10.000.000 &euro;<\/option>\t\t\t<\/select>\n\t\t<\/div>\n\t\t<div class=\"wpb--form-group wpb--refsearch\">\n\t\t\t\t\t\t<input id=\"searchform-ref\" type=\"text\" name=\"r\" placeholder=\"Saisir la r\u00e9f.\" minlength=\"3\" data-message=\"Veuillez saisir au moins 3 caract\u00e8res pour effectuer une recherche par r\u00e9f\u00e9rence \" value=\"\" \/>\n\t\t<\/div>\n\t\t<div class=\"wpb--form-group wpb--btnsearch\">\n\t\t\t<button id=\"refinebutton\" data-submit=\"submit\" class=\"wpb--btn-search\">Recherche<span id=\"icons-search\"><\/span><\/button>\n\t\t\t<span id=\"form-reset\">R\u00e9initialiser<\/span>\n\t\t<\/div>\n\t<\/div>\n<\/form>\n<ul class=\"inm-breadcrumb\">\r\n\t<li><a href=\"\/fr\/wp-json\/wp\/v2\/pages\/16901?l=fr&f=developments\" title=\"Nouveaux developments \u00e0 vendre \u00e0 Marbella\">Developments<\/a><\/li><\/ul>\r\n\r\n\t\t<div class=\"wpb--properties-list-info\" id=\"hasSearch\">\r\n\t\t\t<h1>Nouveaux developments \u00e0 vendre \u00e0 Marbella<\/h1>\r\n\t\t\t<div class=\"wbp--results\">\r\n\t\t\t\t<p>Montrer 54 developments.<\/p>\r\n\t\t\t\t<form id=\"orderform\" action=\"#\" data-url=\"\/fr\/wp-json\/wp\/v2\/pages\/16901\">\r\n\t\t\t\t\t<div class=\"wpb--custom-select\">\r\n\t\t\t\t\t\t<select name=\"o\">\r\n\t\t\t\t\t\t\t<option value=\"\" >Le plus r\u00e9cent en premier<\/option>\r\n\t\t\t\t\t\t\t<option value=\"priced\" >Prix plus \u00e9lev\u00e9 d'abord<\/option>\r\n\t\t\t\t\t\t\t<option value=\"pricea\" >Le prix le plus bas d'abord<\/option>\r\n\t\t\t\t\t\t<\/select>\r\n\t\t\t\t\t<\/div>\r\n\t\t\t\t<\/form>\r\n\t\t\t<\/div>\r\n\t\t<\/div>\r\n\t\t<div class=\"wpb--card-container\">\r\n\t\t\t<div class=\"wpb--card\">\n\t<div class=\"wpb--aspect-box wpb--panoramic\">\n\t\t<a class=\"wpb--stretched-link\" href=\"\/fr\/propriete\/developpement-estepona-ville-tyrian-28005\">\n\t\t\t\t\t\t\t<img decoding=\"async\" class=\"wpb--image-fit\" loading=\"lazy\" src=\"https:\/\/www.nevadomarbella.com\/wp-content\/uploads\/inmoba\/thumb-developments-0.5625-maxwidth-28005.webp\" alt=\"Projet immobilier en bord de mer d'appartements ultra-luxueux \u00e0 Estepona \u00e0 vendre\" \/>\n\t\t\t\t\t<\/a>\n\t<\/div>\n\t<div class=\"wpb--card-body\">\n\t\t<span class=\"wpb--card-body-location\">Estepona Ville<\/span>\n\t\t<h2 class=\"wpb--card-title\">\n\t\t\t<a class=\"wpb--stretched-link\" href=\"\/fr\/propriete\/developpement-estepona-ville-tyrian-28005\">\n\t\t\t\tProjet immobilier en bord de mer d'appartements ultra-luxueux \u00e0 Estepona \u00e0 vendre<\/a>\n\t\t<\/h2>\n\t\t<div class=\"wpb--card-price-developments\">\n\t\t\t\tFrom 3.550.000 &euro; to 6.400.000 &euro;\t\t\t\t<span style=\"margin-top:var(--wp--preset--spaging--10);\" >163-00212G<\/span>\t\t<\/div>\n\t<\/div>\n<\/div>\n<div class=\"wpb--card\">\n\t<div class=\"wpb--aspect-box wpb--panoramic\">\n\t\t<a class=\"wpb--stretched-link\" href=\"\/fr\/propriete\/developpement-sabinillas-vesta-mare-27972\">\n\t\t\t\t\t\t\t<img decoding=\"async\" class=\"wpb--image-fit\" loading=\"lazy\" src=\"https:\/\/www.nevadomarbella.com\/wp-content\/uploads\/inmoba\/thumb-developments-0.5625-maxwidth-27972.webp\" alt=\"Programme immobilier d'appartements en bord de mer \u00e0 Sabinillas, Manilva\" \/>\n\t\t\t\t\t<\/a>\n\t<\/div>\n\t<div class=\"wpb--card-body\">\n\t\t<span class=\"wpb--card-body-location\">Sabinillas - Manilva<\/span>\n\t\t<h2 class=\"wpb--card-title\">\n\t\t\t<a class=\"wpb--stretched-link\" href=\"\/fr\/propriete\/developpement-sabinillas-vesta-mare-27972\">\n\t\t\t\tProgramme immobilier d'appartements en bord de mer \u00e0 Sabinillas, Manilva<\/a>\n\t\t<\/h2>\n\t\t<div class=\"wpb--card-price-developments\">\n\t\t\t\tFrom 435.000 &euro; to 1.360.000 &euro;\t\t\t\t<span style=\"margin-top:var(--wp--preset--spaging--10);\" >163-00211G<\/span>\t\t<\/div>\n\t<\/div>\n<\/div>\n<div class=\"wpb--card\">\n\t<div class=\"wpb--aspect-box wpb--panoramic\">\n\t\t<a class=\"wpb--stretched-link\" href=\"\/fr\/propriete\/developpement-mijas-costa-sunrise-golf-residences-27922\">\n\t\t\t\t\t\t\t<img decoding=\"async\" class=\"wpb--image-fit\" loading=\"lazy\" src=\"https:\/\/www.nevadomarbella.com\/wp-content\/uploads\/inmoba\/thumb-developments-0.5625-maxwidth-27922.webp\" alt=\"Programme immobilier d'appartements \u00e0 vendre \u00e0 La Cala Golf, Mijas\" \/>\n\t\t\t\t\t<\/a>\n\t<\/div>\n\t<div class=\"wpb--card-body\">\n\t\t<span class=\"wpb--card-body-location\">Mijas Costa<\/span>\n\t\t<h2 class=\"wpb--card-title\">\n\t\t\t<a class=\"wpb--stretched-link\" href=\"\/fr\/propriete\/developpement-mijas-costa-sunrise-golf-residences-27922\">\n\t\t\t\tProgramme immobilier d'appartements \u00e0 vendre \u00e0 La Cala Golf, Mijas<\/a>\n\t\t<\/h2>\n\t\t<div class=\"wpb--card-price-developments\">\n\t\t\t\tFrom 516.900 &euro; to 759.000 &euro;\t\t\t\t<span style=\"margin-top:var(--wp--preset--spaging--10);\" >163-00210G<\/span>\t\t<\/div>\n\t<\/div>\n<\/div>\n<div class=\"wpb--card\">\n\t<div class=\"wpb--aspect-box wpb--panoramic\">\n\t\t<a class=\"wpb--stretched-link\" href=\"\/fr\/propriete\/developpement-elviria-zew-27797\">\n\t\t\t\t\t\t\t<img decoding=\"async\" class=\"wpb--image-fit\" loading=\"lazy\" src=\"https:\/\/www.nevadomarbella.com\/wp-content\/uploads\/inmoba\/thumb-developments-0.5625-maxwidth-27797.webp\" alt=\"Promotion d'appartements de 2 et 3 chambres \u00e0 vendre \u00e0 Elviria, Marbella\" \/>\n\t\t\t\t\t<\/a>\n\t<\/div>\n\t<div class=\"wpb--card-body\">\n\t\t<span class=\"wpb--card-body-location\">Elviria - Marbella Est<\/span>\n\t\t<h2 class=\"wpb--card-title\">\n\t\t\t<a class=\"wpb--stretched-link\" href=\"\/fr\/propriete\/developpement-elviria-zew-27797\">\n\t\t\t\tPromotion d'appartements de 2 et 3 chambres \u00e0 vendre \u00e0 Elviria, Marbella<\/a>\n\t\t<\/h2>\n\t\t<div class=\"wpb--card-price-developments\">\n\t\t\t\tFrom 770.000 &euro; to 1.020.000 &euro;\t\t\t\t<span style=\"margin-top:var(--wp--preset--spaging--10);\" >163-00209G<\/span>\t\t<\/div>\n\t<\/div>\n<\/div>\n<div class=\"wpb--card\">\n\t<div class=\"wpb--aspect-box wpb--panoramic\">\n\t\t<a class=\"wpb--stretched-link\" href=\"\/fr\/propriete\/developpement-nueva-alcantara-alcantara-del-mar-27080\">\n\t\t\t\t\t\t\t<img decoding=\"async\" class=\"wpb--image-fit\" loading=\"lazy\" src=\"https:\/\/www.nevadomarbella.com\/wp-content\/uploads\/inmoba\/thumb-developments-0.5625-maxwidth-27080.webp\" alt=\"Promotion d'appartements, de maisons de ville et de villas \u00e0 vendre en bord de mer \u00e0 San Pedro\" \/>\n\t\t\t\t\t<\/a>\n\t<\/div>\n\t<div class=\"wpb--card-body\">\n\t\t<span class=\"wpb--card-body-location\">Nueva Alcantara - San Pedro de Alcantara<\/span>\n\t\t<h2 class=\"wpb--card-title\">\n\t\t\t<a class=\"wpb--stretched-link\" href=\"\/fr\/propriete\/developpement-nueva-alcantara-alcantara-del-mar-27080\">\n\t\t\t\tPromotion d'appartements, de maisons de ville et de villas \u00e0 vendre en bord de mer \u00e0 San Pedro<\/a>\n\t\t<\/h2>\n\t\t<div class=\"wpb--card-price-developments\">\n\t\t\t\tFrom 399.000 &euro; to 2.267.250 &euro;\t\t\t\t<span style=\"margin-top:var(--wp--preset--spaging--10);\" >163-00208G<\/span>\t\t<\/div>\n\t<\/div>\n<\/div>\n<div class=\"wpb--card\">\n\t<div class=\"wpb--aspect-box wpb--panoramic\">\n\t\t<a class=\"wpb--stretched-link\" href=\"\/fr\/propriete\/developpement-estepona-ouest-celestia-26948\">\n\t\t\t\t\t\t\t<img decoding=\"async\" class=\"wpb--image-fit\" loading=\"lazy\" src=\"https:\/\/www.nevadomarbella.com\/wp-content\/uploads\/inmoba\/thumb-developments-0.5625-maxwidth-26948.webp\" alt=\"Promotion d'appartements avec vue sur la mer \u00e0 Estepona \u00e0 vendre\" \/>\n\t\t\t\t\t<\/a>\n\t<\/div>\n\t<div class=\"wpb--card-body\">\n\t\t<span class=\"wpb--card-body-location\">Estepona Ouest<\/span>\n\t\t<h2 class=\"wpb--card-title\">\n\t\t\t<a class=\"wpb--stretched-link\" href=\"\/fr\/propriete\/developpement-estepona-ouest-celestia-26948\">\n\t\t\t\tPromotion d'appartements avec vue sur la mer \u00e0 Estepona \u00e0 vendre<\/a>\n\t\t<\/h2>\n\t\t<div class=\"wpb--card-price-developments\">\n\t\t\t\tFrom 290.000 &euro; to 950.000 &euro;\t\t\t\t<span style=\"margin-top:var(--wp--preset--spaging--10);\" >163-00207G<\/span>\t\t<\/div>\n\t<\/div>\n<\/div>\n<div class=\"wpb--card\">\n\t<div class=\"wpb--aspect-box wpb--panoramic\">\n\t\t<a class=\"wpb--stretched-link\" href=\"\/fr\/propriete\/developpement-el-campanario-the-club-villas-26147\">\n\t\t\t\t\t\t\t<img decoding=\"async\" class=\"wpb--image-fit\" loading=\"lazy\" src=\"https:\/\/www.nevadomarbella.com\/wp-content\/uploads\/inmoba\/thumb-developments-0.5625-maxwidth-26147.webp\" alt=\"Projet de promotion de villas \u00e0 vendre \u00e0 Estepona\" \/>\n\t\t\t\t\t<\/a>\n\t<\/div>\n\t<div class=\"wpb--card-body\">\n\t\t<span class=\"wpb--card-body-location\">El Campanario - Estepona Est<\/span>\n\t\t<h2 class=\"wpb--card-title\">\n\t\t\t<a class=\"wpb--stretched-link\" href=\"\/fr\/propriete\/developpement-el-campanario-the-club-villas-26147\">\n\t\t\t\tProjet de promotion de villas \u00e0 vendre \u00e0 Estepona<\/a>\n\t\t<\/h2>\n\t\t<div class=\"wpb--card-price-developments\">\n\t\t\t\tFrom 1.950.000 &euro; to 3.500.000 &euro;\t\t\t\t<span style=\"margin-top:var(--wp--preset--spaging--10);\" >163-00206G<\/span>\t\t<\/div>\n\t<\/div>\n<\/div>\n<div class=\"wpb--card\">\n\t<div class=\"wpb--aspect-box wpb--panoramic\">\n\t\t<a class=\"wpb--stretched-link\" href=\"\/fr\/propriete\/developpement-estepona-est-sierra-blanca-by-the-sea-25440\">\n\t\t\t\t\t\t\t<img decoding=\"async\" class=\"wpb--image-fit\" loading=\"lazy\" src=\"https:\/\/www.nevadomarbella.com\/wp-content\/uploads\/inmoba\/thumb-developments-0.5625-maxwidth-25440.webp\" alt=\"Development \u00e0 Estepona Est\" \/>\n\t\t\t\t\t<\/a>\n\t<\/div>\n\t<div class=\"wpb--card-body\">\n\t\t<span class=\"wpb--card-body-location\">Estepona Est<\/span>\n\t\t<h2 class=\"wpb--card-title\">\n\t\t\t<a class=\"wpb--stretched-link\" href=\"\/fr\/propriete\/developpement-estepona-est-sierra-blanca-by-the-sea-25440\">\n\t\t\t\tDevelopment \u00e0 Estepona Est<\/a>\n\t\t<\/h2>\n\t\t<div class=\"wpb--card-price-developments\">\n\t\t\t\tFrom 3.500.000 &euro; to 12.750.000 &euro;\t\t\t\t<span style=\"margin-top:var(--wp--preset--spaging--10);\" >163-00205G<\/span>\t\t<\/div>\n\t<\/div>\n<\/div>\n<div class=\"wpb--card\">\n\t<div class=\"wpb--aspect-box wpb--panoramic\">\n\t\t<a class=\"wpb--stretched-link\" href=\"\/fr\/propriete\/developpement-real-de-la-quinta-vista-lago-residences-24990\">\n\t\t\t\t\t\t\t<img decoding=\"async\" class=\"wpb--image-fit\" loading=\"lazy\" src=\"https:\/\/www.nevadomarbella.com\/wp-content\/uploads\/inmoba\/thumb-developments-0.5625-maxwidth-24990.webp\" alt=\"Villas en construction \u00e0 El Real de la Quinta avec vue panoramique sur la mer \u00e0 vendre\" \/>\n\t\t\t\t\t<\/a>\n\t<\/div>\n\t<div class=\"wpb--card-body\">\n\t\t<span class=\"wpb--card-body-location\">Real de La Quinta - Benahavis<\/span>\n\t\t<h2 class=\"wpb--card-title\">\n\t\t\t<a class=\"wpb--stretched-link\" href=\"\/fr\/propriete\/developpement-real-de-la-quinta-vista-lago-residences-24990\">\n\t\t\t\tVillas en construction \u00e0 El Real de la Quinta avec vue panoramique sur la mer \u00e0 vendre<\/a>\n\t\t<\/h2>\n\t\t<div class=\"wpb--card-price-developments\">\n\t\t\t\tFrom 6.395.000 &euro; to 8.500.000 &euro;\t\t\t\t<span style=\"margin-top:var(--wp--preset--spaging--10);\" >163-00204G<\/span>\t\t<\/div>\n\t<\/div>\n<\/div>\n<div class=\"wpb--card\">\n\t<div class=\"wpb--aspect-box wpb--panoramic\">\n\t\t<a class=\"wpb--stretched-link\" href=\"\/fr\/propriete\/developpement-el-paraiso-golden-hills-24823\">\n\t\t\t\t\t\t\t<img decoding=\"async\" class=\"wpb--image-fit\" loading=\"lazy\" src=\"https:\/\/www.nevadomarbella.com\/wp-content\/uploads\/inmoba\/thumb-developments-0.5625-maxwidth-24823.webp\" alt=\"Golden Hills, appartements et penthouses neufs \u00e0 vendre \u00e0 El Para\u00edso\" \/>\n\t\t\t\t\t<\/a>\n\t<\/div>\n\t<div class=\"wpb--card-body\">\n\t\t<span class=\"wpb--card-body-location\">El Paraiso - Estepona Est<\/span>\n\t\t<h2 class=\"wpb--card-title\">\n\t\t\t<a class=\"wpb--stretched-link\" href=\"\/fr\/propriete\/developpement-el-paraiso-golden-hills-24823\">\n\t\t\t\tGolden Hills, appartements et penthouses neufs \u00e0 vendre \u00e0 El Para\u00edso<\/a>\n\t\t<\/h2>\n\t\t<div class=\"wpb--card-price-developments\">\n\t\t\t\tFrom 799.000 &euro; to 1.200.000 &euro;\t\t\t\t<span style=\"margin-top:var(--wp--preset--spaging--10);\" >163-00203G<\/span>\t\t<\/div>\n\t<\/div>\n<\/div>\n<div class=\"wpb--card\">\n\t<div class=\"wpb--aspect-box wpb--panoramic\">\n\t\t<a class=\"wpb--stretched-link\" href=\"\/fr\/propriete\/developpement-bel-air-essence-residences-24521\">\n\t\t\t\t\t\t\t<img decoding=\"async\" class=\"wpb--image-fit\" loading=\"lazy\" src=\"https:\/\/www.nevadomarbella.com\/wp-content\/uploads\/inmoba\/thumb-developments-0.5625-maxwidth-24521.webp\" alt=\"Essence Residences, appartements et penthouses en construction \u00e0 Los Flamingos avec vue mer, sont disponibles \u00e0 la vente\" \/>\n\t\t\t\t\t<\/a>\n\t<\/div>\n\t<div class=\"wpb--card-body\">\n\t\t<span class=\"wpb--card-body-location\">Bel Air - Estepona Est<\/span>\n\t\t<h2 class=\"wpb--card-title\">\n\t\t\t<a class=\"wpb--stretched-link\" href=\"\/fr\/propriete\/developpement-bel-air-essence-residences-24521\">\n\t\t\t\tEssence Residences, appartements et penthouses en construction \u00e0 Los Flamingos avec vue mer, sont disponibles \u00e0 la vente<\/a>\n\t\t<\/h2>\n\t\t<div class=\"wpb--card-price-developments\">\n\t\t\t\tFrom 752.000 &euro; to 1.732.510 &euro;\t\t\t\t<span style=\"margin-top:var(--wp--preset--spaging--10);\" >163-00202G<\/span>\t\t<\/div>\n\t<\/div>\n<\/div>\n<div class=\"wpb--card\">\n\t<div class=\"wpb--aspect-box wpb--panoramic\">\n\t\t<a class=\"wpb--stretched-link\" href=\"\/fr\/propriete\/developpement-elviria-hills-zew-24519\">\n\t\t\t\t\t\t\t<img decoding=\"async\" class=\"wpb--image-fit\" loading=\"lazy\" src=\"https:\/\/www.nevadomarbella.com\/wp-content\/uploads\/inmoba\/thumb-developments-0.5625-maxwidth-24519.webp\" alt=\"Zew, appartements et penthouses sur plan \u00e0 vendre \u00e0 Elviria\" \/>\n\t\t\t\t\t<\/a>\n\t<\/div>\n\t<div class=\"wpb--card-body\">\n\t\t<span class=\"wpb--card-body-location\">Elviria Hills - Marbella Est<\/span>\n\t\t<h2 class=\"wpb--card-title\">\n\t\t\t<a class=\"wpb--stretched-link\" href=\"\/fr\/propriete\/developpement-elviria-hills-zew-24519\">\n\t\t\t\tZew, appartements et penthouses sur plan \u00e0 vendre \u00e0 Elviria<\/a>\n\t\t<\/h2>\n\t\t<div class=\"wpb--card-price-developments\">\n\t\t\t\tFrom 740.000 &euro; to 1.020.000 &euro;\t\t\t\t<span style=\"margin-top:var(--wp--preset--spaging--10);\" >163-00201G<\/span>\t\t<\/div>\n\t<\/div>\n<\/div>\n\t\t<\/div>\r\n\t\t<nav class=\"wpb--pagination\">\n\t<ul>\n\t\t\t\t\t\t\t<li class=\"btn\"><span>1<\/span><\/li>\n\t\t\t\t\t\t\t<li>\n\t\t\t\t\t\t<a title=\"Nouveaux developments \u00e0 vendre \u00e0 Marbella (2)\" href=\"\/fr\/wp-json\/wp\/v2\/pages\/16901?l=fr&f=developments&ipage=2\">\n\t\t\t\t\t\t\t<span>2<\/span>\n\t\t\t\t\t\t<\/a>\n\t\t\t\t\t<\/li>\n\t\t\t\t\t\t\t\t\t<li>\n\t\t\t\t\t\t<a title=\"Nouveaux developments \u00e0 vendre \u00e0 Marbella (3)\" href=\"\/fr\/wp-json\/wp\/v2\/pages\/16901?l=fr&f=developments&ipage=3\">\n\t\t\t\t\t\t\t<span>3<\/span>\n\t\t\t\t\t\t<\/a>\n\t\t\t\t\t<\/li>\n\t\t\t\t\t\t\t\t\t<li>\n\t\t\t\t\t\t<a title=\"Nouveaux developments \u00e0 vendre \u00e0 Marbella (4)\" href=\"\/fr\/wp-json\/wp\/v2\/pages\/16901?l=fr&f=developments&ipage=4\">\n\t\t\t\t\t\t\t<span>4<\/span>\n\t\t\t\t\t\t<\/a>\n\t\t\t\t\t<\/li>\n\t\t\t\t\t\t\t\t<li>\n\t\t\t\t\t<a title=\"Nouveaux developments \u00e0 vendre \u00e0 Marbella (2)\" href=\"\/fr\/wp-json\/wp\/v2\/pages\/16901?l=fr&f=developments&ipage=2\">\n\t\t\t\t\t&rsaquo;\n\t\t\t\t\t<\/a>\n\t\t\t\t<\/li>\n\t\t\t\t\t\t\t<li>\n\t\t\t\t\t<a title=\"Nouveaux developments \u00e0 vendre \u00e0 Marbella (5)\" href=\"\/fr\/wp-json\/wp\/v2\/pages\/16901?l=fr&f=developments&ipage=5\">\n\t\t\t\t\t&raquo;\n\t\t\t\t\t<\/a>\n\t\t\t\t<\/li>\n\t\t\t\t<\/ul>\n<\/nav>\t\n\t\t<div class=\"wpb--advert\">\r\n\t\t\t<a style=\"color: var(--wp--preset--color--contrast-2)\" href=\"https:\/\/www.inmobalia.com\/\" class=\"wpb--advert-link\" target=\"_blank\" rel=\"noopenner noopener\">Pris en charge par Inmobalia CRM<\/a>\r\n\t\t<\/div>\r\n\t<\/div>\r\n<script>\r\n\t(function($) {\r\n\t\t$(document).ready(function() {\r\n\t\t\t$(\"#searchform\").searchForm({\"id\":\"search\",\"data\":[{\"id\":\"c24\",\"name\":\"Marbella\",\"nametrans\":\"Marbella\",\"parent\":7},{\"id\":\"c4\",\"name\":\"Benahavis\",\"nametrans\":\"Benahavis\",\"parent\":7},{\"id\":\"c11\",\"name\":\"Estepona\",\"nametrans\":\"Estepona\",\"parent\":7},{\"id\":\"c26\",\"name\":\"Mijas Costa\",\"nametrans\":\"Mijas Costa\",\"parent\":7},{\"id\":\"c9\",\"name\":\"Casares\",\"nametrans\":\"Casares\",\"parent\":7},{\"id\":\"c21\",\"name\":\"Malaga\",\"nametrans\":\"Malaga\",\"parent\":7},{\"id\":\"c22\",\"name\":\"Manilva\",\"nametrans\":\"Manilva\",\"parent\":7},{\"id\":\"c28\",\"name\":\"Ojen\",\"nametrans\":\"Ojen\",\"parent\":7},{\"id\":\"c35\",\"name\":\"San Pedro de Alcantara\",\"nametrans\":\"San Pedro de Alcantara\",\"parent\":7},{\"id\":\"c36\",\"name\":\"Sotogrande\",\"nametrans\":\"Sotogrande\",\"parent\":4},{\"id\":\"a41\",\"name\":\"Marbella Golden Mile\",\"nametrans\":\"Marbella Golden Mile\",\"parent\":24},{\"id\":\"a51\",\"name\":\"Nueva Andalucia\",\"nametrans\":\"Nueva Andalucia\",\"parent\":24},{\"id\":\"a40\",\"name\":\"Marbella Est\",\"nametrans\":\"Marbella Est\",\"parent\":24},{\"id\":\"a1698\",\"name\":\"Altos de La Quinta\",\"nametrans\":\"Altos de La Quinta\",\"parent\":4},{\"id\":\"a1589\",\"name\":\"Casares del Sol - Casares Golf\",\"nametrans\":\"Casares del Sol - Casares Golf\",\"parent\":9},{\"id\":\"a107\",\"name\":\"El Chaparral\",\"nametrans\":\"El Chaparral\",\"parent\":26},{\"id\":\"a134924\",\"name\":\"Estepona Est\",\"nametrans\":\"Estepona Est\",\"parent\":11},{\"id\":\"a134923\",\"name\":\"Estepona Ouest\",\"nametrans\":\"Estepona Ouest\",\"parent\":11},{\"id\":\"a134922\",\"name\":\"Estepona Ville\",\"nametrans\":\"Estepona Ville\",\"parent\":11},{\"id\":\"a120\",\"name\":\"Guadalmina Alta\",\"nametrans\":\"Guadalmina Alta\",\"parent\":35},{\"id\":\"a164\",\"name\":\"La Quinta\",\"nametrans\":\"La Quinta\",\"parent\":4},{\"id\":\"a1\",\"name\":\"Malaga - Centro\",\"nametrans\":\"Malaga - Centro\",\"parent\":21},{\"id\":\"a908\",\"name\":\"Manilva Beach\",\"nametrans\":\"Manilva Beach\",\"parent\":22},{\"id\":\"a1375\",\"name\":\"Mirador del Paraiso\",\"nametrans\":\"Mirador del Paraiso\",\"parent\":4},{\"id\":\"a157\",\"name\":\"Nueva Alcantara\",\"nametrans\":\"Nueva Alcantara\",\"parent\":35},{\"id\":\"a74301\",\"name\":\"Palo Alto\",\"nametrans\":\"Palo Alto\",\"parent\":28},{\"id\":\"a74278\",\"name\":\"Real de La Quinta\",\"nametrans\":\"Real de La Quinta\",\"parent\":4},{\"id\":\"a102\",\"name\":\"Riviera del Sol\",\"nametrans\":\"Riviera del Sol\",\"parent\":26},{\"id\":\"a282\",\"name\":\"S. Pedro Centro\",\"nametrans\":\"S. Pedro Centro\",\"parent\":35},{\"id\":\"a330\",\"name\":\"Sabinillas\",\"nametrans\":\"Sabinillas\",\"parent\":22},{\"id\":\"a364\",\"name\":\"Sotogrande Alto\",\"nametrans\":\"Sotogrande Alto\",\"parent\":36},{\"id\":\"s0\",\"name\":\"All Subareas\"},{\"id\":\"s13102\",\"name\":\"Arroyo de las Ca\\u00f1as\",\"nametrans\":\"Arroyo de las Ca\\u00f1as\",\"parent\":134924},{\"id\":\"s13251\",\"name\":\"Azata Golf\",\"nametrans\":\"Azata Golf\",\"parent\":134923},{\"id\":\"s13110\",\"name\":\"Bel Air\",\"nametrans\":\"Bel Air\",\"parent\":134924},{\"id\":\"s13256\",\"name\":\"Buenas Noches\",\"nametrans\":\"Buenas Noches\",\"parent\":134923},{\"id\":\"s128\",\"name\":\"Cabopino\",\"nametrans\":\"Cabopino\",\"parent\":40},{\"id\":\"s199\",\"name\":\"Cascada de Camojan\",\"nametrans\":\"Cascada de Camojan\",\"parent\":41},{\"id\":\"s13134\",\"name\":\"El Campanario\",\"nametrans\":\"El Campanario\",\"parent\":134924},{\"id\":\"s13137\",\"name\":\"El Paraiso\",\"nametrans\":\"El Paraiso\",\"parent\":134924},{\"id\":\"s83\",\"name\":\"Elviria\",\"nametrans\":\"Elviria\",\"parent\":40},{\"id\":\"s1084\",\"name\":\"Elviria Hills\",\"nametrans\":\"Elviria Hills\",\"parent\":40},{\"id\":\"s13236\",\"name\":\"Estepona Centre\",\"nametrans\":\"Estepona Centre\",\"parent\":134922},{\"id\":\"s14028\",\"name\":\"Finca Cortesin\",\"nametrans\":\"Finca Cortesin\",\"parent\":1589},{\"id\":\"s1760\",\"name\":\"Golden Mile\",\"nametrans\":\"Golden Mile\",\"parent\":41},{\"id\":\"s13162\",\"name\":\"La Resina Golf\",\"nametrans\":\"La Resina Golf\",\"parent\":134924},{\"id\":\"s71\",\"name\":\"Las Chapas\",\"nametrans\":\"Las Chapas\",\"parent\":40},{\"id\":\"s651\",\"name\":\"Las Lomas de Nueva Andalucia\",\"nametrans\":\"Las Lomas de Nueva Andalucia\",\"parent\":51},{\"id\":\"s624\",\"name\":\"Las Lomas del Marbella Club\",\"nametrans\":\"Las Lomas del Marbella Club\",\"parent\":41},{\"id\":\"s754\",\"name\":\"Los Altos de los Monteros\",\"nametrans\":\"Los Altos de los Monteros\",\"parent\":40},{\"id\":\"s52\",\"name\":\"Rio Real\",\"nametrans\":\"Rio Real\",\"parent\":40},{\"id\":\"s74\",\"name\":\"Santa Clara\",\"nametrans\":\"Santa Clara\",\"parent\":40},{\"id\":\"s12992\",\"name\":\"Valderrama Golf\",\"nametrans\":\"Valderrama Golf\",\"parent\":364},{\"id\":\"t3\",\"name\":\"Appartement Terrasse\",\"nametrans\":\"Appartement Terrasse\"}],\"hiddenName\":\"c\",\"initialValue\":\"\"});\r\n\t\t});\r\n\t}(jQuery));\r\n<\/script>\n","protected":false},"excerpt":{"rendered":"","protected":false},"author":1,"featured_media":0,"parent":0,"menu_order":2,"comment_status":"closed","ping_status":"closed","template":"","meta":{"_acf_changed":false,"footnotes":""},"class_list":["post-16901","page","type-page","status-publish","hentry"],"acf":[],"_links":{"self":[{"href":"https:\/\/www.nevadomarbella.com\/fr\/wp-json\/wp\/v2\/pages\/16901","targetHints":{"allow":["GET"]}}],"collection":[{"href":"https:\/\/www.nevadomarbella.com\/fr\/wp-json\/wp\/v2\/pages"}],"about":[{"href":"https:\/\/www.nevadomarbella.com\/fr\/wp-json\/wp\/v2\/types\/page"}],"author":[{"embeddable":true,"href":"https:\/\/www.nevadomarbella.com\/fr\/wp-json\/wp\/v2\/users\/1"}],"replies":[{"embeddable":true,"href":"https:\/\/www.nevadomarbella.com\/fr\/wp-json\/wp\/v2\/comments?post=16901"}],"version-history":[{"count":1,"href":"https:\/\/www.nevadomarbella.com\/fr\/wp-json\/wp\/v2\/pages\/16901\/revisions"}],"predecessor-version":[{"id":20216,"href":"https:\/\/www.nevadomarbella.com\/fr\/wp-json\/wp\/v2\/pages\/16901\/revisions\/20216"}],"wp:attachment":[{"href":"https:\/\/www.nevadomarbella.com\/fr\/wp-json\/wp\/v2\/media?parent=16901"}],"curies":[{"name":"wp","href":"https:\/\/api.w.org\/{rel}","templated":true}]}}