{"id":16837,"date":"2013-10-03T17:09:37","date_gmt":"2013-10-03T15:09:00","guid":{"rendered":"https:\/\/www.nevadomarbella.com\/sell-a-property-in-marbella"},"modified":"2025-01-22T16:06:11","modified_gmt":"2025-01-22T15:06:11","slug":"vendre-propriete-a-marbella","status":"publish","type":"page","link":"https:\/\/www.nevadomarbella.com\/fr\/vendre-propriete-a-marbella","title":{"rendered":"Vendre une propri\u00e9t\u00e9 \u00e0 Marbella"},"content":{"rendered":"\n<div class=\"wp-block-cover is-light has-custom-content-position is-position-bottom-center\"><span aria-hidden=\"true\" class=\"wp-block-cover__background has-contrast-2-background-color has-background-dim-30 has-background-dim\"><\/span><img decoding=\"async\" width=\"1920\" height=\"607\" class=\"wp-block-cover__image-background wp-image-19573\" alt=\"photo Nevado Realty team\" src=\"https:\/\/www.nevadomarbella.com\/wp-content\/uploads\/2025\/01\/foto-equipo-nevado-realty.webp\" data-object-fit=\"cover\"\/><div class=\"wp-block-cover__inner-container has-global-padding is-layout-constrained wp-block-cover-is-layout-constrained\">\n<p class=\"has-text-align-center has-base-color has-text-color has-link-color has-heading-font-family has-x-large-font-size wp-elements-41586993ccf2fbfa0957577c04a2bda1\" style=\"letter-spacing:2px;text-transform:uppercase\">OBTENEZ VOTRE <strong>\u00c9VALUATION GRATUITE<\/strong> MAINTENANT<\/p>\n\n\n\n<div class=\"wp-block-buttons is-content-justification-center is-layout-flex wp-container-core-buttons-is-layout-5e8e0b33 wp-block-buttons-is-layout-flex\" style=\"margin-bottom:var(--wp--preset--spacing--30)\">\n<div class=\"wp-block-button\"><a class=\"wp-block-button__link wp-element-button\" href=\"#sell-with-us\">VENDEZ AVEC NOUS<\/a><\/div>\n<\/div>\n<\/div><\/div>\n\n\n\n<div class=\"wp-block-group jaleo--container-75-center has-global-padding is-layout-constrained wp-block-group-is-layout-constrained\">\n<section class=\"wp-block-group alignfull jaleo-herobox-group wide right has-shell-background-color has-background has-global-padding is-layout-constrained wp-container-core-group-is-layout-2697b506 wp-block-group-is-layout-constrained\" style=\"margin-top:var(--wp--preset--spacing--30);margin-bottom:var(--wp--preset--spacing--30);padding-right:0;padding-left:0\">\n<div class=\"wp-block-columns alignwide are-vertically-aligned-center jaleo-herobox-columns is-layout-flex wp-container-core-columns-is-layout-2e289adc wp-block-columns-is-layout-flex\" style=\"padding-top:0;padding-right:0;padding-bottom:0;padding-left:0\">\n<div class=\"wp-block-column is-vertically-aligned-center jaleo-herobox-content is-layout-flow wp-block-column-is-layout-flow\" style=\"padding-right:0;flex-basis:50%\">\n<div class=\"wp-block-group has-global-padding is-content-justification-right is-layout-constrained wp-container-core-group-is-layout-e524743c wp-block-group-is-layout-constrained\" style=\"margin-top:0;margin-bottom:0;padding-top:0;padding-right:0;padding-left:0\">\n<h1 class=\"wp-block-heading has-text-align-left\" style=\"margin-bottom:var(--wp--preset--spacing--30);font-style:normal;font-weight:400;text-transform:uppercase\">VENDRE UNE PROPRI\u00c9T\u00c9 \u00c0 MARBELLA AVEC <strong>NEVADO REALTY<\/strong><\/h1>\n\n\n\n<p>Au cours de ces 30 ann\u00e9es, nous avons fait de <strong>l&rsquo;excellence notre marque de fabrique<\/strong>. Tout au long de ces trois d\u00e9cennies, nous nous sommes attach\u00e9s \u00e0 comprendre et \u00e0 satisfaire les besoins de nos clients, en leur offrant un <strong>service personnalis\u00e9 qui transforme la recherche d&rsquo;une maison en une exp\u00e9rience unique et agr\u00e9able<\/strong>.<\/p>\n<\/div>\n<\/div>\n\n\n\n<div class=\"wp-block-column is-vertically-aligned-center jaleo-herobox-column is-layout-flow wp-block-column-is-layout-flow\" style=\"flex-basis:50%\">\n<figure class=\"wp-block-image size-full jaleo-herobox-image half-size wp-duotone-unset-1\"><img decoding=\"async\" src=\"https:\/\/www.nevadomarbella.com\/wp-content\/uploads\/2025\/01\/Logotipo-30-anos_DEFF.svg\" alt=\"Logo 30 ans Nevado Realty\" class=\"wp-image-19266\" style=\"aspect-ratio:1;object-fit:contain\"\/><\/figure>\n<\/div>\n<\/div>\n<\/section>\n\n\n\n<div class=\"wp-block-group has-global-padding is-layout-constrained wp-block-group-is-layout-constrained\" style=\"margin-top:var(--wp--preset--spacing--50);margin-bottom:var(--wp--preset--spacing--50)\">\n<div class=\"wp-block-group is-content-justification-space-between is-layout-flex wp-container-core-group-is-layout-2472db08 wp-block-group-is-layout-flex\" style=\"margin-bottom:var(--wp--preset--spacing--40)\">\n<div class=\"wp-block-group is-vertical is-content-justification-stretch is-layout-flex wp-container-core-group-is-layout-ef933e46 wp-block-group-is-layout-flex\">\n<figure class=\"wp-block-image size-full is-resized wp-duotone-duotone-2\"><img decoding=\"async\" src=\"https:\/\/www.nevadomarbella.com\/wp-content\/uploads\/2025\/01\/experiencia.svg\" alt=\"Exp\u00e9rience\" class=\"wp-image-19592\" style=\"object-fit:cover;width:100px;height:100px\"\/><\/figure>\n\n\n\n<p class=\"has-text-align-center\" style=\"margin-top:0\">30 ans<br><strong>d&rsquo;exp\u00e9rience<\/strong><\/p>\n<\/div>\n\n\n\n<div class=\"wp-block-group is-vertical is-content-justification-stretch is-layout-flex wp-container-core-group-is-layout-ef933e46 wp-block-group-is-layout-flex\">\n<figure class=\"wp-block-image size-full is-resized wp-duotone-duotone-2\"><img decoding=\"async\" src=\"https:\/\/www.nevadomarbella.com\/wp-content\/uploads\/2025\/01\/exposicion.svg\" alt=\"Exposition aux m\u00e9dias\" class=\"wp-image-19596\" style=\"object-fit:cover;width:100px;height:100px\"\/><\/figure>\n\n\n\n<p class=\"has-text-align-center\" style=\"margin-top:0\">Une <strong>exposition<\/strong><br><strong>in\u00e9gal\u00e9e<\/strong><\/p>\n<\/div>\n\n\n\n<div class=\"wp-block-group is-vertical is-content-justification-center is-layout-flex wp-container-core-group-is-layout-6329a8f3 wp-block-group-is-layout-flex\">\n<figure class=\"wp-block-image size-full is-resized wp-duotone-duotone-2\"><img decoding=\"async\" src=\"https:\/\/www.nevadomarbella.com\/wp-content\/uploads\/2025\/01\/equipo-de-marketing.svg\" alt=\"L'\u00e9quipe marketing\" class=\"wp-image-19588\" style=\"object-fit:cover;width:100px;height:100px\"\/><\/figure>\n\n\n\n<p class=\"has-text-align-center\" style=\"margin-top:0\"><strong>Marketing<\/strong><br><strong>interne<br><\/strong>\u00e9quipe<\/p>\n<\/div>\n\n\n\n<div class=\"wp-block-group is-vertical is-content-justification-center is-layout-flex wp-container-core-group-is-layout-6329a8f3 wp-block-group-is-layout-flex\">\n<figure class=\"wp-block-image size-full is-resized wp-duotone-duotone-2\"><img decoding=\"async\" src=\"https:\/\/www.nevadomarbella.com\/wp-content\/uploads\/2025\/01\/idiomas.svg\" alt=\"Agents multilingues\" class=\"wp-image-19604\" style=\"object-fit:cover;width:100px;height:100px\"\/><\/figure>\n\n\n\n<p class=\"has-text-align-center\" style=\"margin-top:0\"><strong>Agents<br>multilingues<\/strong><\/p>\n<\/div>\n<\/div>\n\n\n\n<div class=\"wp-block-group is-content-justification-space-between is-layout-flex wp-container-core-group-is-layout-2472db08 wp-block-group-is-layout-flex\" style=\"margin-bottom:var(--wp--preset--spacing--40)\">\n<div class=\"wp-block-group is-vertical is-content-justification-center is-layout-flex wp-container-core-group-is-layout-6329a8f3 wp-block-group-is-layout-flex\">\n<figure class=\"wp-block-image size-full is-resized wp-duotone-duotone-2\"><img decoding=\"async\" src=\"https:\/\/www.nevadomarbella.com\/wp-content\/uploads\/2025\/01\/oficina.svg\" alt=\"Bureau dans le centre de Marbella\" class=\"wp-image-19608\" style=\"object-fit:cover;width:100px;height:100px\"\/><\/figure>\n\n\n\n<p class=\"has-text-align-center\" style=\"margin-top:0\"><strong>Bureau<\/strong><br>dans le <br><strong>centre de<\/strong><br><strong>Marbella<\/strong><\/p>\n<\/div>\n\n\n\n<div class=\"wp-block-group is-vertical is-content-justification-stretch is-layout-flex wp-container-core-group-is-layout-ef933e46 wp-block-group-is-layout-flex\">\n<figure class=\"wp-block-image size-full is-resized wp-duotone-duotone-2\"><img decoding=\"async\" src=\"https:\/\/www.nevadomarbella.com\/wp-content\/uploads\/2025\/01\/valoracion.svg\" alt=\"\u00c9valuation gratuite\" class=\"wp-image-19612\" style=\"object-fit:cover;width:100px;height:100px\"\/><\/figure>\n\n\n\n<p class=\"has-text-align-center\" style=\"margin-top:0\"><strong>\u00c9valuation<\/strong><br>gratuite<\/p>\n<\/div>\n\n\n\n<div class=\"wp-block-group is-vertical is-content-justification-stretch is-layout-flex wp-container-core-group-is-layout-ef933e46 wp-block-group-is-layout-flex\">\n<figure class=\"wp-block-image size-full is-resized wp-duotone-duotone-2\"><img decoding=\"async\" src=\"https:\/\/www.nevadomarbella.com\/wp-content\/uploads\/2025\/01\/ayuda.svg\" alt=\"Un soutien \u00e0 chaque \u00e9tape\" class=\"wp-image-19584\" style=\"object-fit:cover;width:100px;height:100px\"\/><\/figure>\n\n\n\n<p class=\"has-text-align-center\" style=\"margin-top:0\"><strong>Soutien<\/strong> \u00e0<br><strong>chaque \u00e9tape<\/strong><\/p>\n<\/div>\n\n\n\n<div class=\"wp-block-group is-vertical is-content-justification-stretch is-layout-flex wp-container-core-group-is-layout-ef933e46 wp-block-group-is-layout-flex\">\n<figure class=\"wp-block-image size-full is-resized wp-duotone-duotone-2\"><img decoding=\"async\" src=\"https:\/\/www.nevadomarbella.com\/wp-content\/uploads\/2025\/01\/home-staging.svg\" alt=\"Home staging\" class=\"wp-image-19600\" style=\"object-fit:cover;width:100px;height:100px\"\/><\/figure>\n\n\n\n<p class=\"has-text-align-center\" style=\"margin-top:0\">Home<br><strong>staging<\/strong><\/p>\n<\/div>\n<\/div>\n<\/div>\n\n\n\n<section class=\"wp-block-group alignfull jaleo-heroform has-global-padding is-layout-constrained wp-block-group-is-layout-constrained\" style=\"margin-top:var(--wp--preset--spacing--50);margin-bottom:var(--wp--preset--spacing--30)\">\n<div class=\"wp-block-columns alignwide are-vertically-aligned-top is-layout-flex wp-container-core-columns-is-layout-28f84493 wp-block-columns-is-layout-flex\">\n<div class=\"wp-block-column is-vertically-aligned-top has-global-padding is-content-justification-left is-layout-constrained wp-container-core-column-is-layout-12dd3699 wp-block-column-is-layout-constrained\" style=\"flex-basis:50%\">\n<h2 class=\"wp-block-heading has-text-align-left\" id=\"sell-with-us\">parlez-nous de votre bien<\/h2>\n\n\n\n<p style=\"margin-bottom:var(--wp--preset--spacing--30)\">Nous appr\u00e9cions que vous consid\u00e9riez Nevado Realty comme l&rsquo;option id\u00e9ale pour vendre une propri\u00e9t\u00e9 \u00e0 Marbella. Notre \u00e9quipe d&rsquo;experts se consacre \u00e0 offrir un service exceptionnel et \u00e0 optimiser la valeur de votre propri\u00e9t\u00e9.<\/p>\n\n\n\n<p>Pour commencer, veuillez remplir le formulaire \u00e0 droite. Nous disposerons ainsi des informations n\u00e9cessaires pour adapter notre approche et garantir le meilleur r\u00e9sultat possible pour votre vente.<\/p>\n<\/div>\n\n\n\n<div class=\"wp-block-column is-vertically-aligned-top is-layout-flow wp-block-column-is-layout-flow\" style=\"flex-basis:50%\"><div id=\"wpb__style_container\" class=\"wpb__style_container wpb--container\"><form id=\"property_form\" class=\"wpb--property-form\" action=\"localhost\" method=\"POST\" data-contact=\"property_form\" data-lead-sent-ok=\"Votre message a \u00e9t\u00e9 envoy\u00e9.\" data-sitekey=\"6Lcu70ApAAAAALSclGERBvdFXlfg15po4zMqthx0\">\n\t<input type=\"hidden\" name=\"subject\" value=\"Contact \u00e0 partir de la propri\u00e9t\u00e9 \/fr\/wp-json\/wp\/v2\/pages\/16837\" \/>\n\t<input type=\"hidden\" name=\"g-recaptcha-response\" value=\"\" \/>\n\t<input type=\"hidden\" name=\"success\" value=\"\/fr\/thank-you-page\" \/> \n\t\t<input name=\"name\" type=\"text\" autocomplete=\"off\" placeholder=\"Nom complet\" required data-error=\"Nom complet Obligatoire \" \/>\n\t<input name=\"email\" type=\"email\" autocomplete=\"off\" placeholder=\"Adresse \u00e9lectronique \" required data-error=\"Courriel requis\" \/>\n\t<input name=\"intphone\" style=\"width: 100%\" type=\"tel\" autocomplete=\"off\" placeholder=\"T\u00e9l\u00e9phone\" data-error=\"Les num\u00e9ros de t\u00e9l\u00e9phone doivent comporter entre 8 et 20 chiffres.\" \/>\n\t<input name=\"source\" type=\"hidden\" value=\"https:\/\/www.nevadomarbella.com\/fr\/wp-json\/wp\/v2\/pages\/16837\"\/>\n\t\t<input type=\"text\" name=\"location\" placeholder=\"Property Location\"\/>\n\t\t<div class=\"form-sell\">\n\t\t\t<div class=\"select-group\">\n\t\t\t\t<select name=\"beds-select\" id=\"beds-select\">\n\t\t\t\t\t<option value=\"\" selected=\"\">Chambres<\/option>\n\t\t\t\t\t<option value=\"1\">1 lit<\/option>\n\t\t\t\t\t<option value=\"2\">2 chambres<\/option>\n\t\t\t\t\t<option value=\"3\">3 chambres<\/option>\n\t\t\t\t\t<option value=\"4\">4 chambres<\/option>\n\t\t\t\t\t<option value=\"5\">5 chambres<\/option>\n\t\t\t\t\t<option value=\"6\">6 chambres<\/option>\n\t\t\t\t\t<option value=\"7+\">7+ chambres<\/option>\n\t\t\t\t<\/select>\n\t\t\t<\/div>\n\t\t\t<div class=\"select-group\">\n\t\t\t\t<select name=\"baths-select\" id=\"baths-select\">\n\t\t\t\t\t<option value=\"\" selected=\"\">Bains<\/option>\n\t\t\t\t\t<option value=\"1\">1 bath<\/option>\n\t\t\t\t\t<option value=\"2\">2 bains<\/option>\n\t\t\t\t\t<option value=\"3\">3 bains<\/option>\n\t\t\t\t\t<option value=\"4\">4 bains<\/option>\n\t\t\t\t\t<option value=\"5\">5 bains<\/option>\n\t\t\t\t\t<option value=\"6\">6 bains<\/option>\n\t\t\t\t\t<option value=\"7+\">7+<\/option>\n\t\t\t\t<\/select>\n\t\t\t<\/div>\n\n\t\t<\/div>\n\t\t<style>\n\t\t\t.form-sell {\n\t\t\t\tdisplay: grid;\n\t\t\t\tgap: var(--wp--preset--spacing--10);\n\t\t\t\tgrid-template-columns: repeat(2, 1fr);\n\t\t\t\tmargin-bottom: 8px;\n\t\t\t}\n\t\t\t.form-sell label {\n\t\t\t\tfont-size: var(--wp--preset--font-size--small);\n\t\t\t}\n\t\t\t\n\n\t\t\t.vscomp-ele {\n\t\t\t\twidth: 100%;\n\t\t\t\tmax-width: none;\n\t\t\t\tborder: 1px solid #ddd;\n\t\t\t}\n\n\t\t\t.vscomp-ele .vscomp-toggle-button {\n\t\t\t\tborder: 0;\n\t\t\t\tfont-size: var(--wp--preset--font-size--small);\n\t\t\t}\n\t\t\t.iti{\n\t\t\t\tmargin-bottom: 8px;\n\t\t\t}\n\t\t\t.iti__selected-dial-code {\n\t\t\t\tfont-size: var(--wp--preset--font-size--small);\n\t\t\t\tcolor: var(--wp--preset--color--contrast);\n\t\t\t}\n\t\t<\/style>\n\t\t<script>\n\t\t\tdocument.addEventListener(\"DOMContentLoaded\", function(_e) {\n\t\t\t\tdocument.querySelectorAll(\".form-sell select\").forEach(function(item) {\n\t\t\t\t\tVirtualSelect.init({\n\t\t\t\t\t\tele: item,\n\t\t\t\t\t\tsearch: false,\n\t\t\t\t\t\thideClearButton: true\n\t\t\t\t\t});\n\t\t\t\t});\n\t\t\t});\n\t\t<\/script>\n\t\t<textarea name=\"comment\" rows=\"6\" placeholder=\"Saisissez ici les informations relatives \u00e0 votre bien\"><\/textarea>\n\n\t<div class=\"wpb--custom-checkbox\">\n\t\t<input type=\"checkbox\" id=\"property_form-property_form-customCheck1\" name=\"privacy_policy\" required data-error=\"Champ obligatoire\" \/>\n\t\t<label for=\"property_form-property_form-customCheck1\">J'accepte la  <a href=\"https:\/\/www.nevadomarbella.com\/privacy\" target=\"_blank\">Politique de confidentialit\u00e9 <\/a><\/label>\n\t<\/div>\n\t<div class=\"wpb--custom-checkbox\">\n\t\t<input type=\"checkbox\" id=\"property_form-property_form-customCheck2\" name=\"commercial_information\" \/>\n\t\t<label for=\"property_form-property_form-customCheck2\">J'accepte de recevoir des informations par e-mail <\/label>\n\t<\/div>\n\t<button data-ids=\"property_form\" data-lang=\"\" class=\"btn wpb--formbutton g-recaptcha\" type=\"submit\"><span id=\"text-send\">Envoyer<\/span> <span id=\"spinner-send\"><\/span><\/button>\n\t<p id=\"result\" class=\"wpb--form-msg\"><\/p>\n<\/form>\n\t<script src=\"https:\/\/www.google.com\/recaptcha\/api.js?render=6Lcu70ApAAAAALSclGERBvdFXlfg15po4zMqthx0&hl=\"><\/script>\n\t<link rel=\"stylesheet\" href=\"https:\/\/cdn.jsdelivr.net\/npm\/intl-tel-input@23.0.10\/build\/css\/intlTelInput.css\">\n\t<script src=\"https:\/\/cdn.jsdelivr.net\/npm\/intl-tel-input@23.0.10\/build\/js\/intlTelInput.min.js\"><\/script>\n\t<script>\n\t\tconst input = document.querySelectorAll(\"[name=intphone]\");\n\t\tif (input.length) {\n\t\t\tlet initialCountry ;\n\t\t\tconst currentLang = document.querySelector(\"html\").getAttribute(\"lang\").split(\"-\")[0];\n\t\t\tswitch (currentLang) {\n\t\t\t\tcase \"en\" : \n\t\t\t\t\tinitialCountry = \"gb\";\n\t\t\t\t\tbreak;\n\t\t\t\tcase \"es\" : \n\t\t\t\t\tinitialCountry = \"es\";\n\t\t\t\t\tbreak;\n\t\t\t\tcase \"fr\":\n\t\t\t\t\tinitialCountry = \"fr\";\n\t\t\t\t\tbreak;\n\t\t\t\tdefault:\n\t\t\t\t\tinitialCountry = \"es\";\n\t\t\t\t\tbreak;\n\t\t\t}\n\t\t\tinput.forEach(function(item) {\n\t\t\t\twindow.intlTelInput(item, {\n\t\t\t\t\tutilsScript: \"https:\/\/cdn.jsdelivr.net\/npm\/intl-tel-input@23.0.10\/build\/js\/utils.js\",\n\t\t\t\t\tinitialCountry: initialCountry,\n\t\t\t\t\thiddenInput: () => ({ phone: \"phone\", country: \"country_code\" }),\n\t\t\t\t\tcountryOrder: [\"gb\", \"se\", \"es\", \"fr\", \"de\"],\n\t\t\t\t\tnationalMode: false,\n\t\t\t\t\tautoHideDialCode: false,\n\t\t\t\t\texcludeCountries: [\"none\"],\n\t\t\t\t\tseparateDialCode: true\n\t\t\t\t})\n\t\t\t});\n\t\t}\n\t<\/script>\n<\/div>\n<\/div>\n<\/div>\n<\/section>\n<\/div>\n","protected":false},"excerpt":{"rendered":"<p>VENDRE UNE PROPRI\u00c9T\u00c9 \u00c0 MARBELLA AVEC NEVADO REALTY Au cours de ces 30 ann\u00e9es, nous avons fait de l&rsquo;excellence notre marque de fabrique. Tout au long de ces trois d\u00e9cennies, nous nous sommes attach\u00e9s \u00e0 comprendre et \u00e0 satisfaire les besoins de nos clients, en leur offrant un service personnalis\u00e9 qui transforme la recherche d&rsquo;une [&hellip;]<\/p>\n","protected":false},"author":3,"featured_media":0,"parent":0,"menu_order":9,"comment_status":"closed","ping_status":"closed","template":"","meta":{"_acf_changed":false,"footnotes":""},"class_list":["post-16837","page","type-page","status-publish","hentry"],"acf":[],"_links":{"self":[{"href":"https:\/\/www.nevadomarbella.com\/fr\/wp-json\/wp\/v2\/pages\/16837","targetHints":{"allow":["GET"]}}],"collection":[{"href":"https:\/\/www.nevadomarbella.com\/fr\/wp-json\/wp\/v2\/pages"}],"about":[{"href":"https:\/\/www.nevadomarbella.com\/fr\/wp-json\/wp\/v2\/types\/page"}],"author":[{"embeddable":true,"href":"https:\/\/www.nevadomarbella.com\/fr\/wp-json\/wp\/v2\/users\/3"}],"replies":[{"embeddable":true,"href":"https:\/\/www.nevadomarbella.com\/fr\/wp-json\/wp\/v2\/comments?post=16837"}],"version-history":[{"count":1,"href":"https:\/\/www.nevadomarbella.com\/fr\/wp-json\/wp\/v2\/pages\/16837\/revisions"}],"predecessor-version":[{"id":19620,"href":"https:\/\/www.nevadomarbella.com\/fr\/wp-json\/wp\/v2\/pages\/16837\/revisions\/19620"}],"wp:attachment":[{"href":"https:\/\/www.nevadomarbella.com\/fr\/wp-json\/wp\/v2\/media?parent=16837"}],"curies":[{"name":"wp","href":"https:\/\/api.w.org\/{rel}","templated":true}]}}