{"id":19774,"date":"2025-01-30T12:42:18","date_gmt":"2025-01-30T11:42:18","guid":{"rendered":"https:\/\/www.nevadomarbella.com\/?page_id=19774"},"modified":"2025-02-10T12:55:04","modified_gmt":"2025-02-10T11:55:04","slug":"jose-naranjo-marketing-nevado-realty","status":"publish","type":"page","link":"https:\/\/www.nevadomarbella.com\/es\/jose-naranjo-marketing-nevado-realty","title":{"rendered":"Jos\u00e9 Naranjo"},"content":{"rendered":"\n<div class=\"wp-block-group has-global-padding is-layout-constrained wp-block-group-is-layout-constrained\" style=\"margin-top:0\">\n<h1 class=\"wp-block-heading has-text-align-left\" style=\"font-style:normal;font-weight:700\">Jos\u00e9 Naranjo<\/h1>\n<\/div>\n\n\n\n<section class=\"wp-block-group alignfull jaleo-herobox-group wide right has-shell-background-color has-background is-layout-flow wp-block-group-is-layout-flow\" style=\"margin-top:var(--wp--preset--spacing--50);margin-bottom:var(--wp--preset--spacing--60);padding-right:var(--wp--preset--spacing--50);padding-left:var(--wp--preset--spacing--50)\">\n<div class=\"wp-block-columns alignwide are-vertically-aligned-center jaleo-herobox-columns is-layout-flex wp-container-core-columns-is-layout-2e289adc wp-block-columns-is-layout-flex\" style=\"padding-top:0;padding-right:0;padding-bottom:0;padding-left:0\">\n<div class=\"wp-block-column is-vertically-aligned-center jaleo-herobox-column is-layout-flow wp-block-column-is-layout-flow\" style=\"flex-basis:50%\">\n<figure class=\"wp-block-image size-full jaleo-herobox-image wp-duotone-unset-1\" id=\"buyers-guide\"><img decoding=\"async\" width=\"750\" height=\"1000\" src=\"https:\/\/www.nevadomarbella.com\/wp-content\/uploads\/2025\/01\/jose-copia-1.webp\" alt=\"Jos\u00e9 Naranjo, responsable de marketing\" class=\"wp-image-19686\" style=\"aspect-ratio:3\/4;object-fit:contain\"\/><\/figure>\n<\/div>\n\n\n\n<div class=\"wp-block-column is-vertically-aligned-center jaleo-herobox-content is-layout-flow wp-block-column-is-layout-flow\" style=\"padding-right:0;flex-basis:50%\">\n<div class=\"wp-block-group has-global-padding is-content-justification-right is-layout-constrained wp-container-core-group-is-layout-d74be48a wp-block-group-is-layout-constrained\" style=\"margin-top:0;margin-bottom:0;padding-top:0;padding-right:var(--wp--preset--spacing--30);padding-left:var(--wp--preset--spacing--30)\">\n<h3 class=\"wp-block-heading\" style=\"margin-bottom:var(--wp--preset--spacing--40);font-style:normal;font-weight:400;text-transform:uppercase\">\u00abel equilibrio entre La cultura y la tecnolog\u00eda nos ayuda a construir un mundo m\u00e1s innovador y consciente\u00bb<\/h3>\n\n\n\n<p>Jos\u00e9 Naranjo es un apasionado de la tecnolog\u00eda y el marketing, siempre en b\u00fasqueda de las \u00faltimas tendencias para innovar y encontrar nuevas t\u00e9cnicas con las que poder ayudar a mejorar Nevado Realty. <\/p>\n\n\n\n<p>Su amor por la cultura, que abarca desde la literatura y el cine hasta las series y la m\u00fasica, enriquece su perspectiva creativa y profesional.<\/p>\n\n\n\n<p>Le encanta disfrutar de una buena charla en un restaurante en compa\u00f1\u00eda de amigos y familia, valorando esos momentos de conexi\u00f3n genuina. Su mayor alegr\u00eda desde 2024 es su hija, quien ha transformado su vida y le inspira cada d\u00eda para ofrecer su mejor versi\u00f3n.<\/p>\n<\/div>\n<\/div>\n<\/div>\n<\/section>\n","protected":false},"excerpt":{"rendered":"<p>Jos\u00e9 Naranjo \u00abel equilibrio entre La cultura y la tecnolog\u00eda nos ayuda a construir un mundo m\u00e1s innovador y consciente\u00bb Jos\u00e9 Naranjo es un apasionado de la tecnolog\u00eda y el marketing, siempre en b\u00fasqueda de las \u00faltimas tendencias para innovar y encontrar nuevas t\u00e9cnicas con las que poder ayudar a mejorar Nevado Realty. Su amor [&hellip;]<\/p>\n","protected":false},"author":3,"featured_media":0,"parent":0,"menu_order":6,"comment_status":"closed","ping_status":"closed","template":"solid-header","meta":{"_acf_changed":false,"footnotes":""},"class_list":["post-19774","page","type-page","status-publish","hentry"],"acf":[],"_links":{"self":[{"href":"https:\/\/www.nevadomarbella.com\/es\/wp-json\/wp\/v2\/pages\/19774","targetHints":{"allow":["GET"]}}],"collection":[{"href":"https:\/\/www.nevadomarbella.com\/es\/wp-json\/wp\/v2\/pages"}],"about":[{"href":"https:\/\/www.nevadomarbella.com\/es\/wp-json\/wp\/v2\/types\/page"}],"author":[{"embeddable":true,"href":"https:\/\/www.nevadomarbella.com\/es\/wp-json\/wp\/v2\/users\/3"}],"replies":[{"embeddable":true,"href":"https:\/\/www.nevadomarbella.com\/es\/wp-json\/wp\/v2\/comments?post=19774"}],"version-history":[{"count":1,"href":"https:\/\/www.nevadomarbella.com\/es\/wp-json\/wp\/v2\/pages\/19774\/revisions"}],"predecessor-version":[{"id":19934,"href":"https:\/\/www.nevadomarbella.com\/es\/wp-json\/wp\/v2\/pages\/19774\/revisions\/19934"}],"wp:attachment":[{"href":"https:\/\/www.nevadomarbella.com\/es\/wp-json\/wp\/v2\/media?parent=19774"}],"curies":[{"name":"wp","href":"https:\/\/api.w.org\/{rel}","templated":true}]}}