{"id":19770,"date":"2025-01-30T12:39:24","date_gmt":"2025-01-30T11:39:24","guid":{"rendered":"https:\/\/www.nevadomarbella.com\/?page_id=19770"},"modified":"2025-01-30T12:39:25","modified_gmt":"2025-01-30T11:39:25","slug":"silvia-garcia-asistente-direccion-nevado-realty","status":"publish","type":"page","link":"https:\/\/www.nevadomarbella.com\/es\/silvia-garcia-asistente-direccion-nevado-realty","title":{"rendered":"Silvia Garc\u00eda"},"content":{"rendered":"\n<div class=\"wp-block-group has-global-padding is-layout-constrained wp-block-group-is-layout-constrained\" style=\"margin-top:0\">\n<h1 class=\"wp-block-heading has-text-align-left\" style=\"font-style:normal;font-weight:700\">Silvia Garc\u00eda<\/h1>\n<\/div>\n\n\n\n<section class=\"wp-block-group alignfull jaleo-herobox-group wide right has-shell-background-color has-background is-layout-flow wp-block-group-is-layout-flow\" style=\"margin-top:var(--wp--preset--spacing--50);margin-bottom:var(--wp--preset--spacing--60);padding-right:var(--wp--preset--spacing--50);padding-left:var(--wp--preset--spacing--50)\">\n<div class=\"wp-block-columns alignwide are-vertically-aligned-center jaleo-herobox-columns is-layout-flex wp-container-core-columns-is-layout-2e289adc wp-block-columns-is-layout-flex\" style=\"padding-top:0;padding-right:0;padding-bottom:0;padding-left:0\">\n<div class=\"wp-block-column is-vertically-aligned-center jaleo-herobox-column is-layout-flow wp-block-column-is-layout-flow\" style=\"flex-basis:50%\">\n<figure class=\"wp-block-image size-full jaleo-herobox-image wp-duotone-unset-1\" id=\"buyers-guide\"><img decoding=\"async\" width=\"750\" height=\"1000\" src=\"https:\/\/www.nevadomarbella.com\/wp-content\/uploads\/2025\/01\/silvia-copia.webp\" alt=\"Silvia Garc\u00eda, asistente de direcci\u00f3n\" class=\"wp-image-19677\" style=\"aspect-ratio:3\/4;object-fit:contain\"\/><\/figure>\n<\/div>\n\n\n\n<div class=\"wp-block-column is-vertically-aligned-center jaleo-herobox-content is-layout-flow wp-block-column-is-layout-flow\" style=\"padding-right:0;flex-basis:50%\">\n<div class=\"wp-block-group has-global-padding is-content-justification-right is-layout-constrained wp-container-core-group-is-layout-d74be48a wp-block-group-is-layout-constrained\" style=\"margin-top:0;margin-bottom:0;padding-top:0;padding-right:var(--wp--preset--spacing--30);padding-left:var(--wp--preset--spacing--30)\">\n<h2 class=\"wp-block-heading\" style=\"margin-bottom:var(--wp--preset--spacing--40);font-style:normal;font-weight:400;text-transform:uppercase\">\u00abuna sonrisa y una buena actitud pueden resolver cualquier problema\u00bb<\/h2>\n\n\n\n<p>Silvia Garc\u00eda es sin\u00f3nimo de cercan\u00eda y profesionalidad. Con su sonrisa eterna y su actitud siempre positiva, est\u00e1 siempre dispuesta a ayudar y a encontrar soluciones a cualquier desaf\u00edo que se presente. <\/p>\n\n\n\n<p>Su dedicaci\u00f3n y empat\u00eda la convierten en un apoyo muy valioso, asegurando que cada gesti\u00f3n reciba la atenci\u00f3n y el cuidado que merece. Silvia es el ejemplo perfecto de c\u00f3mo una actitud resolutiva puede marcar la diferencia.<\/p>\n<\/div>\n<\/div>\n<\/div>\n<\/section>\n","protected":false},"excerpt":{"rendered":"<p>Silvia Garc\u00eda \u00abuna sonrisa y una buena actitud pueden resolver cualquier problema\u00bb Silvia Garc\u00eda es sin\u00f3nimo de cercan\u00eda y profesionalidad. Con su sonrisa eterna y su actitud siempre positiva, est\u00e1 siempre dispuesta a ayudar y a encontrar soluciones a cualquier desaf\u00edo que se presente. Su dedicaci\u00f3n y empat\u00eda la convierten en un apoyo muy valioso, [&hellip;]<\/p>\n","protected":false},"author":3,"featured_media":0,"parent":0,"menu_order":6,"comment_status":"closed","ping_status":"closed","template":"solid-header","meta":{"_acf_changed":false,"footnotes":""},"class_list":["post-19770","page","type-page","status-publish","hentry"],"acf":[],"_links":{"self":[{"href":"https:\/\/www.nevadomarbella.com\/es\/wp-json\/wp\/v2\/pages\/19770","targetHints":{"allow":["GET"]}}],"collection":[{"href":"https:\/\/www.nevadomarbella.com\/es\/wp-json\/wp\/v2\/pages"}],"about":[{"href":"https:\/\/www.nevadomarbella.com\/es\/wp-json\/wp\/v2\/types\/page"}],"author":[{"embeddable":true,"href":"https:\/\/www.nevadomarbella.com\/es\/wp-json\/wp\/v2\/users\/3"}],"replies":[{"embeddable":true,"href":"https:\/\/www.nevadomarbella.com\/es\/wp-json\/wp\/v2\/comments?post=19770"}],"version-history":[{"count":1,"href":"https:\/\/www.nevadomarbella.com\/es\/wp-json\/wp\/v2\/pages\/19770\/revisions"}],"predecessor-version":[{"id":19773,"href":"https:\/\/www.nevadomarbella.com\/es\/wp-json\/wp\/v2\/pages\/19770\/revisions\/19773"}],"wp:attachment":[{"href":"https:\/\/www.nevadomarbella.com\/es\/wp-json\/wp\/v2\/media?parent=19770"}],"curies":[{"name":"wp","href":"https:\/\/api.w.org\/{rel}","templated":true}]}}