{"id":19745,"date":"2025-01-27T17:46:58","date_gmt":"2025-01-27T16:46:58","guid":{"rendered":"https:\/\/www.nevadomarbella.com\/?page_id=19745"},"modified":"2025-01-27T17:48:02","modified_gmt":"2025-01-27T16:48:02","slug":"loreto-lerones-agente-ventas-nevado-realty","status":"publish","type":"page","link":"https:\/\/www.nevadomarbella.com\/es\/loreto-lerones-agente-ventas-nevado-realty","title":{"rendered":"Loreto Lerones"},"content":{"rendered":"\n<div class=\"wp-block-group has-global-padding is-layout-constrained wp-block-group-is-layout-constrained\" style=\"margin-top:0\">\n<h1 class=\"wp-block-heading has-text-align-left\" style=\"font-style:normal;font-weight:700\">Loreto Lerones<\/h1>\n<\/div>\n\n\n\n<section class=\"wp-block-group alignfull jaleo-herobox-group wide right has-shell-background-color has-background is-layout-flow wp-block-group-is-layout-flow\" style=\"margin-top:var(--wp--preset--spacing--50);margin-bottom:var(--wp--preset--spacing--60);padding-right:var(--wp--preset--spacing--50);padding-left:var(--wp--preset--spacing--50)\">\n<div class=\"wp-block-columns alignwide are-vertically-aligned-center jaleo-herobox-columns is-layout-flex wp-container-core-columns-is-layout-2e289adc wp-block-columns-is-layout-flex\" style=\"padding-top:0;padding-right:0;padding-bottom:0;padding-left:0\">\n<div class=\"wp-block-column is-vertically-aligned-center jaleo-herobox-column is-layout-flow wp-block-column-is-layout-flow\" style=\"flex-basis:50%\">\n<figure class=\"wp-block-image size-full jaleo-herobox-image wp-duotone-unset-1\" id=\"buyers-guide\"><img decoding=\"async\" width=\"750\" height=\"1000\" src=\"https:\/\/www.nevadomarbella.com\/wp-content\/uploads\/2025\/01\/loreto-copia.webp\" alt=\"Loreto Lerones, agente de ventas y alquiler en Nevado Realty\" class=\"wp-image-19661\" style=\"aspect-ratio:3\/4;object-fit:contain\"\/><\/figure>\n<\/div>\n\n\n\n<div class=\"wp-block-column is-vertically-aligned-center jaleo-herobox-content is-layout-flow wp-block-column-is-layout-flow\" style=\"padding-right:0;flex-basis:50%\">\n<div class=\"wp-block-group has-global-padding is-content-justification-right is-layout-constrained wp-container-core-group-is-layout-d74be48a wp-block-group-is-layout-constrained\" style=\"margin-top:0;margin-bottom:0;padding-top:0;padding-right:var(--wp--preset--spacing--30);padding-left:var(--wp--preset--spacing--30)\">\n<h2 class=\"wp-block-heading\" style=\"margin-bottom:var(--wp--preset--spacing--40);font-style:normal;font-weight:400;text-transform:uppercase\">\u00abhacer felices a los clientes me hace feliz a m\u00ed\u00bb<\/h2>\n\n\n\n<p>Licenciada en Publicidad y Relaciones P\u00fablicas por la Universidad de M\u00e1laga, Loreto aplica las t\u00e9cnicas de marketing al sector inmobiliario. <\/p>\n\n\n\n<p>Ella es la \u00faltima incorporaci\u00f3n del equipo de Nevado Realty, aunque su capacidad de trabajo y compromiso han hecho que se convierta en una pieza imprescindible del equipo en un tiempo record. Su sonrisa permanente y su buena actitud alegran el d\u00eda a d\u00eda de la oficina.<\/p>\n\n\n\n<p>\u00abCreo que he encontrado mi trabajo ideal, porque lo que m\u00e1s me gusta es interactuar con los dem\u00e1s, y en esta profesi\u00f3n tengo la oportunidad de relacionarme a diario, algo que me encanta y disfruto. Adem\u00e1s, considero fundamental mantener la cercan\u00eda y el trato humano en cada interacci\u00f3n\u00bb.<\/p>\n<\/div>\n<\/div>\n<\/div>\n<\/section>\n","protected":false},"excerpt":{"rendered":"<p>Loreto Lerones \u00abhacer felices a los clientes me hace feliz a m\u00ed\u00bb Licenciada en Publicidad y Relaciones P\u00fablicas por la Universidad de M\u00e1laga, Loreto aplica las t\u00e9cnicas de marketing al sector inmobiliario. Ella es la \u00faltima incorporaci\u00f3n del equipo de Nevado Realty, aunque su capacidad de trabajo y compromiso han hecho que se convierta en [&hellip;]<\/p>\n","protected":false},"author":3,"featured_media":0,"parent":0,"menu_order":6,"comment_status":"closed","ping_status":"closed","template":"solid-header","meta":{"_acf_changed":false,"footnotes":""},"class_list":["post-19745","page","type-page","status-publish","hentry"],"acf":[],"_links":{"self":[{"href":"https:\/\/www.nevadomarbella.com\/es\/wp-json\/wp\/v2\/pages\/19745","targetHints":{"allow":["GET"]}}],"collection":[{"href":"https:\/\/www.nevadomarbella.com\/es\/wp-json\/wp\/v2\/pages"}],"about":[{"href":"https:\/\/www.nevadomarbella.com\/es\/wp-json\/wp\/v2\/types\/page"}],"author":[{"embeddable":true,"href":"https:\/\/www.nevadomarbella.com\/es\/wp-json\/wp\/v2\/users\/3"}],"replies":[{"embeddable":true,"href":"https:\/\/www.nevadomarbella.com\/es\/wp-json\/wp\/v2\/comments?post=19745"}],"version-history":[{"count":1,"href":"https:\/\/www.nevadomarbella.com\/es\/wp-json\/wp\/v2\/pages\/19745\/revisions"}],"predecessor-version":[{"id":19857,"href":"https:\/\/www.nevadomarbella.com\/es\/wp-json\/wp\/v2\/pages\/19745\/revisions\/19857"}],"wp:attachment":[{"href":"https:\/\/www.nevadomarbella.com\/es\/wp-json\/wp\/v2\/media?parent=19745"}],"curies":[{"name":"wp","href":"https:\/\/api.w.org\/{rel}","templated":true}]}}