{"id":19741,"date":"2025-01-27T17:11:29","date_gmt":"2025-01-27T16:11:29","guid":{"rendered":"https:\/\/www.nevadomarbella.com\/?page_id=19741"},"modified":"2025-01-30T16:02:31","modified_gmt":"2025-01-30T15:02:31","slug":"maria-torres-agente-ventas-nevado-realty","status":"publish","type":"page","link":"https:\/\/www.nevadomarbella.com\/es\/maria-torres-agente-ventas-nevado-realty","title":{"rendered":"Mar\u00eda Torres"},"content":{"rendered":"\n<div class=\"wp-block-group has-global-padding is-layout-constrained wp-block-group-is-layout-constrained\" style=\"margin-top:0\">\n<h1 class=\"wp-block-heading has-text-align-left\" style=\"font-style:normal;font-weight:700\">Mar\u00eda Torres<\/h1>\n<\/div>\n\n\n\n<section class=\"wp-block-group alignfull jaleo-herobox-group wide right has-shell-background-color has-background is-layout-flow wp-block-group-is-layout-flow\" style=\"margin-top:var(--wp--preset--spacing--50);margin-bottom:var(--wp--preset--spacing--60);padding-right:var(--wp--preset--spacing--50);padding-left:var(--wp--preset--spacing--50)\">\n<div class=\"wp-block-columns alignwide are-vertically-aligned-center jaleo-herobox-columns is-layout-flex wp-container-core-columns-is-layout-2e289adc wp-block-columns-is-layout-flex\" style=\"padding-top:0;padding-right:0;padding-bottom:0;padding-left:0\">\n<div class=\"wp-block-column is-vertically-aligned-center jaleo-herobox-column is-layout-flow wp-block-column-is-layout-flow\" style=\"flex-basis:50%\">\n<figure class=\"wp-block-image size-full jaleo-herobox-image wp-duotone-unset-1\" id=\"buyers-guide\"><img decoding=\"async\" width=\"1200\" height=\"1500\" src=\"https:\/\/www.nevadomarbella.com\/wp-content\/uploads\/2025\/01\/maria-torres-agente-ventas-nevado-realty-marbella-copia.webp\" alt=\"\" class=\"wp-image-19836\" style=\"aspect-ratio:3\/4;object-fit:contain\"\/><\/figure>\n<\/div>\n\n\n\n<div class=\"wp-block-column is-vertically-aligned-center jaleo-herobox-content is-layout-flow wp-block-column-is-layout-flow\" style=\"padding-right:0;flex-basis:50%\">\n<div class=\"wp-block-group has-global-padding is-content-justification-right is-layout-constrained wp-container-core-group-is-layout-d74be48a wp-block-group-is-layout-constrained\" style=\"margin-top:0;margin-bottom:0;padding-top:0;padding-right:var(--wp--preset--spacing--30);padding-left:var(--wp--preset--spacing--30)\">\n<h2 class=\"wp-block-heading\" style=\"margin-bottom:var(--wp--preset--spacing--40);font-style:normal;font-weight:400;text-transform:uppercase\">\u00abEl sector inmobiliario me apasiona\u00bb<\/h2>\n\n\n\n<p>Mar\u00eda es la m\u00e1s joven del equipo de Nevado Realty, entusiasta en todas sus tareas y muy proactiva. Su anterior trabajo en un club de golf le dio la experiencia necesaria en el trato con los clientes. Finalmente Mar\u00eda decidi\u00f3 dar el salto al sector inmobiliario, en el que se ha integrado con \u00e9xito, convirti\u00e9ndose de forma fulgurante en un miembro muy importante de Nevado Realty.<\/p>\n\n\n\n<p>La profesionalidad con la que desempe\u00f1a su labor la ha llevado a progresar muy r\u00e1pidamente y ha aprendido a pasos agigantados. Mar\u00eda aporta nuevas ideas para que Nevado Realty siga creciendo con la fuerza de las nuevas generaciones.<\/p>\n\n\n\n<p>Con su gran simpat\u00eda y su dominio de idiomas (adem\u00e1s del espa\u00f1ol, domina el ingl\u00e9s y el franc\u00e9s) atiende a clientes de casi todas las nacionalidades, \u00a1y todos acaban encantados con ella!<\/p>\n<\/div>\n<\/div>\n<\/div>\n<\/section>\n","protected":false},"excerpt":{"rendered":"<p>Mar\u00eda Torres \u00abEl sector inmobiliario me apasiona\u00bb Mar\u00eda es la m\u00e1s joven del equipo de Nevado Realty, entusiasta en todas sus tareas y muy proactiva. Su anterior trabajo en un club de golf le dio la experiencia necesaria en el trato con los clientes. Finalmente Mar\u00eda decidi\u00f3 dar el salto al sector inmobiliario, en el [&hellip;]<\/p>\n","protected":false},"author":3,"featured_media":0,"parent":0,"menu_order":6,"comment_status":"closed","ping_status":"closed","template":"solid-header","meta":{"_acf_changed":false,"footnotes":""},"class_list":["post-19741","page","type-page","status-publish","hentry"],"acf":[],"_links":{"self":[{"href":"https:\/\/www.nevadomarbella.com\/es\/wp-json\/wp\/v2\/pages\/19741","targetHints":{"allow":["GET"]}}],"collection":[{"href":"https:\/\/www.nevadomarbella.com\/es\/wp-json\/wp\/v2\/pages"}],"about":[{"href":"https:\/\/www.nevadomarbella.com\/es\/wp-json\/wp\/v2\/types\/page"}],"author":[{"embeddable":true,"href":"https:\/\/www.nevadomarbella.com\/es\/wp-json\/wp\/v2\/users\/3"}],"replies":[{"embeddable":true,"href":"https:\/\/www.nevadomarbella.com\/es\/wp-json\/wp\/v2\/comments?post=19741"}],"version-history":[{"count":1,"href":"https:\/\/www.nevadomarbella.com\/es\/wp-json\/wp\/v2\/pages\/19741\/revisions"}],"predecessor-version":[{"id":19908,"href":"https:\/\/www.nevadomarbella.com\/es\/wp-json\/wp\/v2\/pages\/19741\/revisions\/19908"}],"wp:attachment":[{"href":"https:\/\/www.nevadomarbella.com\/es\/wp-json\/wp\/v2\/media?parent=19741"}],"curies":[{"name":"wp","href":"https:\/\/api.w.org\/{rel}","templated":true}]}}