{"id":19737,"date":"2025-01-24T17:29:35","date_gmt":"2025-01-24T16:29:35","guid":{"rendered":"https:\/\/www.nevadomarbella.com\/?page_id=19737"},"modified":"2025-01-24T17:29:36","modified_gmt":"2025-01-24T16:29:36","slug":"alicia-lorenzo-agente-ventas-nevado-realty","status":"publish","type":"page","link":"https:\/\/www.nevadomarbella.com\/es\/alicia-lorenzo-agente-ventas-nevado-realty","title":{"rendered":"Alicia Lorenzo"},"content":{"rendered":"\n<div class=\"wp-block-group has-global-padding is-layout-constrained wp-block-group-is-layout-constrained\" style=\"margin-top:0\">\n<h1 class=\"wp-block-heading has-text-align-left\" style=\"font-style:normal;font-weight:700\">Alicia Lorenzo<\/h1>\n<\/div>\n\n\n\n<section class=\"wp-block-group alignfull jaleo-herobox-group wide right has-shell-background-color has-background is-layout-flow wp-block-group-is-layout-flow\" style=\"margin-top:var(--wp--preset--spacing--50);margin-bottom:var(--wp--preset--spacing--60);padding-right:var(--wp--preset--spacing--50);padding-left:var(--wp--preset--spacing--50)\">\n<div class=\"wp-block-columns alignwide are-vertically-aligned-center jaleo-herobox-columns is-layout-flex wp-container-core-columns-is-layout-2e289adc wp-block-columns-is-layout-flex\" style=\"padding-top:0;padding-right:0;padding-bottom:0;padding-left:0\">\n<div class=\"wp-block-column is-vertically-aligned-center jaleo-herobox-column is-layout-flow wp-block-column-is-layout-flow\" style=\"flex-basis:50%\">\n<figure class=\"wp-block-image size-full jaleo-herobox-image wp-duotone-unset-1\" id=\"buyers-guide\"><img decoding=\"async\" width=\"750\" height=\"1000\" src=\"https:\/\/www.nevadomarbella.com\/wp-content\/uploads\/2025\/01\/alicia-copia.webp\" alt=\"Alicia Lorenzo, agente de ventas en Nevado Realty\" class=\"wp-image-19641\" style=\"aspect-ratio:3\/4;object-fit:contain\"\/><\/figure>\n<\/div>\n\n\n\n<div class=\"wp-block-column is-vertically-aligned-center jaleo-herobox-content is-layout-flow wp-block-column-is-layout-flow\" style=\"padding-right:0;flex-basis:50%\">\n<div class=\"wp-block-group has-global-padding is-content-justification-right is-layout-constrained wp-container-core-group-is-layout-d74be48a wp-block-group-is-layout-constrained\" style=\"margin-top:0;margin-bottom:0;padding-top:0;padding-right:var(--wp--preset--spacing--30);padding-left:var(--wp--preset--spacing--30)\">\n<h2 class=\"wp-block-heading\" style=\"margin-bottom:var(--wp--preset--spacing--40);font-style:normal;font-weight:400;text-transform:uppercase\">\u00abexperiencia, elegancia y vocaci\u00f3n de servicio\u00bb<\/h2>\n\n\n\n<p>En Nevado Realty, destaca por ser la profesional inmobiliaria m\u00e1s experimentada. Con m\u00e1s de 30 a\u00f1os de experiencia en el sector del lujo en la Costa del Sol, aunque especializada en el centro de Marbella y la Milla de Oro. Habla espa\u00f1ol, ingl\u00e9s y franc\u00e9s.<\/p>\n\n\n\n<p>\u00abNacida en T\u00e1nger (Marruecos), mi actividad profesional en el sector inmobiliario en Marbella durante m\u00e1s de 30 a\u00f1os me ha dado grandes satisfacciones. Tanto por la oportunidad de conocer a tantas personas como por la experiencia adquirida. Aprecio y valoro estos aspectos, que hacen que cada d\u00eda sea agradable. Vivo en Marbella desde 1984, una ciudad que adoro. Casada y con una maravillosa hija, me gusta disfrutar de los amigos, la familia, viajar y disfrutar de los peque\u00f1os placeres de la vida.\u00bb<\/p>\n<\/div>\n<\/div>\n<\/div>\n<\/section>\n","protected":false},"excerpt":{"rendered":"<p>Alicia Lorenzo \u00abexperiencia, elegancia y vocaci\u00f3n de servicio\u00bb En Nevado Realty, destaca por ser la profesional inmobiliaria m\u00e1s experimentada. Con m\u00e1s de 30 a\u00f1os de experiencia en el sector del lujo en la Costa del Sol, aunque especializada en el centro de Marbella y la Milla de Oro. Habla espa\u00f1ol, ingl\u00e9s y franc\u00e9s. \u00abNacida en [&hellip;]<\/p>\n","protected":false},"author":3,"featured_media":0,"parent":0,"menu_order":6,"comment_status":"closed","ping_status":"closed","template":"solid-header","meta":{"_acf_changed":false,"footnotes":""},"class_list":["post-19737","page","type-page","status-publish","hentry"],"acf":[],"_links":{"self":[{"href":"https:\/\/www.nevadomarbella.com\/es\/wp-json\/wp\/v2\/pages\/19737","targetHints":{"allow":["GET"]}}],"collection":[{"href":"https:\/\/www.nevadomarbella.com\/es\/wp-json\/wp\/v2\/pages"}],"about":[{"href":"https:\/\/www.nevadomarbella.com\/es\/wp-json\/wp\/v2\/types\/page"}],"author":[{"embeddable":true,"href":"https:\/\/www.nevadomarbella.com\/es\/wp-json\/wp\/v2\/users\/3"}],"replies":[{"embeddable":true,"href":"https:\/\/www.nevadomarbella.com\/es\/wp-json\/wp\/v2\/comments?post=19737"}],"version-history":[{"count":1,"href":"https:\/\/www.nevadomarbella.com\/es\/wp-json\/wp\/v2\/pages\/19737\/revisions"}],"predecessor-version":[{"id":19765,"href":"https:\/\/www.nevadomarbella.com\/es\/wp-json\/wp\/v2\/pages\/19737\/revisions\/19765"}],"wp:attachment":[{"href":"https:\/\/www.nevadomarbella.com\/es\/wp-json\/wp\/v2\/media?parent=19737"}],"curies":[{"name":"wp","href":"https:\/\/api.w.org\/{rel}","templated":true}]}}