{"id":19727,"date":"2025-01-24T16:25:35","date_gmt":"2025-01-24T15:25:35","guid":{"rendered":"https:\/\/www.nevadomarbella.com\/?page_id=19727"},"modified":"2025-02-10T12:39:49","modified_gmt":"2025-02-10T11:39:49","slug":"gines-garcia-morillo-ceo-nevado-realty","status":"publish","type":"page","link":"https:\/\/www.nevadomarbella.com\/es\/gines-garcia-morillo-ceo-nevado-realty","title":{"rendered":"Gin\u00e9s Garc\u00eda"},"content":{"rendered":"\n<div class=\"wp-block-group has-global-padding is-layout-constrained wp-block-group-is-layout-constrained\" style=\"margin-top:0\">\n<h1 class=\"wp-block-heading has-text-align-left\" style=\"font-style:normal;font-weight:700\">Gin\u00e9s Garc\u00eda<\/h1>\n<\/div>\n\n\n\n<section class=\"wp-block-group alignfull jaleo-herobox-group wide right has-shell-background-color has-background is-layout-flow wp-block-group-is-layout-flow\" style=\"margin-top:var(--wp--preset--spacing--50);margin-bottom:var(--wp--preset--spacing--60);padding-right:var(--wp--preset--spacing--50);padding-left:var(--wp--preset--spacing--50)\">\n<div class=\"wp-block-columns alignwide are-vertically-aligned-center jaleo-herobox-columns is-layout-flex wp-container-core-columns-is-layout-2e289adc wp-block-columns-is-layout-flex\" style=\"padding-top:0;padding-right:0;padding-bottom:0;padding-left:0\">\n<div class=\"wp-block-column is-vertically-aligned-center jaleo-herobox-column is-layout-flow wp-block-column-is-layout-flow\" style=\"flex-basis:50%\">\n<figure class=\"wp-block-image size-full jaleo-herobox-image wp-duotone-unset-1\" id=\"buyers-guide\"><img decoding=\"async\" width=\"750\" height=\"1000\" src=\"https:\/\/www.nevadomarbella.com\/wp-content\/uploads\/2025\/01\/gines-copia.webp\" alt=\"\" class=\"wp-image-19690\" style=\"aspect-ratio:3\/4;object-fit:cover\"\/><\/figure>\n<\/div>\n\n\n\n<div class=\"wp-block-column is-vertically-aligned-center jaleo-herobox-content is-layout-flow wp-block-column-is-layout-flow\" style=\"padding-right:0;flex-basis:50%\">\n<div class=\"wp-block-group has-global-padding is-content-justification-right is-layout-constrained wp-container-core-group-is-layout-d74be48a wp-block-group-is-layout-constrained\" style=\"margin-top:0;margin-bottom:0;padding-top:0;padding-right:var(--wp--preset--spacing--30);padding-left:var(--wp--preset--spacing--30)\">\n<h2 class=\"wp-block-heading\" style=\"margin-bottom:var(--wp--preset--spacing--40);font-style:normal;font-weight:400;text-transform:uppercase\">\u00abtrabajo, familia, deporte y vida activa son mi motivaci\u00f3n\u00bb<\/h2>\n\n\n\n<p>La vida de Gin\u00e9s Garc\u00eda es un constante movimiento. Con una energ\u00eda envidiable, Gin\u00e9s es un hombre polifac\u00e9tico que, adem\u00e1s de llevar tres d\u00e9cadas dedicado al sector inmobiliario, ha construido su vida alrededor de cuatro pilares fundamentales: el trabajo, la familia, el deporte y una vida activa.<\/p>\n\n\n\n<p>Su pasi\u00f3n no se limita al \u00e1mbito laboral. El deporte, especialmente el tenis, el esqu\u00ed y la navegaci\u00f3n, son parte integral de su d\u00eda a d\u00eda. Estas actividades, adem\u00e1s de mantenerlo en forma, le permiten disfrutar de la naturaleza y desconectar. <\/p>\n\n\n\n<p>Sin embargo, nada le llena m\u00e1s de satisfacci\u00f3n que compartir momentos con sus dos hijos, quienes son su mayor motivaci\u00f3n y raz\u00f3n de ser.<\/p>\n<\/div>\n<\/div>\n<\/div>\n<\/section>\n","protected":false},"excerpt":{"rendered":"<p>Gin\u00e9s Garc\u00eda \u00abtrabajo, familia, deporte y vida activa son mi motivaci\u00f3n\u00bb La vida de Gin\u00e9s Garc\u00eda es un constante movimiento. Con una energ\u00eda envidiable, Gin\u00e9s es un hombre polifac\u00e9tico que, adem\u00e1s de llevar tres d\u00e9cadas dedicado al sector inmobiliario, ha construido su vida alrededor de cuatro pilares fundamentales: el trabajo, la familia, el deporte y [&hellip;]<\/p>\n","protected":false},"author":3,"featured_media":0,"parent":0,"menu_order":6,"comment_status":"closed","ping_status":"closed","template":"solid-header","meta":{"_acf_changed":false,"footnotes":""},"class_list":["post-19727","page","type-page","status-publish","hentry"],"acf":[],"_links":{"self":[{"href":"https:\/\/www.nevadomarbella.com\/es\/wp-json\/wp\/v2\/pages\/19727","targetHints":{"allow":["GET"]}}],"collection":[{"href":"https:\/\/www.nevadomarbella.com\/es\/wp-json\/wp\/v2\/pages"}],"about":[{"href":"https:\/\/www.nevadomarbella.com\/es\/wp-json\/wp\/v2\/types\/page"}],"author":[{"embeddable":true,"href":"https:\/\/www.nevadomarbella.com\/es\/wp-json\/wp\/v2\/users\/3"}],"replies":[{"embeddable":true,"href":"https:\/\/www.nevadomarbella.com\/es\/wp-json\/wp\/v2\/comments?post=19727"}],"version-history":[{"count":1,"href":"https:\/\/www.nevadomarbella.com\/es\/wp-json\/wp\/v2\/pages\/19727\/revisions"}],"predecessor-version":[{"id":19916,"href":"https:\/\/www.nevadomarbella.com\/es\/wp-json\/wp\/v2\/pages\/19727\/revisions\/19916"}],"wp:attachment":[{"href":"https:\/\/www.nevadomarbella.com\/es\/wp-json\/wp\/v2\/media?parent=19727"}],"curies":[{"name":"wp","href":"https:\/\/api.w.org\/{rel}","templated":true}]}}