{"id":16800,"date":"2024-09-13T15:16:18","date_gmt":"2024-09-13T13:16:18","guid":{"rendered":"https:\/\/www.nevadomarbella.com\/?page_id=16800"},"modified":"2025-01-22T16:00:03","modified_gmt":"2025-01-22T15:00:03","slug":"vender-propiedad-en-marbella","status":"publish","type":"page","link":"https:\/\/www.nevadomarbella.com\/es\/vender-propiedad-en-marbella","title":{"rendered":"Vender una propiedad en Marbella"},"content":{"rendered":"\n<div class=\"wp-block-cover is-light has-custom-content-position is-position-bottom-center\"><span aria-hidden=\"true\" class=\"wp-block-cover__background has-contrast-2-background-color has-background-dim-30 has-background-dim\"><\/span><img decoding=\"async\" width=\"1920\" height=\"607\" class=\"wp-block-cover__image-background wp-image-19571\" alt=\"foto equipo Nevado Realty\" src=\"https:\/\/www.nevadomarbella.com\/wp-content\/uploads\/2025\/01\/foto-equipo-nevado-realty.webp\" data-object-fit=\"cover\"\/><div class=\"wp-block-cover__inner-container has-global-padding is-layout-constrained wp-block-cover-is-layout-constrained\">\n<p class=\"has-text-align-center has-base-color has-text-color has-link-color has-heading-font-family has-x-large-font-size wp-elements-551948945cb84806ba528c75ca04e5e9\" style=\"letter-spacing:2px;text-transform:uppercase\">solicite su <strong>valoraci\u00f3n gratuita<\/strong> ahora<\/p>\n\n\n\n<div class=\"wp-block-buttons is-content-justification-center is-layout-flex wp-container-core-buttons-is-layout-5e8e0b33 wp-block-buttons-is-layout-flex\" style=\"margin-bottom:var(--wp--preset--spacing--30)\">\n<div class=\"wp-block-button\"><a class=\"wp-block-button__link wp-element-button\" href=\"#sell-with-us\">venda con nosotros<\/a><\/div>\n<\/div>\n<\/div><\/div>\n\n\n\n<div class=\"wp-block-group jaleo--container-75-center has-global-padding is-layout-constrained wp-block-group-is-layout-constrained\">\n<section class=\"wp-block-group alignfull jaleo-herobox-group wide right has-shell-background-color has-background has-global-padding is-layout-constrained wp-container-core-group-is-layout-2697b506 wp-block-group-is-layout-constrained\" style=\"margin-top:var(--wp--preset--spacing--30);margin-bottom:var(--wp--preset--spacing--30);padding-right:0;padding-left:0\">\n<div class=\"wp-block-columns alignwide are-vertically-aligned-center jaleo-herobox-columns is-layout-flex wp-container-core-columns-is-layout-2e289adc wp-block-columns-is-layout-flex\" style=\"padding-top:0;padding-right:0;padding-bottom:0;padding-left:0\">\n<div class=\"wp-block-column is-vertically-aligned-center jaleo-herobox-content is-layout-flow wp-block-column-is-layout-flow\" style=\"padding-right:0;flex-basis:50%\">\n<div class=\"wp-block-group has-global-padding is-content-justification-right is-layout-constrained wp-container-core-group-is-layout-e524743c wp-block-group-is-layout-constrained\" style=\"margin-top:0;margin-bottom:0;padding-top:0;padding-right:0;padding-left:0\">\n<h1 class=\"wp-block-heading has-text-align-left\" style=\"margin-bottom:var(--wp--preset--spacing--30);font-style:normal;font-weight:400;text-transform:uppercase\">VENDer una propiedad en Marbella CON <strong>nEVADO rEALTY<\/strong><\/h1>\n\n\n\n<p>En estos 30 a\u00f1os hemos hecho de <strong>la excelencia nuestra se\u00f1a de identidad<\/strong>. A lo largo de estas tres d\u00e9cadas, nos hemos dedicado a entender y satisfacer las necesidades de nuestros clientes, ofreciendo un <strong>servicio personalizado que transforma la b\u00fasqueda de vivienda en una experiencia \u00fanica y placentera<\/strong>.<\/p>\n<\/div>\n<\/div>\n\n\n\n<div class=\"wp-block-column is-vertically-aligned-center jaleo-herobox-column is-layout-flow wp-block-column-is-layout-flow\" style=\"flex-basis:50%\">\n<figure class=\"wp-block-image size-full jaleo-herobox-image half-size wp-duotone-unset-1\"><img decoding=\"async\" src=\"https:\/\/www.nevadomarbella.com\/wp-content\/uploads\/2025\/01\/Logotipo-30-anos_DEFF.svg\" alt=\"Logo 30 a\u00f1os Nevado Realty\" class=\"wp-image-19268\" style=\"aspect-ratio:1;object-fit:contain\"\/><\/figure>\n<\/div>\n<\/div>\n<\/section>\n\n\n\n<div class=\"wp-block-group has-global-padding is-layout-constrained wp-block-group-is-layout-constrained\" style=\"margin-top:var(--wp--preset--spacing--50);margin-bottom:var(--wp--preset--spacing--50)\">\n<div class=\"wp-block-group is-content-justification-space-between is-layout-flex wp-container-core-group-is-layout-2472db08 wp-block-group-is-layout-flex\" style=\"margin-bottom:var(--wp--preset--spacing--40)\">\n<div class=\"wp-block-group is-vertical is-content-justification-stretch is-layout-flex wp-container-core-group-is-layout-ef933e46 wp-block-group-is-layout-flex\">\n<figure class=\"wp-block-image size-full is-resized wp-duotone-duotone-2\"><img decoding=\"async\" src=\"https:\/\/www.nevadomarbella.com\/wp-content\/uploads\/2025\/01\/experiencia.svg\" alt=\"Experiencia\" class=\"wp-image-19594\" style=\"object-fit:cover;width:100px;height:100px\"\/><\/figure>\n\n\n\n<p class=\"has-text-align-center\" style=\"margin-top:0\">30 a\u00f1os de<br><strong>experiencia<\/strong><\/p>\n<\/div>\n\n\n\n<div class=\"wp-block-group is-vertical is-content-justification-stretch is-layout-flex wp-container-core-group-is-layout-ef933e46 wp-block-group-is-layout-flex\">\n<figure class=\"wp-block-image size-full is-resized wp-duotone-duotone-2\"><img decoding=\"async\" src=\"https:\/\/www.nevadomarbella.com\/wp-content\/uploads\/2025\/01\/exposicion.svg\" alt=\"Exposici\u00f3n medi\u00e1tica\" class=\"wp-image-19598\" style=\"object-fit:cover;width:100px;height:100px\"\/><\/figure>\n\n\n\n<p class=\"has-text-align-center\" style=\"margin-top:0\"><strong>Exposici\u00f3n<\/strong><br>medi\u00e1tica<\/p>\n<\/div>\n\n\n\n<div class=\"wp-block-group is-vertical is-content-justification-center is-layout-flex wp-container-core-group-is-layout-6329a8f3 wp-block-group-is-layout-flex\">\n<figure class=\"wp-block-image size-full is-resized wp-duotone-duotone-2\"><img decoding=\"async\" src=\"https:\/\/www.nevadomarbella.com\/wp-content\/uploads\/2025\/01\/equipo-de-marketing.svg\" alt=\"Equipo de marketing\" class=\"wp-image-19590\" style=\"object-fit:cover;width:100px;height:100px\"\/><\/figure>\n\n\n\n<p class=\"has-text-align-center\" style=\"margin-top:0\"><strong>Equipo de<br>marketing<\/strong><br>interno<\/p>\n<\/div>\n\n\n\n<div class=\"wp-block-group is-vertical is-content-justification-center is-layout-flex wp-container-core-group-is-layout-6329a8f3 wp-block-group-is-layout-flex\">\n<figure class=\"wp-block-image size-full is-resized wp-duotone-duotone-2\"><img decoding=\"async\" src=\"https:\/\/www.nevadomarbella.com\/wp-content\/uploads\/2025\/01\/idiomas.svg\" alt=\"Agentes multiling\u00fces\" class=\"wp-image-19606\" style=\"object-fit:cover;width:100px;height:100px\"\/><\/figure>\n\n\n\n<p class=\"has-text-align-center\" style=\"margin-top:0\">Agentes<br><strong>multiling\u00fces<\/strong><\/p>\n<\/div>\n<\/div>\n\n\n\n<div class=\"wp-block-group is-content-justification-space-between is-layout-flex wp-container-core-group-is-layout-2472db08 wp-block-group-is-layout-flex\" style=\"margin-bottom:var(--wp--preset--spacing--40)\">\n<div class=\"wp-block-group is-vertical is-content-justification-center is-layout-flex wp-container-core-group-is-layout-6329a8f3 wp-block-group-is-layout-flex\">\n<figure class=\"wp-block-image size-full is-resized wp-duotone-duotone-2\"><img decoding=\"async\" src=\"https:\/\/www.nevadomarbella.com\/wp-content\/uploads\/2025\/01\/oficina.svg\" alt=\"Oficina en Marbella centro\" class=\"wp-image-19610\" style=\"object-fit:cover;width:100px;height:100px\"\/><\/figure>\n\n\n\n<p class=\"has-text-align-center\" style=\"margin-top:0\">Oficina en<br><strong>Marbella <\/strong><br><strong>centro<\/strong><\/p>\n<\/div>\n\n\n\n<div class=\"wp-block-group is-vertical is-content-justification-stretch is-layout-flex wp-container-core-group-is-layout-ef933e46 wp-block-group-is-layout-flex\">\n<figure class=\"wp-block-image size-full is-resized wp-duotone-duotone-2\"><img decoding=\"async\" src=\"https:\/\/www.nevadomarbella.com\/wp-content\/uploads\/2025\/01\/valoracion.svg\" alt=\"Valoraci\u00f3n gratuita\" class=\"wp-image-19614\" style=\"object-fit:cover;width:100px;height:100px\"\/><\/figure>\n\n\n\n<p class=\"has-text-align-center\" style=\"margin-top:0\">Valoraci\u00f3n<br><strong>gratuita<\/strong><\/p>\n<\/div>\n\n\n\n<div class=\"wp-block-group is-vertical is-content-justification-stretch is-layout-flex wp-container-core-group-is-layout-ef933e46 wp-block-group-is-layout-flex\">\n<figure class=\"wp-block-image size-full is-resized wp-duotone-duotone-2\"><img decoding=\"async\" src=\"https:\/\/www.nevadomarbella.com\/wp-content\/uploads\/2025\/01\/ayuda.svg\" alt=\"Apoyo en cada fase\" class=\"wp-image-19586\" style=\"object-fit:cover;width:100px;height:100px\"\/><\/figure>\n\n\n\n<p class=\"has-text-align-center\" style=\"margin-top:0\"><strong>Apoyo<\/strong> en<br>cada fase<\/p>\n<\/div>\n\n\n\n<div class=\"wp-block-group is-vertical is-content-justification-stretch is-layout-flex wp-container-core-group-is-layout-ef933e46 wp-block-group-is-layout-flex\">\n<figure class=\"wp-block-image size-full is-resized wp-duotone-duotone-2\"><img decoding=\"async\" src=\"https:\/\/www.nevadomarbella.com\/wp-content\/uploads\/2025\/01\/home-staging.svg\" alt=\"Home staging\" class=\"wp-image-19602\" style=\"object-fit:cover;width:100px;height:100px\"\/><\/figure>\n\n\n\n<p class=\"has-text-align-center\" style=\"margin-top:0\">Home<br><strong>staging<\/strong><\/p>\n<\/div>\n<\/div>\n<\/div>\n\n\n\n<section class=\"wp-block-group alignfull jaleo-heroform has-global-padding is-layout-constrained wp-block-group-is-layout-constrained\" style=\"margin-top:var(--wp--preset--spacing--50);margin-bottom:var(--wp--preset--spacing--30)\">\n<div class=\"wp-block-columns alignwide are-vertically-aligned-top is-layout-flex wp-container-core-columns-is-layout-28f84493 wp-block-columns-is-layout-flex\">\n<div class=\"wp-block-column is-vertically-aligned-top has-global-padding is-content-justification-left is-layout-constrained wp-container-core-column-is-layout-12dd3699 wp-block-column-is-layout-constrained\" style=\"flex-basis:50%\">\n<h2 class=\"wp-block-heading has-text-align-left\" id=\"sell-with-us\">cu\u00e9ntenos sobre su propiedad<\/h2>\n\n\n\n<p>Le agradecemos que considere Nevado Realty la opci\u00f3n perfecta para vender una propiedad en Marbella. Nuestro equipo de expertos se encargar\u00e1 de ofrecerle un servicio excepcional y optimizar el valor de su propiedad.<\/p>\n\n\n\n<p>Para empezar, por favor rellene el formulario. Esto nos proporcionar\u00e1 la informaci\u00f3n que necesitamos para adaptar nuestro enfoque y asegurar el mejor resultado posible para su venta.<\/p>\n<\/div>\n\n\n\n<div class=\"wp-block-column is-vertically-aligned-top is-layout-flow wp-block-column-is-layout-flow\" style=\"flex-basis:50%\"><div id=\"wpb__style_container\" class=\"wpb__style_container wpb--container\"><form id=\"property_form\" class=\"wpb--property-form\" action=\"localhost\" method=\"POST\" data-contact=\"property_form\" data-lead-sent-ok=\"Su mensaje ha sido enviado.\" data-sitekey=\"6Lcu70ApAAAAALSclGERBvdFXlfg15po4zMqthx0\">\n\t<input type=\"hidden\" name=\"subject\" value=\"Contacto desde Propiedad \/es\/wp-json\/wp\/v2\/pages\/16800\" \/>\n\t<input type=\"hidden\" name=\"g-recaptcha-response\" value=\"\" \/>\n\t<input type=\"hidden\" name=\"success\" value=\"\/es\/pagina-de-gracias\" \/> \n\t\t<input name=\"name\" type=\"text\" autocomplete=\"off\" placeholder=\"Nombre completo\" required data-error=\"Nombre obligatorio\" \/>\n\t<input name=\"email\" type=\"email\" autocomplete=\"off\" placeholder=\"Email\" required data-error=\"Email obligatorio\" \/>\n\t<input name=\"intphone\" style=\"width: 100%\" type=\"tel\" autocomplete=\"off\" placeholder=\"Tel\u00e9fono\" data-error=\"Los n\u00fameros de tel\u00e9fono deben tener entre 8 y 20 d\u00edgitos\" \/>\n\t<input name=\"source\" type=\"hidden\" value=\"https:\/\/www.nevadomarbella.com\/es\/wp-json\/wp\/v2\/pages\/16800\"\/>\n\t\t<input type=\"text\" name=\"location\" placeholder=\"Ubicaci\u00f3n\"\/>\n\t\t<div class=\"form-sell\">\n\t\t\t<div class=\"select-group\">\n\t\t\t\t<select name=\"beds-select\" id=\"beds-select\">\n\t\t\t\t\t<option value=\"\" selected=\"\">Dormitorios<\/option>\n\t\t\t\t\t<option value=\"1\">1 dorm<\/option>\n\t\t\t\t\t<option value=\"2\">2 dorms<\/option>\n\t\t\t\t\t<option value=\"3\">3 dorms<\/option>\n\t\t\t\t\t<option value=\"4\">4 dorms<\/option>\n\t\t\t\t\t<option value=\"5\">5 dorms<\/option>\n\t\t\t\t\t<option value=\"6\">6 dorms<\/option>\n\t\t\t\t\t<option value=\"7+\">7+ dorms<\/option>\n\t\t\t\t<\/select>\n\t\t\t<\/div>\n\t\t\t<div class=\"select-group\">\n\t\t\t\t<select name=\"baths-select\" id=\"baths-select\">\n\t\t\t\t\t<option value=\"\" selected=\"\">Ba\u00f1os<\/option>\n\t\t\t\t\t<option value=\"1\">1 bath<\/option>\n\t\t\t\t\t<option value=\"2\">2 baths<\/option>\n\t\t\t\t\t<option value=\"3\">3 baths<\/option>\n\t\t\t\t\t<option value=\"4\">4 baths<\/option>\n\t\t\t\t\t<option value=\"5\">5 baths<\/option>\n\t\t\t\t\t<option value=\"6\">6 baths<\/option>\n\t\t\t\t\t<option value=\"7+\">7+<\/option>\n\t\t\t\t<\/select>\n\t\t\t<\/div>\n\n\t\t<\/div>\n\t\t<style>\n\t\t\t.form-sell {\n\t\t\t\tdisplay: grid;\n\t\t\t\tgap: var(--wp--preset--spacing--10);\n\t\t\t\tgrid-template-columns: repeat(2, 1fr);\n\t\t\t\tmargin-bottom: 8px;\n\t\t\t}\n\t\t\t.form-sell label {\n\t\t\t\tfont-size: var(--wp--preset--font-size--small);\n\t\t\t}\n\t\t\t\n\n\t\t\t.vscomp-ele {\n\t\t\t\twidth: 100%;\n\t\t\t\tmax-width: none;\n\t\t\t\tborder: 1px solid #ddd;\n\t\t\t}\n\n\t\t\t.vscomp-ele .vscomp-toggle-button {\n\t\t\t\tborder: 0;\n\t\t\t\tfont-size: var(--wp--preset--font-size--small);\n\t\t\t}\n\t\t\t.iti{\n\t\t\t\tmargin-bottom: 8px;\n\t\t\t}\n\t\t\t.iti__selected-dial-code {\n\t\t\t\tfont-size: var(--wp--preset--font-size--small);\n\t\t\t\tcolor: var(--wp--preset--color--contrast);\n\t\t\t}\n\t\t<\/style>\n\t\t<script>\n\t\t\tdocument.addEventListener(\"DOMContentLoaded\", function(_e) {\n\t\t\t\tdocument.querySelectorAll(\".form-sell select\").forEach(function(item) {\n\t\t\t\t\tVirtualSelect.init({\n\t\t\t\t\t\tele: item,\n\t\t\t\t\t\tsearch: false,\n\t\t\t\t\t\thideClearButton: true\n\t\t\t\t\t});\n\t\t\t\t});\n\t\t\t});\n\t\t<\/script>\n\t\t<textarea name=\"comment\" rows=\"6\" placeholder=\"M\u00e1s informaci\u00f3n sobre su propiedad\"><\/textarea>\n\n\t<div class=\"wpb--custom-checkbox\">\n\t\t<input type=\"checkbox\" id=\"property_form-property_form-customCheck1\" name=\"privacy_policy\" required data-error=\"Campo Obligatorio\" \/>\n\t\t<label for=\"property_form-property_form-customCheck1\">Acepto la  <a href=\"https:\/\/www.nevadomarbella.com\/privacy\" target=\"_blank\">Pol\u00edtica de privacidad<\/a><\/label>\n\t<\/div>\n\t<div class=\"wpb--custom-checkbox\">\n\t\t<input type=\"checkbox\" id=\"property_form-property_form-customCheck2\" name=\"commercial_information\" \/>\n\t\t<label for=\"property_form-property_form-customCheck2\">Acepto recibir informaci\u00f3n por email<\/label>\n\t<\/div>\n\t<button data-ids=\"property_form\" data-lang=\"\" class=\"btn wpb--formbutton g-recaptcha\" type=\"submit\"><span id=\"text-send\">Enviar<\/span> <span id=\"spinner-send\"><\/span><\/button>\n\t<p id=\"result\" class=\"wpb--form-msg\"><\/p>\n<\/form>\n\t<script src=\"https:\/\/www.google.com\/recaptcha\/api.js?render=6Lcu70ApAAAAALSclGERBvdFXlfg15po4zMqthx0&hl=\"><\/script>\n\t<link rel=\"stylesheet\" href=\"https:\/\/cdn.jsdelivr.net\/npm\/intl-tel-input@23.0.10\/build\/css\/intlTelInput.css\">\n\t<script src=\"https:\/\/cdn.jsdelivr.net\/npm\/intl-tel-input@23.0.10\/build\/js\/intlTelInput.min.js\"><\/script>\n\t<script>\n\t\tconst input = document.querySelectorAll(\"[name=intphone]\");\n\t\tif (input.length) {\n\t\t\tlet initialCountry ;\n\t\t\tconst currentLang = document.querySelector(\"html\").getAttribute(\"lang\").split(\"-\")[0];\n\t\t\tswitch (currentLang) {\n\t\t\t\tcase \"en\" : \n\t\t\t\t\tinitialCountry = \"gb\";\n\t\t\t\t\tbreak;\n\t\t\t\tcase \"es\" : \n\t\t\t\t\tinitialCountry = \"es\";\n\t\t\t\t\tbreak;\n\t\t\t\tcase \"fr\":\n\t\t\t\t\tinitialCountry = \"fr\";\n\t\t\t\t\tbreak;\n\t\t\t\tdefault:\n\t\t\t\t\tinitialCountry = \"es\";\n\t\t\t\t\tbreak;\n\t\t\t}\n\t\t\tinput.forEach(function(item) {\n\t\t\t\twindow.intlTelInput(item, {\n\t\t\t\t\tutilsScript: \"https:\/\/cdn.jsdelivr.net\/npm\/intl-tel-input@23.0.10\/build\/js\/utils.js\",\n\t\t\t\t\tinitialCountry: initialCountry,\n\t\t\t\t\thiddenInput: () => ({ phone: \"phone\", country: \"country_code\" }),\n\t\t\t\t\tcountryOrder: [\"gb\", \"se\", \"es\", \"fr\", \"de\"],\n\t\t\t\t\tnationalMode: false,\n\t\t\t\t\tautoHideDialCode: false,\n\t\t\t\t\texcludeCountries: [\"none\"],\n\t\t\t\t\tseparateDialCode: true\n\t\t\t\t})\n\t\t\t});\n\t\t}\n\t<\/script>\n<\/div>\n<\/div>\n<\/div>\n<\/section>\n<\/div>\n","protected":false},"excerpt":{"rendered":"<p>VENDer una propiedad en Marbella CON nEVADO rEALTY En estos 30 a\u00f1os hemos hecho de la excelencia nuestra se\u00f1a de identidad. A lo largo de estas tres d\u00e9cadas, nos hemos dedicado a entender y satisfacer las necesidades de nuestros clientes, ofreciendo un servicio personalizado que transforma la b\u00fasqueda de vivienda en una experiencia \u00fanica y [&hellip;]<\/p>\n","protected":false},"author":8,"featured_media":0,"parent":0,"menu_order":9,"comment_status":"closed","ping_status":"closed","template":"","meta":{"_acf_changed":false,"footnotes":""},"class_list":["post-16800","page","type-page","status-publish","hentry"],"acf":[],"_links":{"self":[{"href":"https:\/\/www.nevadomarbella.com\/es\/wp-json\/wp\/v2\/pages\/16800","targetHints":{"allow":["GET"]}}],"collection":[{"href":"https:\/\/www.nevadomarbella.com\/es\/wp-json\/wp\/v2\/pages"}],"about":[{"href":"https:\/\/www.nevadomarbella.com\/es\/wp-json\/wp\/v2\/types\/page"}],"author":[{"embeddable":true,"href":"https:\/\/www.nevadomarbella.com\/es\/wp-json\/wp\/v2\/users\/8"}],"replies":[{"embeddable":true,"href":"https:\/\/www.nevadomarbella.com\/es\/wp-json\/wp\/v2\/comments?post=16800"}],"version-history":[{"count":1,"href":"https:\/\/www.nevadomarbella.com\/es\/wp-json\/wp\/v2\/pages\/16800\/revisions"}],"predecessor-version":[{"id":19617,"href":"https:\/\/www.nevadomarbella.com\/es\/wp-json\/wp\/v2\/pages\/16800\/revisions\/19617"}],"wp:attachment":[{"href":"https:\/\/www.nevadomarbella.com\/es\/wp-json\/wp\/v2\/media?parent=16800"}],"curies":[{"name":"wp","href":"https:\/\/api.w.org\/{rel}","templated":true}]}}