{"id":16590,"date":"2024-09-12T14:54:40","date_gmt":"2024-09-12T12:54:40","guid":{"rendered":"https:\/\/www.nevadomarbella.com\/?page_id=16590"},"modified":"2025-01-23T13:09:24","modified_gmt":"2025-01-23T12:09:24","slug":"guia-inmobiliaria","status":"publish","type":"page","link":"https:\/\/www.nevadomarbella.com\/es\/guia-inmobiliaria","title":{"rendered":"Gu\u00eda inmobiliaria"},"content":{"rendered":"\n<div class=\"wp-block-group has-global-padding is-layout-constrained wp-block-group-is-layout-constrained\" style=\"margin-top:0\">\n<h1 class=\"wp-block-heading has-text-align-left\" style=\"font-style:normal;font-weight:700\">gu\u00eda inmobiliaria<\/h1>\n\n\n\n<p>En Nevado sabemos que <strong>comprar, vender o alquilar<\/strong> una propiedad es una de las <strong>decisiones m\u00e1s importantes<\/strong> que puede tomar. Por eso hemos creado esta gu\u00eda inmobiliaria, que ser\u00e1 su centro de referencia para obtener informaci\u00f3n fiable y experta sobre el sector inmobiliario. Tanto si compra por primera vez, como si es un inversor experimentado o simplemente est\u00e1 explorando sus opciones, nuestras gu\u00edas est\u00e1n dise\u00f1adas para guiarle en cada paso de su viaje inmobiliario. <\/p>\n\n\n\n<p>En nuestra gu\u00eda inmobiliaria ofrecemos ideas sobre la venta, la compra, el alquiler y la comparaci\u00f3n de propiedades. Desde <strong>gu\u00edas completas sobre zonas residenciales <\/strong>hasta <strong>consejos pr\u00e1cticos<\/strong> para preparar su casa para la venta, nuestro objetivo es proporcionarle los conocimientos que necesita para tomar decisiones inteligentes e informadas.<\/p>\n\n\n\n<div class=\"wp-block-buttons is-content-justification-left is-layout-flex wp-container-core-buttons-is-layout-f85521c7 wp-block-buttons-is-layout-flex\" style=\"margin-top:var(--wp--preset--spacing--30);margin-bottom:var(--wp--preset--spacing--30)\">\n<div class=\"wp-block-button is-style-outline is-style-outline--1\"><a class=\"wp-block-button__link wp-element-button\" href=\"\/es\/11729-comprar-una-propiedad-en-espana.html\">Gu\u00eda de compradores<\/a><\/div>\n\n\n\n<div class=\"wp-block-button is-style-outline is-style-outline--2\"><a class=\"wp-block-button__link wp-element-button\" href=\"\/es\/10346-guia-para-vender-propiedad-en-marbella.html\">gu\u00eda de vendedores<\/a><\/div>\n\n\n\n<div class=\"wp-block-button is-style-outline is-style-outline--3\"><a class=\"wp-block-button__link wp-element-button\" href=\"\/es\/12033-gestion-de-alquiler-de-viviendas-en-marbella.html\">gesti\u00f3n del alquiler<\/a><\/div>\n\n\n\n<div class=\"wp-block-button is-style-outline is-style-outline--4\"><a class=\"wp-block-button__link wp-element-button\" href=\"\/es\/cat\/areas-marbella-guia-inmobiliaria\">gu\u00edas de zonas<\/a><\/div>\n\n\n\n<div class=\"wp-block-button is-style-outline is-style-outline--5\"><a class=\"wp-block-button__link wp-element-button\" href=\"\/es\/blog-inmobiliario\">blog<\/a><\/div>\n<\/div>\n<\/div>\n\n\n\n<section class=\"wp-block-group alignfull jaleo-herobox-group wide right has-shell-background-color has-background is-layout-flow wp-block-group-is-layout-flow\" style=\"margin-top:var(--wp--preset--spacing--50);margin-bottom:var(--wp--preset--spacing--60);padding-right:var(--wp--preset--spacing--50);padding-left:var(--wp--preset--spacing--50)\">\n<div class=\"wp-block-columns alignwide are-vertically-aligned-center jaleo-herobox-columns is-layout-flex wp-container-core-columns-is-layout-2e289adc wp-block-columns-is-layout-flex\" style=\"padding-top:0;padding-right:0;padding-bottom:0;padding-left:0\">\n<div class=\"wp-block-column is-vertically-aligned-center jaleo-herobox-column is-layout-flow wp-block-column-is-layout-flow\" style=\"flex-basis:50%\">\n<figure class=\"wp-block-image size-full jaleo-herobox-image wp-duotone-unset-6\" id=\"buyers-guide\"><img decoding=\"async\" width=\"1080\" height=\"1080\" src=\"https:\/\/www.nevadomarbella.com\/wp-content\/uploads\/2025\/01\/pareja-que-compra-propiedad-en-espana.webp\" alt=\"pareja que compra propiedad en Espa\u00f1a\" class=\"wp-image-19494\" style=\"aspect-ratio:1;object-fit:cover\"\/><\/figure>\n<\/div>\n\n\n\n<div class=\"wp-block-column is-vertically-aligned-center jaleo-herobox-content is-layout-flow wp-block-column-is-layout-flow\" style=\"padding-right:0;flex-basis:50%\">\n<div class=\"wp-block-group has-global-padding is-content-justification-right is-layout-constrained wp-container-core-group-is-layout-d74be48a wp-block-group-is-layout-constrained\" style=\"margin-top:0;margin-bottom:0;padding-top:0;padding-right:var(--wp--preset--spacing--30);padding-left:var(--wp--preset--spacing--30)\">\n<h2 class=\"wp-block-heading\" style=\"margin-bottom:var(--wp--preset--spacing--40);font-style:normal;font-weight:400;text-transform:uppercase\">Gu\u00eda de compradores<\/h2>\n\n\n\n<h4 class=\"wp-block-heading\" style=\"margin-bottom:var(--wp--preset--spacing--40);font-style:normal;font-weight:400;text-transform:uppercase\">RECURSO ESENCIAL PARA LA COMPRA INTELIGENTE DE propiedades<\/h4>\n\n\n\n<p>Bienvenido a la gu\u00eda del comprador de Nevado, el <strong>recurso definitivo dise\u00f1ado para ayudarle a navegar por las complejidades de la compra de una propiedad con confianza y facilidad<\/strong>. Tanto si compra por primera vez como si es un inversor con experiencia, nuestra completa gu\u00eda le ofrece las opiniones de expertos, los consejos pr\u00e1cticos y la informaci\u00f3n detallada que necesita para tomar decisiones informadas en el competitivo mercado actual.<\/p>\n\n\n\n<p>Nuestra Gu\u00eda del Comprador cubre cada paso del proceso, desde la comprensi\u00f3n de sus <strong>opciones financieras<\/strong> y la obtenci\u00f3n de una hipoteca hasta la elecci\u00f3n de la <strong>ubicaci\u00f3n adecuada y la negociaci\u00f3n del mejor acuerdo.<\/strong> Desglosamos temas complejos en consejos sencillos y pr\u00e1cticos para que se sienta capacitado en cada etapa del proceso inmobiliario.<\/p>\n\n\n\n<div class=\"wp-block-buttons is-layout-flex wp-block-buttons-is-layout-flex\" style=\"margin-top:var(--wp--preset--spacing--40)\">\n<div class=\"wp-block-button has-custom-font-size is-style-fill has-ultrasmall-font-size\"><a class=\"wp-block-button__link wp-element-button\" href=\"\/es\/11729-comprar-una-propiedad-en-espana.html\">Leer gu\u00eda<\/a><\/div>\n<\/div>\n<\/div>\n<\/div>\n<\/div>\n<\/section>\n\n\n\n<section class=\"wp-block-group alignfull jaleo-herobox-group wide right has-shell-background-color has-background is-layout-flow wp-block-group-is-layout-flow\" style=\"margin-top:var(--wp--preset--spacing--50);margin-bottom:var(--wp--preset--spacing--60);padding-right:var(--wp--preset--spacing--50);padding-left:var(--wp--preset--spacing--50)\">\n<div class=\"wp-block-columns alignwide are-vertically-aligned-center jaleo-herobox-columns is-layout-flex wp-container-core-columns-is-layout-2e289adc wp-block-columns-is-layout-flex\" style=\"padding-top:0;padding-right:0;padding-bottom:0;padding-left:0\">\n<div class=\"wp-block-column is-vertically-aligned-center jaleo-herobox-content is-layout-flow wp-block-column-is-layout-flow\" style=\"padding-right:0;flex-basis:50%\">\n<div class=\"wp-block-group has-global-padding is-content-justification-right is-layout-constrained wp-container-core-group-is-layout-d74be48a wp-block-group-is-layout-constrained\" style=\"margin-top:0;margin-bottom:0;padding-top:0;padding-right:var(--wp--preset--spacing--30);padding-left:var(--wp--preset--spacing--30)\">\n<h2 class=\"wp-block-heading\" style=\"margin-bottom:var(--wp--preset--spacing--40);font-style:normal;font-weight:400;text-transform:uppercase\">Gu\u00eda de vendedores<\/h2>\n\n\n\n<h4 class=\"wp-block-heading\">Recurso esencial para vender con \u00e9xito una propiedad<\/h4>\n\n\n\n<p>El <strong>kit de herramientas definitivo para sumergirse <\/strong>sin problemas <strong>en el proceso de venta<\/strong> de una propiedad. <\/p>\n\n\n\n<p>Nuestra gu\u00eda le ayudar\u00e1 a vender su vivienda r\u00e1pidamente y al mejor precio. Nuestra gu\u00eda para vendedores abarca todos los aspectos del proceso, desde <strong>preparar su vivienda para el mercado y ponerle el precio correcto hasta gestionar las ofertas y cerrar la venta<\/strong>. Le proporcionamos los conocimientos y estrategias que necesita para presentar su propiedad de la mejor manera posible, atraer a compradores serios y alcanzar sus objetivos de venta.<\/p>\n\n\n\n<div class=\"wp-block-buttons is-layout-flex wp-block-buttons-is-layout-flex\" style=\"margin-top:var(--wp--preset--spacing--40)\">\n<div class=\"wp-block-button has-custom-font-size is-style-fill has-ultrasmall-font-size\"><a class=\"wp-block-button__link wp-element-button\" href=\"\/es\/10346-guia-para-vender-propiedad-en-marbella.html\">leer gu\u00eda<\/a><\/div>\n<\/div>\n<\/div>\n<\/div>\n\n\n\n<div class=\"wp-block-column is-vertically-aligned-center jaleo-herobox-column is-layout-flow wp-block-column-is-layout-flow\" style=\"flex-basis:50%\">\n<figure class=\"wp-block-image size-full jaleo-herobox-image wp-duotone-unset-7\" id=\"sellers-guide\"><img decoding=\"async\" width=\"1124\" height=\"1124\" src=\"https:\/\/www.nevadomarbella.com\/wp-content\/uploads\/2025\/01\/atico-don-gonzalo-copia.webp\" alt=\"Atico en primera linea de playa en la mejor zona del paseo maritimo en Marbella centro. lea nuestra guia para vender una propiedad en Marbella.\" class=\"wp-image-19375\" style=\"aspect-ratio:1;object-fit:cover\"\/><\/figure>\n<\/div>\n<\/div>\n<\/section>\n\n\n\n<section class=\"wp-block-group alignfull jaleo-herobox-group wide right has-shell-background-color has-background is-layout-flow wp-block-group-is-layout-flow\" style=\"margin-top:var(--wp--preset--spacing--50);margin-bottom:var(--wp--preset--spacing--60);padding-right:var(--wp--preset--spacing--50);padding-left:var(--wp--preset--spacing--50)\">\n<div class=\"wp-block-columns alignwide are-vertically-aligned-center jaleo-herobox-columns is-layout-flex wp-container-core-columns-is-layout-2e289adc wp-block-columns-is-layout-flex\" style=\"padding-top:0;padding-right:0;padding-bottom:0;padding-left:0\">\n<div class=\"wp-block-column is-vertically-aligned-center jaleo-herobox-column is-layout-flow wp-block-column-is-layout-flow\" style=\"flex-basis:50%\">\n<figure class=\"wp-block-image size-full jaleo-herobox-image wp-duotone-unset-8\" id=\"tenants-guide\"><img decoding=\"async\" width=\"1080\" height=\"1080\" src=\"https:\/\/www.nevadomarbella.com\/wp-content\/uploads\/2025\/01\/property-management-agreement-copia.webp\" alt=\"Gesti\u00f3n de propiedades en Marbella\" class=\"wp-image-19382\" style=\"aspect-ratio:1;object-fit:cover\"\/><\/figure>\n<\/div>\n\n\n\n<div class=\"wp-block-column is-vertically-aligned-center jaleo-herobox-content is-layout-flow wp-block-column-is-layout-flow\" style=\"padding-right:0;flex-basis:50%\">\n<div class=\"wp-block-group has-global-padding is-content-justification-right is-layout-constrained wp-container-core-group-is-layout-d74be48a wp-block-group-is-layout-constrained\" style=\"margin-top:0;margin-bottom:0;padding-top:0;padding-right:var(--wp--preset--spacing--30);padding-left:var(--wp--preset--spacing--30)\">\n<h2 class=\"wp-block-heading\" style=\"margin-bottom:var(--wp--preset--spacing--40);font-style:normal;font-weight:400;text-transform:uppercase\">Gesti\u00f3n de alquiler<\/h2>\n\n\n\n<h4 class=\"wp-block-heading\">RECURSO ESENCIAL PARA UNA GESTI\u00d3N DE ALQUILERES RENTABLE<\/h4>\n\n\n\n<p>\u00bfQuiere <strong>sacar el m\u00e1ximo partido<\/strong> al alquiler de su vivienda? Estamos aqu\u00ed para guiarle en cada paso del camino. En esta secci\u00f3n, compartiremos <strong>consejos de expertos sobre c\u00f3mo optimizar la gesti\u00f3n del alquiler de su propiedad y maximizar sus beneficios<\/strong>. Desde la fijaci\u00f3n del precio de alquiler adecuado y la captaci\u00f3n de inquilinos fiables hasta el mantenimiento eficaz de la propiedad y la planificaci\u00f3n financiera, nuestros conocimientos le ayudar\u00e1n a obtener el m\u00e1ximo rendimiento de su inversi\u00f3n.<\/p>\n\n\n\n<p>Le guiaremos a trav\u00e9s de estrategias probadas para <strong>mejorar el atractivo de su propiedad, maximizar la ocupaci\u00f3n y garantizar una experiencia de alquiler fluida<\/strong> que aumente sus ingresos. Empecemos a liberar todo el potencial de su propiedad en alquiler.<\/p>\n\n\n\n<div class=\"wp-block-buttons is-layout-flex wp-block-buttons-is-layout-flex\" style=\"margin-top:var(--wp--preset--spacing--40)\">\n<div class=\"wp-block-button has-custom-font-size is-style-fill has-ultrasmall-font-size\"><a class=\"wp-block-button__link wp-element-button\" href=\"\/es\/12033-gestion-de-alquiler-de-viviendas-en-marbella.html\">leer gu\u00eda<\/a><\/div>\n<\/div>\n<\/div>\n<\/div>\n<\/div>\n<\/section>\n\n\n\n<section class=\"wp-block-group alignfull jaleo-herobox-group wide right has-shell-background-color has-background is-layout-flow wp-block-group-is-layout-flow\" style=\"margin-top:var(--wp--preset--spacing--50);margin-bottom:var(--wp--preset--spacing--60);padding-right:var(--wp--preset--spacing--50);padding-left:var(--wp--preset--spacing--50)\">\n<div class=\"wp-block-columns alignwide are-vertically-aligned-center jaleo-herobox-columns is-layout-flex wp-container-core-columns-is-layout-2e289adc wp-block-columns-is-layout-flex\" style=\"padding-top:0;padding-right:0;padding-bottom:0;padding-left:0\">\n<div class=\"wp-block-column is-vertically-aligned-center jaleo-herobox-content is-layout-flow wp-block-column-is-layout-flow\" style=\"padding-right:0;flex-basis:50%\">\n<div class=\"wp-block-group has-global-padding is-content-justification-right is-layout-constrained wp-container-core-group-is-layout-d74be48a wp-block-group-is-layout-constrained\" style=\"margin-top:0;margin-bottom:0;padding-top:0;padding-right:var(--wp--preset--spacing--30);padding-left:var(--wp--preset--spacing--30)\">\n<h2 class=\"wp-block-heading\" style=\"margin-bottom:var(--wp--preset--spacing--40);font-style:normal;font-weight:400;text-transform:uppercase\">gu\u00edas de zonas<\/h2>\n\n\n\n<h4 class=\"wp-block-heading\">RECURSO IMPRESCINDIBLE PARA CONOCER EN PROFUNDIDAD ALGUNAS DE LAS ZONAS RESIDENCIALES M\u00c1S COTIZADAS DE MARBELLA<\/h4>\n\n\n\n<p><strong>Elegir la zona adecuada<\/strong> es tan importante como encontrar la casa perfecta, y estamos aqu\u00ed para ayudarle a tomar una decisi\u00f3n informada. Nuestras completas gu\u00edas ofrecen una <strong>visi\u00f3n en profundidad de las mejores zonas residenciales de la ciudad<\/strong>, cubriendo todo lo que necesita saber para realizar una compra bien meditada. <\/p>\n\n\n\n<p>Explore las ventajas de cada barrio, incluidos los <strong>servicios locales, la proximidad a los colegios, la seguridad, las conexiones de transporte y las caracter\u00edsticas del estilo de vida<\/strong> que m\u00e1s le interesan. Tanto si busca una zona familiar, una vida urbana vibrante o un retiro tranquilo.<\/p>\n\n\n\n<div class=\"wp-block-buttons is-layout-flex wp-block-buttons-is-layout-flex\" style=\"margin-top:var(--wp--preset--spacing--40)\">\n<div class=\"wp-block-button has-custom-font-size is-style-fill has-ultrasmall-font-size\"><a class=\"wp-block-button__link wp-element-button\" href=\"\/es\/cat\/areas-marbella-guia-inmobiliaria\">leer gu\u00eda<\/a><\/div>\n<\/div>\n<\/div>\n<\/div>\n\n\n\n<div class=\"wp-block-column is-vertically-aligned-center jaleo-herobox-column is-layout-flow wp-block-column-is-layout-flow\" style=\"flex-basis:50%\">\n<figure class=\"wp-block-image size-full jaleo-herobox-image wp-duotone-unset-9\" id=\"tenants-guide\"><img decoding=\"async\" width=\"1000\" height=\"1000\" src=\"https:\/\/www.nevadomarbella.com\/wp-content\/uploads\/2025\/01\/marbella-centro-vista-desde-el-mar.webp\" alt=\"Marbella centro visto desde el mar\" class=\"wp-image-19405\" style=\"aspect-ratio:1;object-fit:cover\"\/><\/figure>\n<\/div>\n<\/div>\n<\/section>\n\n\n\n<section class=\"wp-block-group alignfull jaleo-herobox-group wide right has-shell-background-color has-background is-layout-flow wp-block-group-is-layout-flow\" style=\"margin-top:var(--wp--preset--spacing--50);margin-bottom:var(--wp--preset--spacing--60);padding-right:var(--wp--preset--spacing--50);padding-left:var(--wp--preset--spacing--50)\">\n<div class=\"wp-block-columns alignwide are-vertically-aligned-center jaleo-herobox-columns is-layout-flex wp-container-core-columns-is-layout-2e289adc wp-block-columns-is-layout-flex\" style=\"padding-top:0;padding-right:0;padding-bottom:0;padding-left:0\">\n<div class=\"wp-block-column is-vertically-aligned-center jaleo-herobox-column is-layout-flow wp-block-column-is-layout-flow\" style=\"flex-basis:50%\">\n<figure class=\"wp-block-image size-full jaleo-herobox-image wp-duotone-unset-10\" id=\"our-blog\"><img decoding=\"async\" width=\"1280\" height=\"1280\" src=\"https:\/\/www.nevadomarbella.com\/wp-content\/uploads\/2025\/01\/puerto-banus-copia.webp\" alt=\"Puerto Ban\u00fas y La Concha, dos iconos de Marbella\" class=\"wp-image-19393\" style=\"aspect-ratio:1;object-fit:cover\"\/><\/figure>\n<\/div>\n\n\n\n<div class=\"wp-block-column is-vertically-aligned-center jaleo-herobox-content is-layout-flow wp-block-column-is-layout-flow\" style=\"padding-right:0;flex-basis:50%\">\n<div class=\"wp-block-group has-global-padding is-content-justification-right is-layout-constrained wp-container-core-group-is-layout-d74be48a wp-block-group-is-layout-constrained\" style=\"margin-top:0;margin-bottom:0;padding-top:0;padding-right:var(--wp--preset--spacing--30);padding-left:var(--wp--preset--spacing--30)\">\n<h2 class=\"wp-block-heading\" style=\"margin-bottom:var(--wp--preset--spacing--40);font-style:normal;font-weight:400;text-transform:uppercase\">nuestro blog<\/h2>\n\n\n\n<h4 class=\"wp-block-heading\">ADEM\u00c1S DE NUESTRO CENTRO DE ASESORAMIENTO INMOBILIARIO PUEDE LEER NUESTRO BLOG<\/h4>\n\n\n\n<p>Sum\u00e9rjase en el Blog de Nevado: su recurso para conocer las <strong>\u00faltimas tendencias, consejos de expertos y valiosos tips<\/strong> sobre todo lo relacionado con el sector inmobiliario. Tanto si est\u00e1 <strong>comprando, vendiendo, alquilando o invirtiendo<\/strong>, nuestro blog est\u00e1 dise\u00f1ado para mantenerle informado e inspirado con contenidos actualizados adaptados a sus necesidades inmobiliarias.<\/p>\n\n\n\n<p>Desde <strong>actualizaciones sobre el mercado y consejos de inversi\u00f3n hasta consejos sobre la presentaci\u00f3n de su vivienda o informaci\u00f3n valiosa sobre los distintos barrios<\/strong>, nuestros art\u00edculos est\u00e1n elaborados por profesionales del sector para ayudarle a tomar decisiones inteligentes e informadas. Explore una amplia gama de temas que le guiar\u00e1n en cada paso de su viaje inmobiliario, asegur\u00e1ndole que se mantiene informado sobre un mercado en constante evoluci\u00f3n. <\/p>\n\n\n\n<p>En el Blog Nevado encontrar\u00e1 los conocimientos, ideas e inspiraci\u00f3n que necesita para alcanzar sus objetivos inmobiliarios.<\/p>\n\n\n\n<div class=\"wp-block-buttons is-layout-flex wp-block-buttons-is-layout-flex\" style=\"margin-top:var(--wp--preset--spacing--40)\">\n<div class=\"wp-block-button has-custom-font-size is-style-fill has-ultrasmall-font-size\"><a class=\"wp-block-button__link wp-element-button\" href=\"\/es\/blog-inmobiliario\">LEA EL  BLOG<\/a><\/div>\n<\/div>\n<\/div>\n<\/div>\n<\/div>\n<\/section>\n\n\n\n<section class=\"wp-block-group alignfull jaleo-heroform is-layout-flow wp-block-group-is-layout-flow\" style=\"margin-bottom:var(--wp--preset--spacing--60);padding-right:var(--wp--preset--spacing--50);padding-left:var(--wp--preset--spacing--50)\">\n<div class=\"wp-block-columns alignwide are-vertically-aligned-center is-layout-flex wp-container-core-columns-is-layout-28f84493 wp-block-columns-is-layout-flex\">\n<div class=\"wp-block-column is-vertically-aligned-center has-global-padding is-layout-constrained wp-block-column-is-layout-constrained\" style=\"flex-basis:50%\">\n<h3 class=\"wp-block-heading has-x-large-font-size\" style=\"margin-bottom:var(--wp--preset--spacing--30)\"><strong>cont\u00e1ctenos<\/strong><\/h3>\n\n\n\n<p>Relleno el formulario y le contactaremos tan pronto como sea posible. \u00a1Estamos deseando conocerle!<\/p>\n\n\n<div id=\"wpb__style_container\" class=\"wpb__style_container wpb--container\"><form id=\"property_form\" class=\"wpb--property-form\" action=\"localhost\" method=\"POST\" data-contact=\"property_form\" data-lead-sent-ok=\"Su mensaje ha sido enviado.\" data-sitekey=\"6Lcu70ApAAAAALSclGERBvdFXlfg15po4zMqthx0\">\n\t<input type=\"hidden\" name=\"subject\" value=\"Contacto desde Propiedad \/es\/wp-json\/wp\/v2\/pages\/16590\" \/>\n\t<input type=\"hidden\" name=\"g-recaptcha-response\" value=\"\" \/>\n\t<input type=\"hidden\" name=\"success\" value=\"\/es\/pagina-de-gracias\" \/> \n\t\t<input name=\"name\" type=\"text\" autocomplete=\"off\" placeholder=\"Nombre completo\" required data-error=\"Nombre obligatorio\" \/>\n\t<input name=\"email\" type=\"email\" autocomplete=\"off\" placeholder=\"Email\" required data-error=\"Email obligatorio\" \/>\n\t<input name=\"intphone\" style=\"width: 100%\" type=\"tel\" autocomplete=\"off\" placeholder=\"Tel\u00e9fono\" data-error=\"Los n\u00fameros de tel\u00e9fono deben tener entre 8 y 20 d\u00edgitos\" \/>\n\t<input name=\"source\" type=\"hidden\" value=\"https:\/\/www.nevadomarbella.com\/es\/wp-json\/wp\/v2\/pages\/16590\"\/>\n\t\t<textarea name=\"comment\" rows=\"6\" placeholder=\"Pregunte lo que desee, estamos para ayudarle\"><\/textarea>\n\n\t<div class=\"wpb--custom-checkbox\">\n\t\t<input type=\"checkbox\" id=\"property_form-property_form-customCheck1\" name=\"privacy_policy\" required data-error=\"Campo Obligatorio\" \/>\n\t\t<label for=\"property_form-property_form-customCheck1\">Acepto la  <a href=\"https:\/\/www.nevadomarbella.com\/privacy\" target=\"_blank\">Pol\u00edtica de privacidad<\/a><\/label>\n\t<\/div>\n\t<div class=\"wpb--custom-checkbox\">\n\t\t<input type=\"checkbox\" id=\"property_form-property_form-customCheck2\" name=\"commercial_information\" \/>\n\t\t<label for=\"property_form-property_form-customCheck2\">Acepto recibir informaci\u00f3n por email<\/label>\n\t<\/div>\n\t<button data-ids=\"property_form\" data-lang=\"\" class=\"btn wpb--formbutton g-recaptcha\" type=\"submit\"><span id=\"text-send\">Enviar<\/span> <span id=\"spinner-send\"><\/span><\/button>\n\t<p id=\"result\" class=\"wpb--form-msg\"><\/p>\n<\/form>\n\t<script src=\"https:\/\/www.google.com\/recaptcha\/api.js?render=6Lcu70ApAAAAALSclGERBvdFXlfg15po4zMqthx0&hl=\"><\/script>\n\t<link rel=\"stylesheet\" href=\"https:\/\/cdn.jsdelivr.net\/npm\/intl-tel-input@23.0.10\/build\/css\/intlTelInput.css\">\n\t<script src=\"https:\/\/cdn.jsdelivr.net\/npm\/intl-tel-input@23.0.10\/build\/js\/intlTelInput.min.js\"><\/script>\n\t<script>\n\t\tconst input = document.querySelectorAll(\"[name=intphone]\");\n\t\tif (input.length) {\n\t\t\tlet initialCountry ;\n\t\t\tconst currentLang = document.querySelector(\"html\").getAttribute(\"lang\").split(\"-\")[0];\n\t\t\tswitch (currentLang) {\n\t\t\t\tcase \"en\" : \n\t\t\t\t\tinitialCountry = \"gb\";\n\t\t\t\t\tbreak;\n\t\t\t\tcase \"es\" : \n\t\t\t\t\tinitialCountry = \"es\";\n\t\t\t\t\tbreak;\n\t\t\t\tcase \"fr\":\n\t\t\t\t\tinitialCountry = \"fr\";\n\t\t\t\t\tbreak;\n\t\t\t\tdefault:\n\t\t\t\t\tinitialCountry = \"es\";\n\t\t\t\t\tbreak;\n\t\t\t}\n\t\t\tinput.forEach(function(item) {\n\t\t\t\twindow.intlTelInput(item, {\n\t\t\t\t\tutilsScript: \"https:\/\/cdn.jsdelivr.net\/npm\/intl-tel-input@23.0.10\/build\/js\/utils.js\",\n\t\t\t\t\tinitialCountry: initialCountry,\n\t\t\t\t\thiddenInput: () => ({ phone: \"phone\", country: \"country_code\" }),\n\t\t\t\t\tcountryOrder: [\"gb\", \"se\", \"es\", \"fr\", \"de\"],\n\t\t\t\t\tnationalMode: false,\n\t\t\t\t\tautoHideDialCode: false,\n\t\t\t\t\texcludeCountries: [\"none\"],\n\t\t\t\t\tseparateDialCode: true\n\t\t\t\t})\n\t\t\t});\n\t\t}\n\t<\/script>\n<\/div>\n<\/div>\n\n\n\n<div class=\"wp-block-column is-vertically-aligned-center has-global-padding is-layout-constrained wp-block-column-is-layout-constrained\" style=\"flex-basis:50%\">\n<figure class=\"wp-block-image size-full is-style-default wp-duotone-unset-11\"><img decoding=\"async\" width=\"1920\" height=\"2560\" src=\"https:\/\/www.nevadomarbella.com\/wp-content\/uploads\/2025\/01\/329-ret-copia.webp\" alt=\"Gin\u00e9s Garc\u00eda, CEO de nevado Realty\" class=\"wp-image-19414\" style=\"aspect-ratio:3\/4;object-fit:cover\"\/><\/figure>\n<\/div>\n<\/div>\n<\/section>\n","protected":false},"excerpt":{"rendered":"<p>gu\u00eda inmobiliaria En Nevado sabemos que comprar, vender o alquilar una propiedad es una de las decisiones m\u00e1s importantes que puede tomar. Por eso hemos creado esta gu\u00eda inmobiliaria, que ser\u00e1 su centro de referencia para obtener informaci\u00f3n fiable y experta sobre el sector inmobiliario. Tanto si compra por primera vez, como si es un [&hellip;]<\/p>\n","protected":false},"author":8,"featured_media":0,"parent":0,"menu_order":6,"comment_status":"closed","ping_status":"closed","template":"solid-header","meta":{"_acf_changed":false,"footnotes":""},"class_list":["post-16590","page","type-page","status-publish","hentry"],"acf":[],"_links":{"self":[{"href":"https:\/\/www.nevadomarbella.com\/es\/wp-json\/wp\/v2\/pages\/16590","targetHints":{"allow":["GET"]}}],"collection":[{"href":"https:\/\/www.nevadomarbella.com\/es\/wp-json\/wp\/v2\/pages"}],"about":[{"href":"https:\/\/www.nevadomarbella.com\/es\/wp-json\/wp\/v2\/types\/page"}],"author":[{"embeddable":true,"href":"https:\/\/www.nevadomarbella.com\/es\/wp-json\/wp\/v2\/users\/8"}],"replies":[{"embeddable":true,"href":"https:\/\/www.nevadomarbella.com\/es\/wp-json\/wp\/v2\/comments?post=16590"}],"version-history":[{"count":1,"href":"https:\/\/www.nevadomarbella.com\/es\/wp-json\/wp\/v2\/pages\/16590\/revisions"}],"predecessor-version":[{"id":19730,"href":"https:\/\/www.nevadomarbella.com\/es\/wp-json\/wp\/v2\/pages\/16590\/revisions\/19730"}],"wp:attachment":[{"href":"https:\/\/www.nevadomarbella.com\/es\/wp-json\/wp\/v2\/media?parent=16590"}],"curies":[{"name":"wp","href":"https:\/\/api.w.org\/{rel}","templated":true}]}}